{"id":80451,"date":"2026-05-05T18:20:08","date_gmt":"2026-05-05T17:20:08","guid":{"rendered":"https:\/\/www.ateti.pt\/loja\/?post_type=product&#038;p=80451"},"modified":"2026-05-05T18:22:24","modified_gmt":"2026-05-05T17:22:24","slug":"cafe-espresso-intenso-int-7-320-capsulas-5x64-capsulas-dolce-gusto","status":"publish","type":"product","link":"https:\/\/www.ateti.pt\/loja\/produto\/cafe-espresso-intenso-int-7-320-capsulas-5x64-capsulas-dolce-gusto\/","title":{"rendered":"Caf\u00e9 Espresso Intenso Int 7 &#8211; 320 c\u00e1psulas (5&#215;64 C\u00e1psulas) Dolce Gusto"},"content":{"rendered":"<p><strong>Caf\u00e9 Espresso Intenso Dolce Gusto<\/strong><\/p>\n<p>Quantidade: 320 c\u00e1psulas<\/p>\n<p><strong>Lista de Ingredientes:<\/strong>\u00a0Caf\u00e9 torrado (ingrediente \u00fanico)<\/p>\n<p><strong>Origem:<\/strong>\u00a0Mat\u00e9ria prima oriunda da Col\u00f4mbia e Vietname<\/p>\n<p>Conservar em local fresco e seco.<\/p>\n<p>Descubra NESCAF\u00c9\u00ae Dolce Gusto\u00ae Espresso Intenso, um expresso, com um toque apimentado e um corpo vivo e suave, coberto com um generoso creme aveludado. O encontro surpreendente do corpo denso do caf\u00e9 Robusta com o sabor frutado do caf\u00e9 Ar\u00e1bica. Os criadores de caf\u00e9, aprimoraram a intensidade do caf\u00e9 Robusta, para destacar as notas subtis dos frutos vermelhos do caf\u00e9 Ar\u00e1bica.<\/p>\n<p>Delicie-se com o saboroso <strong>Caf\u00e9 Espresso Intenso Dolce Gusto <\/strong>no conforto de sua casa, a qualquer hora do dia.<\/p>\n<p>Com o sistema NESCAF\u00c9 Dolce Gusto de m\u00e1quinas, caf\u00e9s e bebidas, pode saborear mais de 20 cria\u00e7\u00f5es de caf\u00e9. Descubra uma sele\u00e7\u00e3o de fortes Ristrettos, Expressos intensos, caf\u00e9s longos e encorpados, Cappuccinos e Latte Machiatos cremosos, ou at\u00e9 mesmo chocolates quentes, ch\u00e1s e bebidas frias.<\/p>\n<p>Pode criar caf\u00e9s de alta qualidade com cremes aveludados devido ao sistema de alta press\u00e3o das m\u00e1quinas de caf\u00e9 NESCAF\u00c9 Dolce Gusto.<\/p>\n<p>Com as c\u00e1psulas hermeticamente seladas que preservam todos os aromas, ir\u00e1 desfrutar de uma deliciosa bebida arom\u00e1tica em cada ch\u00e1vena no conforto de sua casa.<\/p>\n<p>Surpreende-te pelos aromas condimentados e frutados deste expresso de torra m\u00e9dia, criado com Ar\u00e1bica premium da Col\u00f4mbia e Robusta do Vietname. Coberto de um generoso creme aveludado.<\/p>\n<p>Veja mais em\u00a0<a href=\"https:\/\/www.ateti.pt\/loja\/categoria\/cafe-em-capsula\/capsulas-dolce-gusto\/\">Caf\u00e9 em C\u00e1psula<\/a><\/p>\n","protected":false},"excerpt":{"rendered":"<p>0,28\u20ac\/unidade<\/p>\n","protected":false},"featured_media":80452,"comment_status":"closed","ping_status":"closed","template":"","meta":{"_themeisle_gutenberg_block_has_review":false},"product_brand":[],"product_cat":[117,18,138],"product_tag":[593],"woo-feed-brand":[],"class_list":{"0":"post-80451","1":"product","2":"type-product","3":"status-publish","4":"has-post-thumbnail","6":"product_cat-cafe-em-capsula","7":"product_cat-capsulas-dolce-gusto","8":"product_cat-originais-e-compativeis-dg","9":"product_tag-novidades","10":"ts_product_brand-dolce-gusto","12":"first","13":"instock","14":"sale","15":"taxable","16":"shipping-taxable","17":"purchasable","18":"product-type-simple"},"_links":{"self":[{"href":"https:\/\/www.ateti.pt\/loja\/wp-json\/wp\/v2\/product\/80451","targetHints":{"allow":["GET"]}}],"collection":[{"href":"https:\/\/www.ateti.pt\/loja\/wp-json\/wp\/v2\/product"}],"about":[{"href":"https:\/\/www.ateti.pt\/loja\/wp-json\/wp\/v2\/types\/product"}],"replies":[{"embeddable":true,"href":"https:\/\/www.ateti.pt\/loja\/wp-json\/wp\/v2\/comments?post=80451"}],"wp:featuredmedia":[{"embeddable":true,"href":"https:\/\/www.ateti.pt\/loja\/wp-json\/wp\/v2\/media\/80452"}],"wp:attachment":[{"href":"https:\/\/www.ateti.pt\/loja\/wp-json\/wp\/v2\/media?parent=80451"}],"wp:term":[{"taxonomy":"product_brand","embeddable":true,"href":"https:\/\/www.ateti.pt\/loja\/wp-json\/wp\/v2\/product_brand?post=80451"},{"taxonomy":"product_cat","embeddable":true,"href":"https:\/\/www.ateti.pt\/loja\/wp-json\/wp\/v2\/product_cat?post=80451"},{"taxonomy":"product_tag","embeddable":true,"href":"https:\/\/www.ateti.pt\/loja\/wp-json\/wp\/v2\/product_tag?post=80451"},{"taxonomy":"woo-feed-brand","embeddable":true,"href":"https:\/\/www.ateti.pt\/loja\/wp-json\/wp\/v2\/woo-feed-brand?post=80451"}],"curies":[{"name":"wp","href":"https:\/\/api.w.org\/{rel}","templated":true}]}}