{"id":80447,"date":"2026-05-05T18:13:53","date_gmt":"2026-05-05T17:13:53","guid":{"rendered":"https:\/\/www.ateti.pt\/loja\/?post_type=product&#038;p=80447"},"modified":"2026-05-05T18:16:21","modified_gmt":"2026-05-05T17:16:21","slug":"cafe-ristretto-ardenza-int-11-320-capsulas-5x64-capsulas-dolce-gusto","status":"publish","type":"product","link":"https:\/\/www.ateti.pt\/loja\/produto\/cafe-ristretto-ardenza-int-11-320-capsulas-5x64-capsulas-dolce-gusto\/","title":{"rendered":"Caf\u00e9 Ristretto Ardenza Int 11 &#8211; 320 c\u00e1psulas (5&#215;64 C\u00e1psulas) Dolce Gusto"},"content":{"rendered":"<p><strong>C\u00e1psulas de Caf\u00e9 Dolce Gusto Ristretto Ardenza<\/strong><\/p>\n<p>Quantidade: 320 c\u00e1psulas<\/p>\n<p>O novo pack <strong>C\u00e1psulas de Caf\u00e9 Dolce Gusto Ristretto Ardenza<\/strong>\u00a0j\u00e1 est\u00e1 dispon\u00edvel online no <a href=\"http:\/\/www.ateti.pt\/loja\">At\u00e9 ti<\/a><\/p>\n<p><strong>Lista de Ingredientes:<\/strong>\u00a0Caf\u00e9 torrado (ingrediente \u00fanico)<\/p>\n<p><strong>Origem:<\/strong>\u00a0Mat\u00e9ria prima oriunda da Col\u00f4mbia, Eti\u00f3pia e Vietname.<\/p>\n<p>Conservar em local fresco e seco.<\/p>\n<p>Descubra <a href=\"https:\/\/www.ateti.pt\/loja\/categoria\/cafe-em-capsula\/?product_brand=260\">NESCAF\u00c9\u00ae Dolce Gusto\u00ae Ristretto Ardenza<\/a>, um expresso ardente, poderoso e impressionante.<\/p>\n<p>Um caf\u00e9 que resulta numa mistura envolvente de frutos secos doces, notas de alca\u00e7uz e bagas de zimbro com um toque apimentado que perdura no paladar.<br \/>\nSinta-se envolvido no calor deste intenso caf\u00e9 de corpo poderoso e deixe-se cativar pelo toque apimentado libertado pelo seu creme denso e dourado.<\/p>\n<p>De intensidade 11, este \u00e9 um dos caf\u00e9s expressos mais intensos dos blends de caf\u00e9s NESCAF\u00c9\u00ae Dolce Gusto\u00ae. Delicie-se com o saboroso NESCAF\u00c9\u00ae Dolce Gusto\u00ae Ristretto Ardenza no conforto de sua casa, a qualquer hora do dia.<\/p>\n<p>Com o sistema <a href=\"https:\/\/www.ateti.pt\/loja\/categoria\/cafe-em-capsula\/?product_brand=260\">NESCAF\u00c9\u00ae Dolce Gusto\u00ae Ristretto Ardenza<\/a>\u00a0de m\u00e1quinas, caf\u00e9s e bebidas, pode saborear mais de 20 cria\u00e7\u00f5es de caf\u00e9. Descubra uma sele\u00e7\u00e3o de fortes Ristrettos, Expressos intensos, caf\u00e9s longos e encorpados, Cappuccinos e Latte Machiatos cremosos, ou at\u00e9 mesmo chocolates quentes, ch\u00e1s e bebidas frias.<\/p>\n<p>Pode criar caf\u00e9s de alta qualidade com cremes aveludados devido ao sistema de alta press\u00e3o das m\u00e1quinas de caf\u00e9 <a href=\"https:\/\/www.ateti.pt\/loja\/categoria\/cafe-em-capsula\/?product_brand=260\">NESCAF\u00c9\u00ae Dolce Gusto\u00ae<\/a>.<\/p>\n<p>Com as c\u00e1psulas hermeticamente seladas que preservam todos os aromas, ir\u00e1 desfrutar de uma deliciosa bebida arom\u00e1tica em cada ch\u00e1vena no conforto de sua casa.<\/p>\n<p>Faz j\u00e1 as tuas compras online no supermercado online At\u00e9 Ti e recebes as tuas c\u00e1psulas de caf\u00e9 NESCAF\u00c9\u00ae Dolce Gusto\u00ae\u00a0comodamente em casa ou onde estiveres.<\/p>\n<p>V\u00ea mais em C\u00e1psulas de <a href=\"https:\/\/www.ateti.pt\/loja\/categoria\/cafe-em-capsula\/?product_brand=260\">Caf\u00e9\u00a0NESCAF\u00c9\u00ae Dolce Gusto\u00ae<\/a><\/p>\n","protected":false},"excerpt":{"rendered":"<p>0,28\u20ac\/unidade<\/p>\n","protected":false},"featured_media":80448,"comment_status":"closed","ping_status":"closed","template":"","meta":{"_themeisle_gutenberg_block_has_review":false},"product_brand":[],"product_cat":[117,18,138,578],"product_tag":[],"woo-feed-brand":[],"class_list":{"0":"post-80447","1":"product","2":"type-product","3":"status-publish","4":"has-post-thumbnail","6":"product_cat-cafe-em-capsula","7":"product_cat-capsulas-dolce-gusto","8":"product_cat-originais-e-compativeis-dg","9":"product_cat-cafe-grandes-formatos","10":"ts_product_brand-dolce-gusto","12":"first","13":"instock","14":"sale","15":"taxable","16":"shipping-taxable","17":"purchasable","18":"product-type-simple"},"_links":{"self":[{"href":"https:\/\/www.ateti.pt\/loja\/wp-json\/wp\/v2\/product\/80447","targetHints":{"allow":["GET"]}}],"collection":[{"href":"https:\/\/www.ateti.pt\/loja\/wp-json\/wp\/v2\/product"}],"about":[{"href":"https:\/\/www.ateti.pt\/loja\/wp-json\/wp\/v2\/types\/product"}],"replies":[{"embeddable":true,"href":"https:\/\/www.ateti.pt\/loja\/wp-json\/wp\/v2\/comments?post=80447"}],"wp:featuredmedia":[{"embeddable":true,"href":"https:\/\/www.ateti.pt\/loja\/wp-json\/wp\/v2\/media\/80448"}],"wp:attachment":[{"href":"https:\/\/www.ateti.pt\/loja\/wp-json\/wp\/v2\/media?parent=80447"}],"wp:term":[{"taxonomy":"product_brand","embeddable":true,"href":"https:\/\/www.ateti.pt\/loja\/wp-json\/wp\/v2\/product_brand?post=80447"},{"taxonomy":"product_cat","embeddable":true,"href":"https:\/\/www.ateti.pt\/loja\/wp-json\/wp\/v2\/product_cat?post=80447"},{"taxonomy":"product_tag","embeddable":true,"href":"https:\/\/www.ateti.pt\/loja\/wp-json\/wp\/v2\/product_tag?post=80447"},{"taxonomy":"woo-feed-brand","embeddable":true,"href":"https:\/\/www.ateti.pt\/loja\/wp-json\/wp\/v2\/woo-feed-brand?post=80447"}],"curies":[{"name":"wp","href":"https:\/\/api.w.org\/{rel}","templated":true}]}}