{"id":80443,"date":"2026-05-05T17:21:37","date_gmt":"2026-05-05T16:21:37","guid":{"rendered":"https:\/\/www.ateti.pt\/loja\/?post_type=product&#038;p=80443"},"modified":"2026-05-05T17:26:15","modified_gmt":"2026-05-05T16:26:15","slug":"cafe-buondi-int-8-320-capsulas-5x64-capsulas-dolce-gusto","status":"publish","type":"product","link":"https:\/\/www.ateti.pt\/loja\/produto\/cafe-buondi-int-8-320-capsulas-5x64-capsulas-dolce-gusto\/","title":{"rendered":"Caf\u00e9 Buondi Int 8 &#8211; 320 c\u00e1psulas (5&#215;64 C\u00e1psulas) Dolce Gusto"},"content":{"rendered":"<h1><strong>C\u00e1psulas de Caf\u00e9 Dolce Gusto Buondi 64 C\u00e1psulas<\/strong><\/h1>\n<p>Quantidade: 320 c\u00e1psulas<\/p>\n<p>O novo pack <strong>C\u00e1psulas de Caf\u00e9 Dolce Gusto Buondi 64 C\u00e1psulas<\/strong>\u00a0j\u00e1 est\u00e1 dispon\u00edvel online no <a href=\"http:\/\/www.ateti.pt\/loja\">At\u00e9 ti<\/a><\/p>\n<p><strong>Lista de Ingredientes:<\/strong>\u00a0Caf\u00e9 torrado (ingrediente \u00fanico)<\/p>\n<p><strong>Origem:<\/strong> Mat\u00e9ria prima oriunda de Cameroon, Uganda, Col\u00f4mbia, Brasil e Vietname.<\/p>\n<p>Conservar em local fresco e seco.<\/p>\n<p>Descubra <a href=\"https:\/\/www.ateti.pt\/loja\/categoria\/cafe-em-capsula\/?product_brand=260\">NESCAF\u00c9\u00ae Dolce Gusto\u00ae BUONDI\u00ae<\/a>, um expresso com car\u00e1cter, inspirado nos caf\u00e9s portugueses.<\/p>\n<p>Um blend rico e intenso de 3 continentes, selecionado a partir de uma combina\u00e7\u00e3o das quentes Robustas Africanas com o corpo das Robustas do Vietname e os aromas frutados das Ar\u00e1bicas da Col\u00f4mbia. Um expresso com creme dourado envolto num corpo aveludado, com aromas ricos da groselha negra e notas apimentadas.<\/p>\n<p>Delicie-se com o saboroso caf\u00e9 em c\u00e1psula no conforto de sua casa, a qualquer hora do dia.<\/p>\n<p>Com este sistema de m\u00e1quinas, caf\u00e9s e bebidas, pode saborear mais de 20 cria\u00e7\u00f5es de caf\u00e9. Descubra uma sele\u00e7\u00e3o de fortes Ristrettos, Expressos intensos, caf\u00e9s longos e encorpados, Cappuccinos e Latte Machiatos cremosos, ou at\u00e9 mesmo chocolates quentes, ch\u00e1s e bebidas frias.<\/p>\n<p>Experimente o sabor irresist\u00edvel das c\u00e1psulas Buondi Dolce Gusto. Essa combina\u00e7\u00e3o perfeita entre o caf\u00e9 Buondi e o sistema Dolce Gusto proporciona uma experi\u00eancia \u00fanica em cada ch\u00e1vena. Com as c\u00e1psulas Buondi Dolce Gusto, ter\u00e1s acesso a uma variedade de op\u00e7\u00f5es, desde expressos intensos at\u00e9 cappuccinos suaves e cremosos. A praticidade do sistema Dolce Gusto permite que desfrutes destes caf\u00e9s em poucos segundos. Come\u00e7a o dia com um expresso Buondi encorpado, aproveite uma pausa com um cappuccino arom\u00e1tico ou desfruta de um momento agrad\u00e1vel com amigos. As c\u00e1psulas Buondi Dolce Gusto oferecem qualidade, sabor e praticidade ao teu alcance. Experimente o caf\u00e9 Buondi Dolce Gusto e descubra uma nova forma de apreciar o caf\u00e9. Encontre as c\u00e1psulas Buondi Dolce Gusto na nossa loja online Desperte os seus sentidos com o caf\u00e9 Buondi Dolce Gusto!<\/p>\n<p>Pode criar caf\u00e9s de alta qualidade com cremes aveludados devido ao sistema de alta press\u00e3o das m\u00e1quinas de caf\u00e9 em c\u00e1psula.<\/p>\n<p>Com as c\u00e1psulas hermeticamente seladas que preservam todos os aromas, ir\u00e1 desfrutar de uma deliciosa bebida arom\u00e1tica em cada ch\u00e1vena no conforto de sua casa.<\/p>\n<p>Faz j\u00e1 as tuas compras online no supermercado online At\u00e9 Ti e recebes as tuas c\u00e1psulas de caf\u00e9 NESCAF\u00c9\u00ae Dolce Gusto\u00ae e a mercearia de casa ou onde estiveres.<\/p>\n<p>V\u00ea mais em <a href=\"https:\/\/www.ateti.pt\/loja\/categoria\/cafe-em-capsula\/\" target=\"_blank\" rel=\"noopener\">C\u00e1psulas de Caf\u00e9<\/a><\/p>\n","protected":false},"excerpt":{"rendered":"<p>0,28\u20ac\/unidade<\/p>\n","protected":false},"featured_media":80444,"comment_status":"closed","ping_status":"closed","template":"","meta":{"_themeisle_gutenberg_block_has_review":false},"product_brand":[],"product_cat":[117,18,138,578],"product_tag":[],"woo-feed-brand":[],"class_list":{"0":"post-80443","1":"product","2":"type-product","3":"status-publish","4":"has-post-thumbnail","6":"product_cat-cafe-em-capsula","7":"product_cat-capsulas-dolce-gusto","8":"product_cat-originais-e-compativeis-dg","9":"product_cat-cafe-grandes-formatos","10":"ts_product_brand-dolce-gusto","12":"first","13":"instock","14":"sale","15":"taxable","16":"shipping-taxable","17":"purchasable","18":"product-type-simple"},"_links":{"self":[{"href":"https:\/\/www.ateti.pt\/loja\/wp-json\/wp\/v2\/product\/80443","targetHints":{"allow":["GET"]}}],"collection":[{"href":"https:\/\/www.ateti.pt\/loja\/wp-json\/wp\/v2\/product"}],"about":[{"href":"https:\/\/www.ateti.pt\/loja\/wp-json\/wp\/v2\/types\/product"}],"replies":[{"embeddable":true,"href":"https:\/\/www.ateti.pt\/loja\/wp-json\/wp\/v2\/comments?post=80443"}],"wp:featuredmedia":[{"embeddable":true,"href":"https:\/\/www.ateti.pt\/loja\/wp-json\/wp\/v2\/media\/80444"}],"wp:attachment":[{"href":"https:\/\/www.ateti.pt\/loja\/wp-json\/wp\/v2\/media?parent=80443"}],"wp:term":[{"taxonomy":"product_brand","embeddable":true,"href":"https:\/\/www.ateti.pt\/loja\/wp-json\/wp\/v2\/product_brand?post=80443"},{"taxonomy":"product_cat","embeddable":true,"href":"https:\/\/www.ateti.pt\/loja\/wp-json\/wp\/v2\/product_cat?post=80443"},{"taxonomy":"product_tag","embeddable":true,"href":"https:\/\/www.ateti.pt\/loja\/wp-json\/wp\/v2\/product_tag?post=80443"},{"taxonomy":"woo-feed-brand","embeddable":true,"href":"https:\/\/www.ateti.pt\/loja\/wp-json\/wp\/v2\/woo-feed-brand?post=80443"}],"curies":[{"name":"wp","href":"https:\/\/api.w.org\/{rel}","templated":true}]}}