{"id":80440,"date":"2026-05-05T16:57:59","date_gmt":"2026-05-05T15:57:59","guid":{"rendered":"https:\/\/www.ateti.pt\/loja\/?post_type=product&#038;p=80440"},"modified":"2026-05-05T17:00:00","modified_gmt":"2026-05-05T16:00:00","slug":"cafe-mythiq-int-15-360-capsulas-6x60-capsulas-delta-q","status":"publish","type":"product","link":"https:\/\/www.ateti.pt\/loja\/produto\/cafe-mythiq-int-15-360-capsulas-6x60-capsulas-delta-q\/","title":{"rendered":"Caf\u00e9 Mythiq Int 15 &#8211; 360 c\u00e1psulas (6&#215;60 C\u00e1psulas) Delta Q"},"content":{"rendered":"<p><strong>Caf\u00e9 Mythiq XXL <\/strong><strong>Delta Q\u00a0<\/strong><\/p>\n<p><strong>Quantidade: 360<\/strong>\u00a0c\u00e1psulas<\/p>\n<p><strong>Intensidade:\u00a0<\/strong>15<\/p>\n<p><strong>Ingredientes:\u00a0<\/strong>Caf\u00e9 torrado mo\u00eddo.<\/p>\n<p><em>Notas de aroma de cacau, chocolate, nozes torradas e nuances de framboesa que d\u00e3o origem a um expresso marcante.<\/em><\/p>\n<p>Veja mais em\u00a0<a href=\"https:\/\/www.ateti.pt\/loja\/categoria\/cafe-em-capsula\/capsulas-delta-q\/\">Caf\u00e9 em C\u00e1psula<\/a><\/p>\n","protected":false},"excerpt":{"rendered":"<p>0,275\u20ac\/c\u00e1psula<\/p>\n<p>&nbsp;<\/p>\n","protected":false},"featured_media":80441,"comment_status":"closed","ping_status":"closed","template":"","meta":{"_themeisle_gutenberg_block_has_review":false},"product_brand":[],"product_cat":[117,21],"product_tag":[],"woo-feed-brand":[],"class_list":{"0":"post-80440","1":"product","2":"type-product","3":"status-publish","4":"has-post-thumbnail","6":"product_cat-cafe-em-capsula","7":"product_cat-capsulas-delta-q","8":"ts_product_brand-delta","10":"first","11":"instock","12":"sale","13":"taxable","14":"shipping-taxable","15":"purchasable","16":"product-type-simple"},"_links":{"self":[{"href":"https:\/\/www.ateti.pt\/loja\/wp-json\/wp\/v2\/product\/80440","targetHints":{"allow":["GET"]}}],"collection":[{"href":"https:\/\/www.ateti.pt\/loja\/wp-json\/wp\/v2\/product"}],"about":[{"href":"https:\/\/www.ateti.pt\/loja\/wp-json\/wp\/v2\/types\/product"}],"replies":[{"embeddable":true,"href":"https:\/\/www.ateti.pt\/loja\/wp-json\/wp\/v2\/comments?post=80440"}],"wp:featuredmedia":[{"embeddable":true,"href":"https:\/\/www.ateti.pt\/loja\/wp-json\/wp\/v2\/media\/80441"}],"wp:attachment":[{"href":"https:\/\/www.ateti.pt\/loja\/wp-json\/wp\/v2\/media?parent=80440"}],"wp:term":[{"taxonomy":"product_brand","embeddable":true,"href":"https:\/\/www.ateti.pt\/loja\/wp-json\/wp\/v2\/product_brand?post=80440"},{"taxonomy":"product_cat","embeddable":true,"href":"https:\/\/www.ateti.pt\/loja\/wp-json\/wp\/v2\/product_cat?post=80440"},{"taxonomy":"product_tag","embeddable":true,"href":"https:\/\/www.ateti.pt\/loja\/wp-json\/wp\/v2\/product_tag?post=80440"},{"taxonomy":"woo-feed-brand","embeddable":true,"href":"https:\/\/www.ateti.pt\/loja\/wp-json\/wp\/v2\/woo-feed-brand?post=80440"}],"curies":[{"name":"wp","href":"https:\/\/api.w.org\/{rel}","templated":true}]}}