{"id":79864,"date":"2026-04-03T11:09:58","date_gmt":"2026-04-03T10:09:58","guid":{"rendered":"https:\/\/www.ateti.pt\/loja\/?post_type=product&#038;p=79864"},"modified":"2026-04-03T11:11:54","modified_gmt":"2026-04-03T10:11:54","slug":"filete-peixe-molho-bordalesa-160g-davigel-1kg","status":"publish","type":"product","link":"https:\/\/www.ateti.pt\/loja\/produto\/filete-peixe-molho-bordalesa-160g-davigel-1kg\/","title":{"rendered":"Filete Peixe Molho Bordalesa 160g Davigel &#8211; 1kg"},"content":{"rendered":"<p>Filete Peixe Molho Bordalesa 160g Davigel<\/p>\n<p>Quantidade : 1 kg<\/p>\n<p>Por\u00e7\u00e3o de peixe branco (70%) coberto com p\u00e3o ralado, salsa, sumos lim\u00e3o e laranja. Sem espinhas.<\/p>\n","protected":false},"excerpt":{"rendered":"<p>12,59\u20ac \/ Kg<\/p>\n","protected":false},"featured_media":79865,"comment_status":"closed","ping_status":"closed","template":"","meta":{"_themeisle_gutenberg_block_has_review":false},"product_brand":[],"product_cat":[177,181],"product_tag":[],"woo-feed-brand":[],"class_list":{"0":"post-79864","1":"product","2":"type-product","3":"status-publish","4":"has-post-thumbnail","6":"product_cat-congelados","7":"product_cat-peixeemarisco","9":"first","10":"instock","11":"taxable","12":"shipping-taxable","13":"purchasable","14":"product-type-simple"},"_links":{"self":[{"href":"https:\/\/www.ateti.pt\/loja\/wp-json\/wp\/v2\/product\/79864","targetHints":{"allow":["GET"]}}],"collection":[{"href":"https:\/\/www.ateti.pt\/loja\/wp-json\/wp\/v2\/product"}],"about":[{"href":"https:\/\/www.ateti.pt\/loja\/wp-json\/wp\/v2\/types\/product"}],"replies":[{"embeddable":true,"href":"https:\/\/www.ateti.pt\/loja\/wp-json\/wp\/v2\/comments?post=79864"}],"wp:featuredmedia":[{"embeddable":true,"href":"https:\/\/www.ateti.pt\/loja\/wp-json\/wp\/v2\/media\/79865"}],"wp:attachment":[{"href":"https:\/\/www.ateti.pt\/loja\/wp-json\/wp\/v2\/media?parent=79864"}],"wp:term":[{"taxonomy":"product_brand","embeddable":true,"href":"https:\/\/www.ateti.pt\/loja\/wp-json\/wp\/v2\/product_brand?post=79864"},{"taxonomy":"product_cat","embeddable":true,"href":"https:\/\/www.ateti.pt\/loja\/wp-json\/wp\/v2\/product_cat?post=79864"},{"taxonomy":"product_tag","embeddable":true,"href":"https:\/\/www.ateti.pt\/loja\/wp-json\/wp\/v2\/product_tag?post=79864"},{"taxonomy":"woo-feed-brand","embeddable":true,"href":"https:\/\/www.ateti.pt\/loja\/wp-json\/wp\/v2\/woo-feed-brand?post=79864"}],"curies":[{"name":"wp","href":"https:\/\/api.w.org\/{rel}","templated":true}]}}