{"id":77002,"date":"2025-11-12T16:56:51","date_gmt":"2025-11-12T16:56:51","guid":{"rendered":"https:\/\/www.ateti.pt\/loja\/?post_type=product&#038;p=77002"},"modified":"2025-11-12T16:56:51","modified_gmt":"2025-11-12T16:56:51","slug":"ananas-pedacos-305kg-jjj","status":"publish","type":"product","link":"https:\/\/www.ateti.pt\/loja\/produto\/ananas-pedacos-305kg-jjj\/","title":{"rendered":"Anan\u00e1s Peda\u00e7os 3,05Kg JJJ"},"content":{"rendered":"<p><strong>Anan\u00e1s Peda\u00e7os JJJ<\/strong><\/p>\n<p><strong>Quantidade:\u00a0<\/strong>3,05kg<\/p>\n","protected":false},"excerpt":{"rendered":"<p>3.37\u20ac\/kg<\/p>\n","protected":false},"featured_media":77003,"comment_status":"closed","ping_status":"closed","template":"","meta":{"_themeisle_gutenberg_block_has_review":false},"product_brand":[],"product_cat":[542,250,690],"product_tag":[],"woo-feed-brand":[],"class_list":{"0":"post-77002","1":"product","2":"type-product","3":"status-publish","4":"has-post-thumbnail","6":"product_cat-alimentacao-office","7":"product_cat-ate-ti-negocios","8":"product_cat-enlatados","9":"ts_product_brand-jjj","11":"first","12":"instock","13":"taxable","14":"shipping-taxable","15":"purchasable","16":"product-type-simple"},"_links":{"self":[{"href":"https:\/\/www.ateti.pt\/loja\/wp-json\/wp\/v2\/product\/77002","targetHints":{"allow":["GET"]}}],"collection":[{"href":"https:\/\/www.ateti.pt\/loja\/wp-json\/wp\/v2\/product"}],"about":[{"href":"https:\/\/www.ateti.pt\/loja\/wp-json\/wp\/v2\/types\/product"}],"replies":[{"embeddable":true,"href":"https:\/\/www.ateti.pt\/loja\/wp-json\/wp\/v2\/comments?post=77002"}],"wp:featuredmedia":[{"embeddable":true,"href":"https:\/\/www.ateti.pt\/loja\/wp-json\/wp\/v2\/media\/77003"}],"wp:attachment":[{"href":"https:\/\/www.ateti.pt\/loja\/wp-json\/wp\/v2\/media?parent=77002"}],"wp:term":[{"taxonomy":"product_brand","embeddable":true,"href":"https:\/\/www.ateti.pt\/loja\/wp-json\/wp\/v2\/product_brand?post=77002"},{"taxonomy":"product_cat","embeddable":true,"href":"https:\/\/www.ateti.pt\/loja\/wp-json\/wp\/v2\/product_cat?post=77002"},{"taxonomy":"product_tag","embeddable":true,"href":"https:\/\/www.ateti.pt\/loja\/wp-json\/wp\/v2\/product_tag?post=77002"},{"taxonomy":"woo-feed-brand","embeddable":true,"href":"https:\/\/www.ateti.pt\/loja\/wp-json\/wp\/v2\/woo-feed-brand?post=77002"}],"curies":[{"name":"wp","href":"https:\/\/api.w.org\/{rel}","templated":true}]}}