{"id":76839,"date":"2025-11-07T18:13:10","date_gmt":"2025-11-07T18:13:10","guid":{"rendered":"https:\/\/www.ateti.pt\/loja\/?post_type=product&#038;p=76839"},"modified":"2025-11-07T18:13:11","modified_gmt":"2025-11-07T18:13:11","slug":"espuma-fixacao-normal-250ml-be-beauty","status":"publish","type":"product","link":"https:\/\/www.ateti.pt\/loja\/produto\/espuma-fixacao-normal-250ml-be-beauty\/","title":{"rendered":"Espuma Fixa\u00e7\u00e3o Normal 250ml Be Beauty"},"content":{"rendered":"<p><strong>Espuma Fixa\u00e7\u00e3o Normal Be Beauty<\/strong><\/p>\n<p><strong>Quantidade:\u00a0<\/strong>250ml<\/p>\n","protected":false},"excerpt":{"rendered":"<p>7.56\u20ac\/lt<\/p>\n","protected":false},"featured_media":76840,"comment_status":"closed","ping_status":"closed","template":"","meta":{"_themeisle_gutenberg_block_has_review":false},"product_brand":[],"product_cat":[203,211,748],"product_tag":[],"woo-feed-brand":[],"class_list":{"0":"post-76839","1":"product","2":"type-product","3":"status-publish","4":"has-post-thumbnail","6":"product_cat-beleza-e-higiene","7":"product_cat-cabelo","8":"product_cat-novidades-ate-ti","9":"ts_product_brand-be-beauty","11":"first","12":"instock","13":"taxable","14":"shipping-taxable","15":"purchasable","16":"product-type-simple"},"_links":{"self":[{"href":"https:\/\/www.ateti.pt\/loja\/wp-json\/wp\/v2\/product\/76839","targetHints":{"allow":["GET"]}}],"collection":[{"href":"https:\/\/www.ateti.pt\/loja\/wp-json\/wp\/v2\/product"}],"about":[{"href":"https:\/\/www.ateti.pt\/loja\/wp-json\/wp\/v2\/types\/product"}],"replies":[{"embeddable":true,"href":"https:\/\/www.ateti.pt\/loja\/wp-json\/wp\/v2\/comments?post=76839"}],"wp:featuredmedia":[{"embeddable":true,"href":"https:\/\/www.ateti.pt\/loja\/wp-json\/wp\/v2\/media\/76840"}],"wp:attachment":[{"href":"https:\/\/www.ateti.pt\/loja\/wp-json\/wp\/v2\/media?parent=76839"}],"wp:term":[{"taxonomy":"product_brand","embeddable":true,"href":"https:\/\/www.ateti.pt\/loja\/wp-json\/wp\/v2\/product_brand?post=76839"},{"taxonomy":"product_cat","embeddable":true,"href":"https:\/\/www.ateti.pt\/loja\/wp-json\/wp\/v2\/product_cat?post=76839"},{"taxonomy":"product_tag","embeddable":true,"href":"https:\/\/www.ateti.pt\/loja\/wp-json\/wp\/v2\/product_tag?post=76839"},{"taxonomy":"woo-feed-brand","embeddable":true,"href":"https:\/\/www.ateti.pt\/loja\/wp-json\/wp\/v2\/woo-feed-brand?post=76839"}],"curies":[{"name":"wp","href":"https:\/\/api.w.org\/{rel}","templated":true}]}}