{"id":76634,"date":"2025-10-29T16:21:38","date_gmt":"2025-10-29T16:21:38","guid":{"rendered":"https:\/\/www.ateti.pt\/loja\/?post_type=product&#038;p=76634"},"modified":"2025-10-29T18:01:37","modified_gmt":"2025-10-29T18:01:37","slug":"cafe-sical-neo-12-capsulas-dolce-gusto","status":"publish","type":"product","link":"https:\/\/www.ateti.pt\/loja\/produto\/cafe-sical-neo-12-capsulas-dolce-gusto\/","title":{"rendered":"Caf\u00e9 Sical Neo 12 C\u00e1psulas Dolce Gusto"},"content":{"rendered":"<p><strong>Caf\u00e9 Sical Neo Dolce Gusto<\/strong><\/p>\n<p><strong>Quantidade:\u00a0<\/strong>12 C\u00e1psulas<\/p>\n<p>Intensidade 8<\/p>\n<p>Para m\u00e1quinas neo e m\u00e1quinas neo start.<\/p>\n<p>Conservar em local fresco e seco.<\/p>\n<p>C\u00e1psula \u00e0 base de papel certificada para compostagem dom\u00e9stica.<\/p>\n<p>&nbsp;<\/p>\n<p>&nbsp;<\/p>\n","protected":false},"excerpt":{"rendered":"<p>0.38\u20ac\/c\u00e1psula<\/p>\n","protected":false},"featured_media":76635,"comment_status":"closed","ping_status":"closed","template":"","meta":{"_themeisle_gutenberg_block_has_review":false},"product_brand":[],"product_cat":[18,138,748],"product_tag":[593],"woo-feed-brand":[],"class_list":{"0":"post-76634","1":"product","2":"type-product","3":"status-publish","4":"has-post-thumbnail","6":"product_cat-capsulas-dolce-gusto","7":"product_cat-originais-e-compativeis-dg","8":"product_cat-novidades-ate-ti","9":"product_tag-novidades","10":"ts_product_brand-dolce-gusto","12":"first","13":"instock","14":"sale","15":"taxable","16":"shipping-taxable","17":"purchasable","18":"product-type-simple"},"_links":{"self":[{"href":"https:\/\/www.ateti.pt\/loja\/wp-json\/wp\/v2\/product\/76634","targetHints":{"allow":["GET"]}}],"collection":[{"href":"https:\/\/www.ateti.pt\/loja\/wp-json\/wp\/v2\/product"}],"about":[{"href":"https:\/\/www.ateti.pt\/loja\/wp-json\/wp\/v2\/types\/product"}],"replies":[{"embeddable":true,"href":"https:\/\/www.ateti.pt\/loja\/wp-json\/wp\/v2\/comments?post=76634"}],"wp:featuredmedia":[{"embeddable":true,"href":"https:\/\/www.ateti.pt\/loja\/wp-json\/wp\/v2\/media\/76635"}],"wp:attachment":[{"href":"https:\/\/www.ateti.pt\/loja\/wp-json\/wp\/v2\/media?parent=76634"}],"wp:term":[{"taxonomy":"product_brand","embeddable":true,"href":"https:\/\/www.ateti.pt\/loja\/wp-json\/wp\/v2\/product_brand?post=76634"},{"taxonomy":"product_cat","embeddable":true,"href":"https:\/\/www.ateti.pt\/loja\/wp-json\/wp\/v2\/product_cat?post=76634"},{"taxonomy":"product_tag","embeddable":true,"href":"https:\/\/www.ateti.pt\/loja\/wp-json\/wp\/v2\/product_tag?post=76634"},{"taxonomy":"woo-feed-brand","embeddable":true,"href":"https:\/\/www.ateti.pt\/loja\/wp-json\/wp\/v2\/woo-feed-brand?post=76634"}],"curies":[{"name":"wp","href":"https:\/\/api.w.org\/{rel}","templated":true}]}}