{"id":76627,"date":"2025-12-01T15:45:40","date_gmt":"2025-12-01T15:45:40","guid":{"rendered":"https:\/\/www.ateti.pt\/loja\/?post_type=product&#038;p=76627"},"modified":"2026-03-05T18:13:34","modified_gmt":"2026-03-05T18:13:34","slug":"chocolate-favourites-95g-milka","status":"publish","type":"product","link":"https:\/\/www.ateti.pt\/loja\/produto\/chocolate-favourites-95g-milka\/","title":{"rendered":"Chocolate Favourites 95g Milka (30-04-2026)"},"content":{"rendered":"<p><strong>Chocolate Favourites Milka<\/strong><\/p>\n<p><strong>Quantidade:\u00a0<\/strong>95g<\/p>\n<p>Bombons de chocolate sortidos.<\/p>\n<p>Ingredientes: a\u00e7\u00facar, gorduras vegetais (palma, palmiste), manteiga de cacau, leite em p\u00f3 magro, soro de leite em p\u00f3, pasta de cacau, gordura do leite, farinha de trigo, xarope de glucose, avel\u00e3s, emulsionantes (lecitinas de soja, E471), xarope de glucose-frutose, queijo em p\u00f3 (de leite desnatado), cacau magro em p\u00f3, pur\u00e9 de morango, pasta de avel\u00e3s, milho, amido de trigo, aromas, humidificante (glicerol), sumo de lim\u00e3o concentrado, levedantes (E503, E501, E500), sal, sumo de groselha negra concentrado, regulador de acidez.<\/p>\n<p>&nbsp;<\/p>\n","protected":false},"excerpt":{"rendered":"<p>49.36\u20ac\/kg<\/p>\n","protected":false},"featured_media":76628,"comment_status":"closed","ping_status":"closed","template":"","meta":{"_themeisle_gutenberg_block_has_review":false},"product_brand":[],"product_cat":[25,144,132,748,265],"product_tag":[593],"woo-feed-brand":[],"class_list":{"0":"post-76627","1":"product","2":"type-product","3":"status-publish","4":"has-post-thumbnail","6":"product_cat-chocolates","7":"product_cat-chocolates-biscoitos-e-cereais","8":"product_cat-mercearia","9":"product_cat-novidades-ate-ti","10":"product_cat-promocoes-outlet-ate-50-desconto-supermercado-online-ate-ti","11":"product_tag-novidades","12":"ts_product_brand-milka","14":"first","15":"outofstock","16":"sale","17":"taxable","18":"shipping-taxable","19":"purchasable","20":"product-type-simple"},"_links":{"self":[{"href":"https:\/\/www.ateti.pt\/loja\/wp-json\/wp\/v2\/product\/76627","targetHints":{"allow":["GET"]}}],"collection":[{"href":"https:\/\/www.ateti.pt\/loja\/wp-json\/wp\/v2\/product"}],"about":[{"href":"https:\/\/www.ateti.pt\/loja\/wp-json\/wp\/v2\/types\/product"}],"replies":[{"embeddable":true,"href":"https:\/\/www.ateti.pt\/loja\/wp-json\/wp\/v2\/comments?post=76627"}],"wp:featuredmedia":[{"embeddable":true,"href":"https:\/\/www.ateti.pt\/loja\/wp-json\/wp\/v2\/media\/76628"}],"wp:attachment":[{"href":"https:\/\/www.ateti.pt\/loja\/wp-json\/wp\/v2\/media?parent=76627"}],"wp:term":[{"taxonomy":"product_brand","embeddable":true,"href":"https:\/\/www.ateti.pt\/loja\/wp-json\/wp\/v2\/product_brand?post=76627"},{"taxonomy":"product_cat","embeddable":true,"href":"https:\/\/www.ateti.pt\/loja\/wp-json\/wp\/v2\/product_cat?post=76627"},{"taxonomy":"product_tag","embeddable":true,"href":"https:\/\/www.ateti.pt\/loja\/wp-json\/wp\/v2\/product_tag?post=76627"},{"taxonomy":"woo-feed-brand","embeddable":true,"href":"https:\/\/www.ateti.pt\/loja\/wp-json\/wp\/v2\/woo-feed-brand?post=76627"}],"curies":[{"name":"wp","href":"https:\/\/api.w.org\/{rel}","templated":true}]}}