{"id":76375,"date":"2025-05-20T12:13:13","date_gmt":"2025-05-20T11:13:13","guid":{"rendered":"https:\/\/www.ateti.pt\/loja\/?post_type=product&#038;p=76375"},"modified":"2026-03-07T20:26:57","modified_gmt":"2026-03-07T20:26:57","slug":"cha-english-breakfast-comp-dolce-gusto-8un-bonini","status":"publish","type":"product","link":"https:\/\/www.ateti.pt\/loja\/produto\/cha-english-breakfast-comp-dolce-gusto-8un-bonini\/","title":{"rendered":"Ch\u00e1 English Breakfast Comp. Dolce Gusto 8 C\u00e1psulas Bonini"},"content":{"rendered":"<p><strong>Ch\u00e1 English Breakfast Bonini<\/strong><\/p>\n<p>Compat\u00edvel com M\u00e1quina Dolce Gusto<\/p>\n<p><strong>Quantidade:\u00a0<\/strong>8un<\/p>\n","protected":false},"excerpt":{"rendered":"<p>0.37\u20ac\/c\u00e1psula<\/p>\n","protected":false},"featured_media":76376,"comment_status":"closed","ping_status":"closed","template":"","meta":{"_themeisle_gutenberg_block_has_review":false},"product_brand":[],"product_cat":[117,18,26,137,119],"product_tag":[593],"woo-feed-brand":[],"class_list":{"0":"post-76375","1":"product","2":"type-product","3":"status-publish","4":"has-post-thumbnail","6":"product_cat-cafe-em-capsula","7":"product_cat-capsulas-dolce-gusto","8":"product_cat-chas","9":"product_cat-especialidades-dolcegusto","10":"product_cat-infusoes-tradicionais","11":"product_tag-novidades","13":"first","14":"outofstock","15":"taxable","16":"shipping-taxable","17":"purchasable","18":"product-type-simple"},"_links":{"self":[{"href":"https:\/\/www.ateti.pt\/loja\/wp-json\/wp\/v2\/product\/76375","targetHints":{"allow":["GET"]}}],"collection":[{"href":"https:\/\/www.ateti.pt\/loja\/wp-json\/wp\/v2\/product"}],"about":[{"href":"https:\/\/www.ateti.pt\/loja\/wp-json\/wp\/v2\/types\/product"}],"replies":[{"embeddable":true,"href":"https:\/\/www.ateti.pt\/loja\/wp-json\/wp\/v2\/comments?post=76375"}],"wp:featuredmedia":[{"embeddable":true,"href":"https:\/\/www.ateti.pt\/loja\/wp-json\/wp\/v2\/media\/76376"}],"wp:attachment":[{"href":"https:\/\/www.ateti.pt\/loja\/wp-json\/wp\/v2\/media?parent=76375"}],"wp:term":[{"taxonomy":"product_brand","embeddable":true,"href":"https:\/\/www.ateti.pt\/loja\/wp-json\/wp\/v2\/product_brand?post=76375"},{"taxonomy":"product_cat","embeddable":true,"href":"https:\/\/www.ateti.pt\/loja\/wp-json\/wp\/v2\/product_cat?post=76375"},{"taxonomy":"product_tag","embeddable":true,"href":"https:\/\/www.ateti.pt\/loja\/wp-json\/wp\/v2\/product_tag?post=76375"},{"taxonomy":"woo-feed-brand","embeddable":true,"href":"https:\/\/www.ateti.pt\/loja\/wp-json\/wp\/v2\/woo-feed-brand?post=76375"}],"curies":[{"name":"wp","href":"https:\/\/api.w.org\/{rel}","templated":true}]}}