{"id":76205,"date":"2025-10-13T09:24:06","date_gmt":"2025-10-13T08:24:06","guid":{"rendered":"https:\/\/www.ateti.pt\/loja\/?post_type=product&#038;p=76205"},"modified":"2026-02-24T16:54:46","modified_gmt":"2026-02-24T16:54:46","slug":"bloco-wc-active-power-oceano","status":"publish","type":"product","link":"https:\/\/www.ateti.pt\/loja\/produto\/bloco-wc-active-power-oceano\/","title":{"rendered":"Bloco WC Active Power Oceano"},"content":{"rendered":"<p><strong>Bloco WC Active Power Oceano<\/strong><\/p>\n<p>Provoca irrita\u00e7\u00e3o cut\u00e2nea.<\/p>\n<p>Provoca irrita\u00e7\u00e3o ocular grave.<\/p>\n<p>Pode provocar rea\u00e7\u00f5es al\u00e9rgicas.<\/p>\n<p>Se entrar em contacto com os olhos ou com a pele, enxaguar cuidadosamente com a \u00e1gua abundante.<\/p>\n<p>Caso a irrita\u00e7\u00e3o persista contacte imediatamente um m\u00e9dico.<\/p>\n<p>Manter fora do alcance das crian\u00e7as.<\/p>\n<p>&nbsp;<\/p>\n","protected":false},"excerpt":{"rendered":"<p>1.29\u20ac\/un<\/p>\n","protected":false},"featured_media":76215,"comment_status":"closed","ping_status":"closed","template":"","meta":{"_themeisle_gutenberg_block_has_review":false},"product_brand":[],"product_cat":[210,190,204,681,543],"product_tag":[],"woo-feed-brand":[],"class_list":{"0":"post-76205","1":"product","2":"type-product","3":"status-publish","4":"has-post-thumbnail","6":"product_cat-casa-de-banho","7":"product_cat-desinfetantes-e-limpeza","8":"product_cat-limpeza","9":"product_cat-limpeza-higiene-e-limpeza-office","10":"product_cat-limpeza-higiene","12":"first","13":"outofstock","14":"taxable","15":"shipping-taxable","16":"purchasable","17":"product-type-simple"},"_links":{"self":[{"href":"https:\/\/www.ateti.pt\/loja\/wp-json\/wp\/v2\/product\/76205","targetHints":{"allow":["GET"]}}],"collection":[{"href":"https:\/\/www.ateti.pt\/loja\/wp-json\/wp\/v2\/product"}],"about":[{"href":"https:\/\/www.ateti.pt\/loja\/wp-json\/wp\/v2\/types\/product"}],"replies":[{"embeddable":true,"href":"https:\/\/www.ateti.pt\/loja\/wp-json\/wp\/v2\/comments?post=76205"}],"wp:featuredmedia":[{"embeddable":true,"href":"https:\/\/www.ateti.pt\/loja\/wp-json\/wp\/v2\/media\/76215"}],"wp:attachment":[{"href":"https:\/\/www.ateti.pt\/loja\/wp-json\/wp\/v2\/media?parent=76205"}],"wp:term":[{"taxonomy":"product_brand","embeddable":true,"href":"https:\/\/www.ateti.pt\/loja\/wp-json\/wp\/v2\/product_brand?post=76205"},{"taxonomy":"product_cat","embeddable":true,"href":"https:\/\/www.ateti.pt\/loja\/wp-json\/wp\/v2\/product_cat?post=76205"},{"taxonomy":"product_tag","embeddable":true,"href":"https:\/\/www.ateti.pt\/loja\/wp-json\/wp\/v2\/product_tag?post=76205"},{"taxonomy":"woo-feed-brand","embeddable":true,"href":"https:\/\/www.ateti.pt\/loja\/wp-json\/wp\/v2\/woo-feed-brand?post=76205"}],"curies":[{"name":"wp","href":"https:\/\/api.w.org\/{rel}","templated":true}]}}