{"id":76200,"date":"2025-10-13T09:15:23","date_gmt":"2025-10-13T08:15:23","guid":{"rendered":"https:\/\/www.ateti.pt\/loja\/?post_type=product&#038;p=76200"},"modified":"2026-03-27T16:45:34","modified_gmt":"2026-03-27T16:45:34","slug":"ambientador-mikado-frutos-silvestres","status":"publish","type":"product","link":"https:\/\/www.ateti.pt\/loja\/produto\/ambientador-mikado-frutos-silvestres\/","title":{"rendered":"Ambientador Mikado Frutos Silvestres"},"content":{"rendered":"<p><strong>Ambientador Frutos Silvestres<\/strong><\/p>\n<p><strong>Instru\u00e7\u00f5es de Utiliza\u00e7\u00e3o:<\/strong><\/p>\n<p>-Retirar a tampa de pl\u00e1stico e colocar os sticks em contacto com a fragr\u00e2ncia. Ap\u00f3s umas horas, dar a volta pela primeira vez e distribuir em forma de leque. Para aumentar a intensidade do perfume inverter os sticks com frequ\u00eancia.<\/p>\n<p><strong>Aten\u00e7\u00e3o:\u00a0<\/strong>N\u00e3o ingerir. Evite o contacto com os olhos e pele. Lave as m\u00e3os ap\u00f3s o uso. Pode provocar uma rea\u00e7\u00e3o al\u00e9rgica cut\u00e2nea.<\/p>\n<p>Evite o contacto com \u00e1cidos fortes, alcalinos ou oxidantes. Manter fora do alcance das crian\u00e7as.<\/p>\n<p>Em caso de ingest\u00e3o, procure imediatamente um m\u00e9dico.<\/p>\n<p>&nbsp;<\/p>\n","protected":false},"excerpt":{"rendered":"<p>1.19\u20ac\/un<\/p>\n","protected":false},"featured_media":76217,"comment_status":"closed","ping_status":"closed","template":"","meta":{"_themeisle_gutenberg_block_has_review":false},"product_brand":[],"product_cat":[237,706],"product_tag":[593],"woo-feed-brand":[],"class_list":{"0":"post-76200","1":"product","2":"type-product","3":"status-publish","4":"has-post-thumbnail","6":"product_cat-casa-jardim","7":"product_cat-utilitarios-de-casa","8":"product_tag-novidades","10":"first","11":"instock","12":"taxable","13":"shipping-taxable","14":"purchasable","15":"product-type-simple"},"_links":{"self":[{"href":"https:\/\/www.ateti.pt\/loja\/wp-json\/wp\/v2\/product\/76200","targetHints":{"allow":["GET"]}}],"collection":[{"href":"https:\/\/www.ateti.pt\/loja\/wp-json\/wp\/v2\/product"}],"about":[{"href":"https:\/\/www.ateti.pt\/loja\/wp-json\/wp\/v2\/types\/product"}],"replies":[{"embeddable":true,"href":"https:\/\/www.ateti.pt\/loja\/wp-json\/wp\/v2\/comments?post=76200"}],"wp:featuredmedia":[{"embeddable":true,"href":"https:\/\/www.ateti.pt\/loja\/wp-json\/wp\/v2\/media\/76217"}],"wp:attachment":[{"href":"https:\/\/www.ateti.pt\/loja\/wp-json\/wp\/v2\/media?parent=76200"}],"wp:term":[{"taxonomy":"product_brand","embeddable":true,"href":"https:\/\/www.ateti.pt\/loja\/wp-json\/wp\/v2\/product_brand?post=76200"},{"taxonomy":"product_cat","embeddable":true,"href":"https:\/\/www.ateti.pt\/loja\/wp-json\/wp\/v2\/product_cat?post=76200"},{"taxonomy":"product_tag","embeddable":true,"href":"https:\/\/www.ateti.pt\/loja\/wp-json\/wp\/v2\/product_tag?post=76200"},{"taxonomy":"woo-feed-brand","embeddable":true,"href":"https:\/\/www.ateti.pt\/loja\/wp-json\/wp\/v2\/woo-feed-brand?post=76200"}],"curies":[{"name":"wp","href":"https:\/\/api.w.org\/{rel}","templated":true}]}}