{"id":74756,"date":"2026-03-16T08:00:38","date_gmt":"2026-03-16T08:00:38","guid":{"rendered":"https:\/\/www.ateti.pt\/loja\/?post_type=product&#038;p=74756"},"modified":"2026-04-04T15:00:57","modified_gmt":"2026-04-04T14:00:57","slug":"bebida-vegetal-de-aveia-sem-acucar-1l-amanhecer","status":"publish","type":"product","link":"https:\/\/www.ateti.pt\/loja\/produto\/bebida-vegetal-de-aveia-sem-acucar-1l-amanhecer\/","title":{"rendered":"Bebida Vegetal de Aveia sem A\u00e7\u00facar 1L Amanhecer (12-04-2026)"},"content":{"rendered":"<p>Bebida Vegetal de Aveia sem A\u00e7\u00facar Amanhecer<\/p>\n<p><strong>Quantidade:\u00a0<\/strong>1L<\/p>\n<p>&nbsp;<\/p>\n","protected":false},"excerpt":{"rendered":"<p>1.29\u20ac\/lt<\/p>\n","protected":false},"featured_media":74757,"comment_status":"closed","ping_status":"closed","template":"","meta":{"_themeisle_gutenberg_block_has_review":false},"product_brand":[],"product_cat":[158,205,207,132,265,219],"product_tag":[593],"woo-feed-brand":[],"class_list":{"0":"post-74756","1":"product","2":"type-product","3":"status-publish","4":"has-post-thumbnail","6":"product_cat-bebidas","7":"product_cat-bebidas-vegetais","8":"product_cat-bio-saudavel","9":"product_cat-mercearia","10":"product_cat-promocoes-outlet-ate-50-desconto-supermercado-online-ate-ti","11":"product_cat-sem-lactose","12":"product_tag-novidades","13":"ts_product_brand-amanhecer","15":"first","16":"instock","17":"sale","18":"taxable","19":"shipping-taxable","20":"purchasable","21":"product-type-simple"},"_links":{"self":[{"href":"https:\/\/www.ateti.pt\/loja\/wp-json\/wp\/v2\/product\/74756","targetHints":{"allow":["GET"]}}],"collection":[{"href":"https:\/\/www.ateti.pt\/loja\/wp-json\/wp\/v2\/product"}],"about":[{"href":"https:\/\/www.ateti.pt\/loja\/wp-json\/wp\/v2\/types\/product"}],"replies":[{"embeddable":true,"href":"https:\/\/www.ateti.pt\/loja\/wp-json\/wp\/v2\/comments?post=74756"}],"wp:featuredmedia":[{"embeddable":true,"href":"https:\/\/www.ateti.pt\/loja\/wp-json\/wp\/v2\/media\/74757"}],"wp:attachment":[{"href":"https:\/\/www.ateti.pt\/loja\/wp-json\/wp\/v2\/media?parent=74756"}],"wp:term":[{"taxonomy":"product_brand","embeddable":true,"href":"https:\/\/www.ateti.pt\/loja\/wp-json\/wp\/v2\/product_brand?post=74756"},{"taxonomy":"product_cat","embeddable":true,"href":"https:\/\/www.ateti.pt\/loja\/wp-json\/wp\/v2\/product_cat?post=74756"},{"taxonomy":"product_tag","embeddable":true,"href":"https:\/\/www.ateti.pt\/loja\/wp-json\/wp\/v2\/product_tag?post=74756"},{"taxonomy":"woo-feed-brand","embeddable":true,"href":"https:\/\/www.ateti.pt\/loja\/wp-json\/wp\/v2\/woo-feed-brand?post=74756"}],"curies":[{"name":"wp","href":"https:\/\/api.w.org\/{rel}","templated":true}]}}