{"id":73966,"date":"2025-07-15T12:12:54","date_gmt":"2025-07-15T11:12:54","guid":{"rendered":"https:\/\/www.ateti.pt\/loja\/?post_type=product&#038;p=73966"},"modified":"2025-07-16T17:15:51","modified_gmt":"2025-07-16T16:15:51","slug":"chavena-cafe-ateti","status":"publish","type":"product","link":"https:\/\/www.ateti.pt\/loja\/produto\/chavena-cafe-ateti\/","title":{"rendered":"Ch\u00e1vena caf\u00e9 At\u00e9Ti"},"content":{"rendered":"<p>Ch\u00e1vena caf\u00e9 At\u00e9Ti<\/p>\n","protected":false},"excerpt":{"rendered":"<p>Ch\u00e1vena caf\u00e9 At\u00e9Ti<\/p>\n","protected":false},"featured_media":73967,"comment_status":"closed","ping_status":"closed","template":"","meta":{"_themeisle_gutenberg_block_has_review":false},"product_brand":[],"product_cat":[117],"product_tag":[],"woo-feed-brand":[],"class_list":{"0":"post-73966","1":"product","2":"type-product","3":"status-publish","4":"has-post-thumbnail","6":"product_cat-cafe-em-capsula","8":"first","9":"instock","10":"taxable","11":"shipping-taxable","12":"purchasable","13":"product-type-simple"},"_links":{"self":[{"href":"https:\/\/www.ateti.pt\/loja\/wp-json\/wp\/v2\/product\/73966","targetHints":{"allow":["GET"]}}],"collection":[{"href":"https:\/\/www.ateti.pt\/loja\/wp-json\/wp\/v2\/product"}],"about":[{"href":"https:\/\/www.ateti.pt\/loja\/wp-json\/wp\/v2\/types\/product"}],"replies":[{"embeddable":true,"href":"https:\/\/www.ateti.pt\/loja\/wp-json\/wp\/v2\/comments?post=73966"}],"wp:featuredmedia":[{"embeddable":true,"href":"https:\/\/www.ateti.pt\/loja\/wp-json\/wp\/v2\/media\/73967"}],"wp:attachment":[{"href":"https:\/\/www.ateti.pt\/loja\/wp-json\/wp\/v2\/media?parent=73966"}],"wp:term":[{"taxonomy":"product_brand","embeddable":true,"href":"https:\/\/www.ateti.pt\/loja\/wp-json\/wp\/v2\/product_brand?post=73966"},{"taxonomy":"product_cat","embeddable":true,"href":"https:\/\/www.ateti.pt\/loja\/wp-json\/wp\/v2\/product_cat?post=73966"},{"taxonomy":"product_tag","embeddable":true,"href":"https:\/\/www.ateti.pt\/loja\/wp-json\/wp\/v2\/product_tag?post=73966"},{"taxonomy":"woo-feed-brand","embeddable":true,"href":"https:\/\/www.ateti.pt\/loja\/wp-json\/wp\/v2\/woo-feed-brand?post=73966"}],"curies":[{"name":"wp","href":"https:\/\/api.w.org\/{rel}","templated":true}]}}