{"id":73136,"date":"2025-06-11T12:33:16","date_gmt":"2025-06-11T11:33:16","guid":{"rendered":"https:\/\/www.ateti.pt\/loja\/?post_type=product&#038;p=73136"},"modified":"2025-06-12T08:43:29","modified_gmt":"2025-06-12T07:43:29","slug":"pao-fatiado-sem-gluten-300g-bimbo","status":"publish","type":"product","link":"https:\/\/www.ateti.pt\/loja\/produto\/pao-fatiado-sem-gluten-300g-bimbo\/","title":{"rendered":"P\u00e3o Fatiado Sem Gl\u00faten 300g Bimbo"},"content":{"rendered":"<p><strong>P\u00e3o Fatiado Sem Gl\u00faten Bimbo<\/strong><\/p>\n<p><strong>Quantidade:\u00a0<\/strong>300g<\/p>\n<p>&nbsp;<\/p>\n<p>&nbsp;<\/p>\n","protected":false},"excerpt":{"rendered":"<p>15.3\u20ac\/kg<\/p>\n","protected":false},"featured_media":73137,"comment_status":"closed","ping_status":"closed","template":"","meta":{"_themeisle_gutenberg_block_has_review":false},"product_brand":[],"product_cat":[207,665,598,216],"product_tag":[593],"woo-feed-brand":[],"class_list":{"0":"post-73136","1":"product","2":"type-product","3":"status-publish","4":"has-post-thumbnail","6":"product_cat-bio-saudavel","7":"product_cat-padaria","8":"product_cat-padaria-pastelaria","9":"product_cat-sem-gluten","10":"product_tag-novidades","11":"ts_product_brand-bimbo","13":"first","14":"instock","15":"taxable","16":"shipping-taxable","17":"purchasable","18":"product-type-simple"},"_links":{"self":[{"href":"https:\/\/www.ateti.pt\/loja\/wp-json\/wp\/v2\/product\/73136","targetHints":{"allow":["GET"]}}],"collection":[{"href":"https:\/\/www.ateti.pt\/loja\/wp-json\/wp\/v2\/product"}],"about":[{"href":"https:\/\/www.ateti.pt\/loja\/wp-json\/wp\/v2\/types\/product"}],"replies":[{"embeddable":true,"href":"https:\/\/www.ateti.pt\/loja\/wp-json\/wp\/v2\/comments?post=73136"}],"wp:featuredmedia":[{"embeddable":true,"href":"https:\/\/www.ateti.pt\/loja\/wp-json\/wp\/v2\/media\/73137"}],"wp:attachment":[{"href":"https:\/\/www.ateti.pt\/loja\/wp-json\/wp\/v2\/media?parent=73136"}],"wp:term":[{"taxonomy":"product_brand","embeddable":true,"href":"https:\/\/www.ateti.pt\/loja\/wp-json\/wp\/v2\/product_brand?post=73136"},{"taxonomy":"product_cat","embeddable":true,"href":"https:\/\/www.ateti.pt\/loja\/wp-json\/wp\/v2\/product_cat?post=73136"},{"taxonomy":"product_tag","embeddable":true,"href":"https:\/\/www.ateti.pt\/loja\/wp-json\/wp\/v2\/product_tag?post=73136"},{"taxonomy":"woo-feed-brand","embeddable":true,"href":"https:\/\/www.ateti.pt\/loja\/wp-json\/wp\/v2\/woo-feed-brand?post=73136"}],"curies":[{"name":"wp","href":"https:\/\/api.w.org\/{rel}","templated":true}]}}