{"id":73087,"date":"2025-06-09T11:51:38","date_gmt":"2025-06-09T10:51:38","guid":{"rendered":"https:\/\/www.ateti.pt\/loja\/?post_type=product&#038;p=73087"},"modified":"2025-06-12T08:43:33","modified_gmt":"2025-06-12T07:43:33","slug":"chocolate-biscoff-90g-milka","status":"publish","type":"product","link":"https:\/\/www.ateti.pt\/loja\/produto\/chocolate-biscoff-90g-milka\/","title":{"rendered":"Chocolate Biscoff 90g Milka"},"content":{"rendered":"<p><strong>Chocolate Biscoff Milka<\/strong><\/p>\n<p><strong>Quantidade:\u00a0<\/strong>90g<\/p>\n<p>Chocolate de leite dos Alpes com peda\u00e7os de bolacha caramelizada(17%).<\/p>\n<p><strong>Ingredientes:\u00a0<\/strong>a\u00e7\u00facar, manteiga de cacau, pasta de cacau, leite em p\u00f3 magro, farinha de trigo, soro de leite em p\u00f3, gordura do leite, gordura de palma, \u00f3leo de colza, emulsionante(lecitina de soja), xarope de a\u00e7\u00facar c\u00e2ndi, pasta de avel\u00e3s, levedante(E500), sal, canela, aroma. Cacau: 33% m\u00ednimo no chocolate de leite dos Alpes.<\/p>\n<p>Pode conter outros frutos de casca rija.<\/p>\n<p>Valor nutricional por 100g: Energia: 2210kj\/529 kcal; L\u00edpidos: 29g, dos quais saturados: 17g; Hidratos de carbono: 59g, dos quais a\u00e7\u00facares: 52g; Fibra alimentar: 2.1g; Prote\u00ednas: 6.2g; Sal: 0.39g.<\/p>\n<p>&nbsp;<\/p>\n","protected":false},"excerpt":{"rendered":"<p>18.77\u20ac\/kg<\/p>\n","protected":false},"featured_media":73088,"comment_status":"closed","ping_status":"closed","template":"","meta":{"_themeisle_gutenberg_block_has_review":false},"product_brand":[],"product_cat":[25,144,132],"product_tag":[593],"woo-feed-brand":[],"class_list":{"0":"post-73087","1":"product","2":"type-product","3":"status-publish","4":"has-post-thumbnail","6":"product_cat-chocolates","7":"product_cat-chocolates-biscoitos-e-cereais","8":"product_cat-mercearia","9":"product_tag-novidades","10":"ts_product_brand-milka","12":"first","13":"instock","14":"taxable","15":"shipping-taxable","16":"purchasable","17":"product-type-simple"},"_links":{"self":[{"href":"https:\/\/www.ateti.pt\/loja\/wp-json\/wp\/v2\/product\/73087","targetHints":{"allow":["GET"]}}],"collection":[{"href":"https:\/\/www.ateti.pt\/loja\/wp-json\/wp\/v2\/product"}],"about":[{"href":"https:\/\/www.ateti.pt\/loja\/wp-json\/wp\/v2\/types\/product"}],"replies":[{"embeddable":true,"href":"https:\/\/www.ateti.pt\/loja\/wp-json\/wp\/v2\/comments?post=73087"}],"wp:featuredmedia":[{"embeddable":true,"href":"https:\/\/www.ateti.pt\/loja\/wp-json\/wp\/v2\/media\/73088"}],"wp:attachment":[{"href":"https:\/\/www.ateti.pt\/loja\/wp-json\/wp\/v2\/media?parent=73087"}],"wp:term":[{"taxonomy":"product_brand","embeddable":true,"href":"https:\/\/www.ateti.pt\/loja\/wp-json\/wp\/v2\/product_brand?post=73087"},{"taxonomy":"product_cat","embeddable":true,"href":"https:\/\/www.ateti.pt\/loja\/wp-json\/wp\/v2\/product_cat?post=73087"},{"taxonomy":"product_tag","embeddable":true,"href":"https:\/\/www.ateti.pt\/loja\/wp-json\/wp\/v2\/product_tag?post=73087"},{"taxonomy":"woo-feed-brand","embeddable":true,"href":"https:\/\/www.ateti.pt\/loja\/wp-json\/wp\/v2\/woo-feed-brand?post=73087"}],"curies":[{"name":"wp","href":"https:\/\/api.w.org\/{rel}","templated":true}]}}