{"id":72521,"date":"2025-05-16T16:56:06","date_gmt":"2025-05-16T15:56:06","guid":{"rendered":"https:\/\/www.ateti.pt\/loja\/?post_type=product&#038;p=72521"},"modified":"2025-05-16T17:03:09","modified_gmt":"2025-05-16T16:03:09","slug":"chocolate-branco-dubai-70g-delica-dore","status":"publish","type":"product","link":"https:\/\/www.ateti.pt\/loja\/produto\/chocolate-branco-dubai-70g-delica-dore\/","title":{"rendered":"Chocolate Branco Dubai 70g Delica Dore"},"content":{"rendered":"<p><strong>Chocolate Branco Dubai Delica Dore<\/strong><\/p>\n<p><strong>Quantidade:\u00a0<\/strong>70g<\/p>\n<p>Chocolate branco com recheio de pist\u00e1cio e Kadaif.<\/p>\n<p>Ingredientes: a\u00e7\u00facar, pist\u00e1cios, gorduras vegetais, manteiga de cacau, leite gordo em p\u00f3, soro de leite em p\u00f3, kadaif, pasta de cacau, leite em p\u00f3 magro, pasta de avel\u00e3s, mat\u00e9ria gorda l\u00e1ctea, emulsionante: lecitinas, sal, aroma natural de pist\u00e1cio com outros aromas naturais, spirulina, aroma natural, pasta de amendoins. Chocolate de leite: cacau:31% m\u00ednimo, mat\u00e9ria seca de leite: 20% m\u00ednimo. Pode conter frutos de casca rija, ovos, soja e outros cereais que cont\u00eam gl\u00faten.<\/p>\n<p><strong>Valores nutricionais:\u00a0<\/strong>Energia: 2334kj\/560kcal; L\u00edpidos: 37g, dos quais saturados: 18g; Hidratos de Carbono: 47g, dos quais a\u00e7\u00facares: 41g; Prote\u00ednas: 8.9g; Sal: 0.40g.<\/p>\n<p>Produzido na UE.<\/p>\n<p>Origem da pasta de cacau e n\u00e3o manteiga de cacau.<\/p>\n","protected":false},"excerpt":{"rendered":"<p>57\u20ac\/kg<\/p>\n","protected":false},"featured_media":72523,"comment_status":"closed","ping_status":"closed","template":"","meta":{"_themeisle_gutenberg_block_has_review":false},"product_brand":[],"product_cat":[25,144,132],"product_tag":[593],"woo-feed-brand":[],"class_list":{"0":"post-72521","1":"product","2":"type-product","3":"status-publish","4":"has-post-thumbnail","6":"product_cat-chocolates","7":"product_cat-chocolates-biscoitos-e-cereais","8":"product_cat-mercearia","9":"product_tag-novidades","11":"first","12":"instock","13":"taxable","14":"shipping-taxable","15":"purchasable","16":"product-type-simple"},"_links":{"self":[{"href":"https:\/\/www.ateti.pt\/loja\/wp-json\/wp\/v2\/product\/72521","targetHints":{"allow":["GET"]}}],"collection":[{"href":"https:\/\/www.ateti.pt\/loja\/wp-json\/wp\/v2\/product"}],"about":[{"href":"https:\/\/www.ateti.pt\/loja\/wp-json\/wp\/v2\/types\/product"}],"replies":[{"embeddable":true,"href":"https:\/\/www.ateti.pt\/loja\/wp-json\/wp\/v2\/comments?post=72521"}],"wp:featuredmedia":[{"embeddable":true,"href":"https:\/\/www.ateti.pt\/loja\/wp-json\/wp\/v2\/media\/72523"}],"wp:attachment":[{"href":"https:\/\/www.ateti.pt\/loja\/wp-json\/wp\/v2\/media?parent=72521"}],"wp:term":[{"taxonomy":"product_brand","embeddable":true,"href":"https:\/\/www.ateti.pt\/loja\/wp-json\/wp\/v2\/product_brand?post=72521"},{"taxonomy":"product_cat","embeddable":true,"href":"https:\/\/www.ateti.pt\/loja\/wp-json\/wp\/v2\/product_cat?post=72521"},{"taxonomy":"product_tag","embeddable":true,"href":"https:\/\/www.ateti.pt\/loja\/wp-json\/wp\/v2\/product_tag?post=72521"},{"taxonomy":"woo-feed-brand","embeddable":true,"href":"https:\/\/www.ateti.pt\/loja\/wp-json\/wp\/v2\/woo-feed-brand?post=72521"}],"curies":[{"name":"wp","href":"https:\/\/api.w.org\/{rel}","templated":true}]}}