{"id":71657,"date":"2025-01-14T12:01:07","date_gmt":"2025-01-14T12:01:07","guid":{"rendered":"https:\/\/www.ateti.pt\/loja\/?post_type=product&#038;p=71657"},"modified":"2026-02-06T11:35:16","modified_gmt":"2026-02-06T11:35:16","slug":"cafe-grao-lote-superior-5x1kg-delta","status":"publish","type":"product","link":"https:\/\/www.ateti.pt\/loja\/produto\/cafe-grao-lote-superior-5x1kg-delta\/","title":{"rendered":"Caf\u00e9 Gr\u00e3o Lote Superior 5x1Kg Delta"},"content":{"rendered":"<p><strong>Caf\u00e9 Gr\u00e3o Lote Superior Delta 1Kg<\/strong><\/p>\n<p><strong>Quantidade:<\/strong> 5 Kg<\/p>\n<p><strong>Descri\u00e7\u00e3o: <\/strong><\/p>\n<p>Caf\u00e9 Gr\u00e3o Lote Superior Delta 1Kg tem um blend enriquecido, de subtil acidez e aroma en\u00e9rgico, superiormente definido, d\u00e1 origem a uma bebida encorpada e gosto persistente.<\/p>\n<p>Conservar as embalagens em local seco, fresco e sem odores.<\/p>\n<p>Use de prefer\u00eancia \u00e1gua mineral.<\/p>\n<p>Utilize +\/- 7 g de caf\u00e9 por ch\u00e1vena.<\/p>\n<p>Veja mais em <a href=\"https:\/\/www.ateti.pt\/loja\/categoria\/cafe-moido-em-grao-e-soluvel\/\">Caf\u00e9 mo\u00eddo, em gr\u00e3o e sol\u00favel<\/a><\/p>\n<p><strong>Benef\u00edcios:\u00a0<\/strong>Reconhecido pelo seu efeito de redu\u00e7\u00e3o de sensa\u00e7\u00e3o de fadiga e aumento dos n\u00edveis de aten\u00e7\u00e3o, racioc\u00ednio e mem\u00f3ria. Este efeito resulta do elevado teor em cafe\u00edna, uma subst\u00e2ncia que, para al\u00e9m de funcionar como estimulante, pode promover a resist\u00eancia durante o exerc\u00edcio f\u00edsico. A presen\u00e7a de cafe\u00edna e antioxidantes no caf\u00e9, atribuem-lhe e ainda outros poss\u00edveis benef\u00edcios, como melhoria do racioc\u00ednio e mem\u00f3ria, prote\u00e7\u00e3o contra doen\u00e7as como cancro do c\u00f3lon, diabetes tipo 2, depress\u00e3o, entre outras. O caf\u00e9 tamb\u00e9m parece ajudar a manter as fun\u00e7\u00f5es cognitivas no envelhecimento, reduzindo o risco de doen\u00e7a de Alzheimer e Parkinson.<\/p>\n","protected":false},"excerpt":{"rendered":"<p>19.59\u20ac\/Kg<\/p>\n","protected":false},"featured_media":72487,"comment_status":"closed","ping_status":"closed","template":"","meta":{"_themeisle_gutenberg_block_has_review":false},"product_brand":[],"product_cat":[250,692,170,695,24,132],"product_tag":[],"woo-feed-brand":[],"class_list":{"0":"post-71657","1":"product","2":"type-product","3":"status-publish","4":"has-post-thumbnail","6":"product_cat-ate-ti-negocios","7":"product_cat-cafe","8":"product_cat-cafe-em-grao","9":"product_cat-cafe-grao","10":"product_cat-cafe-moido-em-grao-e-soluvel","11":"product_cat-mercearia","13":"first","14":"instock","15":"sale","16":"taxable","17":"shipping-taxable","18":"purchasable","19":"product-type-simple"},"_links":{"self":[{"href":"https:\/\/www.ateti.pt\/loja\/wp-json\/wp\/v2\/product\/71657","targetHints":{"allow":["GET"]}}],"collection":[{"href":"https:\/\/www.ateti.pt\/loja\/wp-json\/wp\/v2\/product"}],"about":[{"href":"https:\/\/www.ateti.pt\/loja\/wp-json\/wp\/v2\/types\/product"}],"replies":[{"embeddable":true,"href":"https:\/\/www.ateti.pt\/loja\/wp-json\/wp\/v2\/comments?post=71657"}],"wp:featuredmedia":[{"embeddable":true,"href":"https:\/\/www.ateti.pt\/loja\/wp-json\/wp\/v2\/media\/72487"}],"wp:attachment":[{"href":"https:\/\/www.ateti.pt\/loja\/wp-json\/wp\/v2\/media?parent=71657"}],"wp:term":[{"taxonomy":"product_brand","embeddable":true,"href":"https:\/\/www.ateti.pt\/loja\/wp-json\/wp\/v2\/product_brand?post=71657"},{"taxonomy":"product_cat","embeddable":true,"href":"https:\/\/www.ateti.pt\/loja\/wp-json\/wp\/v2\/product_cat?post=71657"},{"taxonomy":"product_tag","embeddable":true,"href":"https:\/\/www.ateti.pt\/loja\/wp-json\/wp\/v2\/product_tag?post=71657"},{"taxonomy":"woo-feed-brand","embeddable":true,"href":"https:\/\/www.ateti.pt\/loja\/wp-json\/wp\/v2\/woo-feed-brand?post=71657"}],"curies":[{"name":"wp","href":"https:\/\/api.w.org\/{rel}","templated":true}]}}