{"id":71656,"date":"2025-01-14T11:58:55","date_gmt":"2025-01-14T11:58:55","guid":{"rendered":"https:\/\/www.ateti.pt\/loja\/?post_type=product&#038;p=71656"},"modified":"2026-02-06T11:35:40","modified_gmt":"2026-02-06T11:35:40","slug":"cafe-grao-lote-chavena-5x1kg-delta","status":"publish","type":"product","link":"https:\/\/www.ateti.pt\/loja\/produto\/cafe-grao-lote-chavena-5x1kg-delta\/","title":{"rendered":"Caf\u00e9 Gr\u00e3o Lote Ch\u00e1vena 5x1Kg Delta"},"content":{"rendered":"<p><strong>Caf\u00e9 Gr\u00e3o Lote Ch\u00e1vena Delta 1Kg<\/strong><\/p>\n<p>Quantidade:\u00a0 5 Kg<\/p>\n<p>Caf\u00e9 Gr\u00e3o Lote Ch\u00e1vena Delta 1Kg tem um blend equilibrado que combina as mais distintas variedades de caf\u00e9, resultando numa bebida de excepcional qualidade, com um sabor marcante e arom\u00e1tico.<\/p>\n<p><strong>Benef\u00edcios: <\/strong>Reconhecido pelo seu efeito de redu\u00e7\u00e3o de sensa\u00e7\u00e3o de fadiga e aumento dos n\u00edveis de aten\u00e7\u00e3o, racioc\u00ednio e mem\u00f3ria. Este efeito resulta do elevado teor em cafe\u00edna, uma subst\u00e2ncia que, para al\u00e9m de funcionar como estimulante, pode promover a resist\u00eancia durante o exerc\u00edcio f\u00edsico. A presen\u00e7a de cafe\u00edna e antioxidantes no caf\u00e9, atribuem-lhe e ainda outros poss\u00edveis benef\u00edcios, como melhoria do racioc\u00ednio e mem\u00f3ria, prote\u00e7\u00e3o contra doen\u00e7as como cancro do c\u00f3lon, diabetes tipo 2, depress\u00e3o, entre outras. O caf\u00e9 tamb\u00e9m parece ajudar a manter as fun\u00e7\u00f5es cognitivas no envelhecimento, reduzindo o risco de doen\u00e7a de Alzheimer e Parkinson.<br \/>\n<b><\/b><\/p>\n<p><b>Conserva\u00e7\u00e3o:<\/b><\/p>\n<p>Em local seco e fresco, em embalagem fechada. Em gr\u00e3o, preserva por mais tempo as suas propriedades sensoriais.<\/p>\n<p>Valores nutricionais: Energia: 337kcal\/ 1401 kj; L\u00edpidos: 13,1g, dos quais \u00e1cidos gordos saturados: 5,99g; Hidratos de carbono: 14g; dos quais a\u00e7\u00facares: 0,5g; Prote\u00ednas: 16,9; Fibras: 48,9; Sal: 0,03g.<\/p>\n<p>Veja mais em <a href=\"https:\/\/www.ateti.pt\/loja\/categoria\/cafe-moido-em-grao-e-soluvel\/cafe-em-grao\/\">Caf\u00e9 em Gr\u00e3o<\/a><\/p>\n","protected":false},"excerpt":{"rendered":"<p>17.79\u20ac\/Kg<\/p>\n","protected":false},"featured_media":71667,"comment_status":"closed","ping_status":"closed","template":"","meta":{"_themeisle_gutenberg_block_has_review":false},"product_brand":[],"product_cat":[250,692,170,695,24,132],"product_tag":[],"woo-feed-brand":[],"class_list":{"0":"post-71656","1":"product","2":"type-product","3":"status-publish","4":"has-post-thumbnail","6":"product_cat-ate-ti-negocios","7":"product_cat-cafe","8":"product_cat-cafe-em-grao","9":"product_cat-cafe-grao","10":"product_cat-cafe-moido-em-grao-e-soluvel","11":"product_cat-mercearia","13":"first","14":"instock","15":"sale","16":"taxable","17":"shipping-taxable","18":"purchasable","19":"product-type-simple"},"_links":{"self":[{"href":"https:\/\/www.ateti.pt\/loja\/wp-json\/wp\/v2\/product\/71656","targetHints":{"allow":["GET"]}}],"collection":[{"href":"https:\/\/www.ateti.pt\/loja\/wp-json\/wp\/v2\/product"}],"about":[{"href":"https:\/\/www.ateti.pt\/loja\/wp-json\/wp\/v2\/types\/product"}],"replies":[{"embeddable":true,"href":"https:\/\/www.ateti.pt\/loja\/wp-json\/wp\/v2\/comments?post=71656"}],"wp:featuredmedia":[{"embeddable":true,"href":"https:\/\/www.ateti.pt\/loja\/wp-json\/wp\/v2\/media\/71667"}],"wp:attachment":[{"href":"https:\/\/www.ateti.pt\/loja\/wp-json\/wp\/v2\/media?parent=71656"}],"wp:term":[{"taxonomy":"product_brand","embeddable":true,"href":"https:\/\/www.ateti.pt\/loja\/wp-json\/wp\/v2\/product_brand?post=71656"},{"taxonomy":"product_cat","embeddable":true,"href":"https:\/\/www.ateti.pt\/loja\/wp-json\/wp\/v2\/product_cat?post=71656"},{"taxonomy":"product_tag","embeddable":true,"href":"https:\/\/www.ateti.pt\/loja\/wp-json\/wp\/v2\/product_tag?post=71656"},{"taxonomy":"woo-feed-brand","embeddable":true,"href":"https:\/\/www.ateti.pt\/loja\/wp-json\/wp\/v2\/woo-feed-brand?post=71656"}],"curies":[{"name":"wp","href":"https:\/\/api.w.org\/{rel}","templated":true}]}}