{"id":71655,"date":"2025-01-14T11:56:21","date_gmt":"2025-01-14T11:56:21","guid":{"rendered":"https:\/\/www.ateti.pt\/loja\/?post_type=product&#038;p=71655"},"modified":"2026-02-06T11:36:01","modified_gmt":"2026-02-06T11:36:01","slug":"cafe-grao-expresso-bar-5x1kg-delta","status":"publish","type":"product","link":"https:\/\/www.ateti.pt\/loja\/produto\/cafe-grao-expresso-bar-5x1kg-delta\/","title":{"rendered":"Caf\u00e9 Gr\u00e3o Expresso Bar 5x1Kg Delta"},"content":{"rendered":"<p><strong>Caf\u00e9 Gr\u00e3o Expresso Bar Delta Kg<\/strong><\/p>\n<p><strong>Quantidade:<\/strong> 5 kg<\/p>\n<p><em>Mistura de caf\u00e9 torrado com caf\u00e9 torrefato\u00a0em gr\u00e3o<\/em><\/p>\n<p>Caf\u00e9 Gr\u00e3o Expresso Bar Delta 1Kg \u00e9 um blend de corpo marcado pelos Robusta Africanos e a alma acentuada pelo aroma dos Ar\u00e1bicas da Am\u00e9rica Central, d\u00e1 origens a uma bebida estimulante para os sentidos, perfeita para o inicio das manh\u00e3s.<\/p>\n<p><strong>Ingredientes:\u00a0<\/strong>Caf\u00e9, a\u00e7\u00facar, e extrato de alfarroba.<\/p>\n<p>70% Caf\u00e9 Torra Natural\/ 30% Caf\u00e9 Torrefacto<\/p>\n<p><strong>Declara\u00e7\u00e3o Nutricional (por 100g):\u00a0<\/strong>Energia: 1356kj\/329kcal; L\u00edpidos: 11,9g; dos quais Saturados: 5,38g; Hidratos de Carbono: 13g; dos quais A\u00e7\u00facares: &lt;0,5g; Fibra: 51,4g; Prote\u00edna: 16,7g; Sal: &lt;0,01g.<\/p>\n<p>Veja mais em <a href=\"https:\/\/www.ateti.pt\/loja\/categoria\/cafe-moido-em-grao-e-soluvel\/\">Caf\u00e9 mo\u00eddo, em gr\u00e3o e sol\u00favel<\/a><\/p>\n<p><strong>Benef\u00edcios:\u00a0<\/strong>Reconhecido pelo seu efeito de redu\u00e7\u00e3o de sensa\u00e7\u00e3o de fadiga e aumento dos n\u00edveis de aten\u00e7\u00e3o, racioc\u00ednio e mem\u00f3ria. Este efeito resulta do elevado teor em cafe\u00edna, uma subst\u00e2ncia que, para al\u00e9m de funcionar como estimulante, pode promover a resist\u00eancia durante o exerc\u00edcio f\u00edsico. A presen\u00e7a de cafe\u00edna e antioxidantes no caf\u00e9, atribuem-lhe e ainda outros poss\u00edveis benef\u00edcios, como melhoria do racioc\u00ednio e mem\u00f3ria, prote\u00e7\u00e3o contra doen\u00e7as como cancro do c\u00f3lon, diabetes tipo 2, depress\u00e3o, entre outras. O caf\u00e9 tamb\u00e9m parece ajudar a manter as fun\u00e7\u00f5es cognitivas no envelhecimento, reduzindo o risco de doen\u00e7a de Alzheimer e Parkinson.<\/p>\n<p><strong>Curiosidades<\/strong><\/p>\n<blockquote><p>H\u00e1 quarenta anos s\u00f3 se dizia \u00abbica\u00bb em Lisboa para designar um caf\u00e9 tirado em copo ou ch\u00e1vena de vidro. Perdeu-se a raz\u00e3o da distin\u00e7\u00e3o entre bica e caf\u00e9 e hoje, no Sul de Portugal, diz-se indiferentemente uma palavra ou outra. A origem de bica estar\u00e1, possivelmente, na maneira de tirar o caf\u00e9 para a ch\u00e1vena, a partir duma bica que a m\u00e1quina tem.<\/p><\/blockquote>\n","protected":false},"excerpt":{"rendered":"<p>16.39\u20ac\/kg<\/p>\n","protected":false},"featured_media":71668,"comment_status":"closed","ping_status":"closed","template":"","meta":{"_themeisle_gutenberg_block_has_review":false},"product_brand":[],"product_cat":[250,692,170,695,24,132],"product_tag":[],"woo-feed-brand":[],"class_list":{"0":"post-71655","1":"product","2":"type-product","3":"status-publish","4":"has-post-thumbnail","6":"product_cat-ate-ti-negocios","7":"product_cat-cafe","8":"product_cat-cafe-em-grao","9":"product_cat-cafe-grao","10":"product_cat-cafe-moido-em-grao-e-soluvel","11":"product_cat-mercearia","13":"first","14":"instock","15":"sale","16":"taxable","17":"shipping-taxable","18":"purchasable","19":"product-type-simple"},"_links":{"self":[{"href":"https:\/\/www.ateti.pt\/loja\/wp-json\/wp\/v2\/product\/71655","targetHints":{"allow":["GET"]}}],"collection":[{"href":"https:\/\/www.ateti.pt\/loja\/wp-json\/wp\/v2\/product"}],"about":[{"href":"https:\/\/www.ateti.pt\/loja\/wp-json\/wp\/v2\/types\/product"}],"replies":[{"embeddable":true,"href":"https:\/\/www.ateti.pt\/loja\/wp-json\/wp\/v2\/comments?post=71655"}],"wp:featuredmedia":[{"embeddable":true,"href":"https:\/\/www.ateti.pt\/loja\/wp-json\/wp\/v2\/media\/71668"}],"wp:attachment":[{"href":"https:\/\/www.ateti.pt\/loja\/wp-json\/wp\/v2\/media?parent=71655"}],"wp:term":[{"taxonomy":"product_brand","embeddable":true,"href":"https:\/\/www.ateti.pt\/loja\/wp-json\/wp\/v2\/product_brand?post=71655"},{"taxonomy":"product_cat","embeddable":true,"href":"https:\/\/www.ateti.pt\/loja\/wp-json\/wp\/v2\/product_cat?post=71655"},{"taxonomy":"product_tag","embeddable":true,"href":"https:\/\/www.ateti.pt\/loja\/wp-json\/wp\/v2\/product_tag?post=71655"},{"taxonomy":"woo-feed-brand","embeddable":true,"href":"https:\/\/www.ateti.pt\/loja\/wp-json\/wp\/v2\/woo-feed-brand?post=71655"}],"curies":[{"name":"wp","href":"https:\/\/api.w.org\/{rel}","templated":true}]}}