{"id":70454,"date":"2025-02-26T12:13:02","date_gmt":"2025-02-26T12:13:02","guid":{"rendered":"https:\/\/www.ateti.pt\/loja\/?post_type=product&#038;p=70454"},"modified":"2025-02-27T12:49:20","modified_gmt":"2025-02-27T12:49:20","slug":"bolacha-hungara-com-chocolate-250g-rolo","status":"publish","type":"product","link":"https:\/\/www.ateti.pt\/loja\/produto\/bolacha-hungara-com-chocolate-250g-rolo\/","title":{"rendered":"Bolacha H\u00fangara com Chocolate 250g Rolo"},"content":{"rendered":"<p>Bolacha H\u00fangara com Chocolate<\/p>\n<p><strong>Quantidade:\u00a0<\/strong>250g<\/p>\n<p><strong>Ingredientes:<\/strong> Farinha de trigo[farinha de trigo, antioxidante(E300)], margarina[\u00f3leos e gorduras vegetais (palma, girassol, em propor\u00e7\u00f5es vari\u00e1veis) \u00e1gua, emulsionante(E471), sal (0,2%) acidificante (E330), corante (carotenos)], cobertura de chocolate(52%) cacau [a\u00e7\u00facar, pasta de cacau, manteiga de cacau, emulsionante (lecitina de soja), aroma], a\u00e7\u00facar, amido de milho, ovo inteiro pasteurizado [ovo de galinha, conservante (E202), antioxidante(E330), aroma. Pode conter vest\u00edgios de leite, frutos de casca rija, sementes de s\u00e9samo e mostarda.<\/p>\n<p><strong>Valores nutricionais por 100g:\u00a0<\/strong>Energia: 498kcal\/2085kj\/L\u00edpidos: 23g, dos quais saturados: 11,8g; Hidratos de Carbono: 65,8g, dos quais a\u00e7\u00facares: 27,9g; Fibra: 2,3g; Prote\u00ednas: 5,7g; Sal:0,07g.<\/p>\n<p><strong>Modo de Conserva\u00e7\u00e3o:\u00a0<\/strong>Conservar em local fresco e seco.<\/p>\n","protected":false},"excerpt":{"rendered":"<p>8,36\u20ac\/kg<\/p>\n","protected":false},"featured_media":70455,"comment_status":"closed","ping_status":"closed","template":"","meta":{"_themeisle_gutenberg_block_has_review":false},"product_brand":[],"product_cat":[134,144,132],"product_tag":[593],"woo-feed-brand":[],"class_list":{"0":"post-70454","1":"product","2":"type-product","3":"status-publish","4":"has-post-thumbnail","6":"product_cat-bolachas-biscoitos","7":"product_cat-chocolates-biscoitos-e-cereais","8":"product_cat-mercearia","9":"product_tag-novidades","10":"ts_product_brand-ate-ti","12":"first","13":"instock","14":"taxable","15":"shipping-taxable","16":"purchasable","17":"product-type-simple"},"_links":{"self":[{"href":"https:\/\/www.ateti.pt\/loja\/wp-json\/wp\/v2\/product\/70454","targetHints":{"allow":["GET"]}}],"collection":[{"href":"https:\/\/www.ateti.pt\/loja\/wp-json\/wp\/v2\/product"}],"about":[{"href":"https:\/\/www.ateti.pt\/loja\/wp-json\/wp\/v2\/types\/product"}],"replies":[{"embeddable":true,"href":"https:\/\/www.ateti.pt\/loja\/wp-json\/wp\/v2\/comments?post=70454"}],"wp:featuredmedia":[{"embeddable":true,"href":"https:\/\/www.ateti.pt\/loja\/wp-json\/wp\/v2\/media\/70455"}],"wp:attachment":[{"href":"https:\/\/www.ateti.pt\/loja\/wp-json\/wp\/v2\/media?parent=70454"}],"wp:term":[{"taxonomy":"product_brand","embeddable":true,"href":"https:\/\/www.ateti.pt\/loja\/wp-json\/wp\/v2\/product_brand?post=70454"},{"taxonomy":"product_cat","embeddable":true,"href":"https:\/\/www.ateti.pt\/loja\/wp-json\/wp\/v2\/product_cat?post=70454"},{"taxonomy":"product_tag","embeddable":true,"href":"https:\/\/www.ateti.pt\/loja\/wp-json\/wp\/v2\/product_tag?post=70454"},{"taxonomy":"woo-feed-brand","embeddable":true,"href":"https:\/\/www.ateti.pt\/loja\/wp-json\/wp\/v2\/woo-feed-brand?post=70454"}],"curies":[{"name":"wp","href":"https:\/\/api.w.org\/{rel}","templated":true}]}}