{"id":70452,"date":"2025-12-07T10:50:37","date_gmt":"2025-12-07T10:50:37","guid":{"rendered":"https:\/\/www.ateti.pt\/loja\/?post_type=product&#038;p=70452"},"modified":"2026-01-23T09:18:02","modified_gmt":"2026-01-23T09:18:02","slug":"lagartos-300g-rolo","status":"publish","type":"product","link":"https:\/\/www.ateti.pt\/loja\/produto\/lagartos-300g-rolo\/","title":{"rendered":"Lagartos 300g Rolo (25-02-2026)"},"content":{"rendered":"<p><strong>Lagartos<\/strong><\/p>\n<p><strong>Quantidade: 300g<\/strong><\/p>\n<p><strong>Ingredientes:\u00a0<\/strong>Farinha de Trigo, a\u00e7\u00facar, margarina vegetal[\u00f3leos e gorduras vegetais (palma, girassol, em propor\u00e7\u00f5es vari\u00e1veis), \u00e1gua, emulsionante(E471), sal (0.2%), acidificante(E330), corante(carotenos)], ovo l\u00edquido pasteurizado[ovo, conservante(E211), regulador de acidez(E330)], \u00e1gua, fermento em p\u00f3[amido modificado, levedantes qu\u00edmicos(E450i, E500ii)], aromas. Podes conter vest\u00edgios de soja, leite, frutos de casca rija, sementes de s\u00e9samo e mostarda.<\/p>\n<p><strong>Valores nutricionais por 100g:<\/strong> Energia: 471kcal\/ 1978kj; L\u00edpidos:19g, dos quais saturados: 9g; Hidratos de Carbono: 69g, dos quais a\u00e7\u00facares: 27g; Fibra: 0,9g; Prote\u00ednas: 6,8g; Sal: 0,51g.<\/p>\n<p>Modo de Conserva\u00e7\u00e3o: Conservar em local seco e fresco.<\/p>\n<p>&nbsp;<\/p>\n","protected":false},"excerpt":{"rendered":"<p>5.96\u20ac\/kg<\/p>\n","protected":false},"featured_media":70453,"comment_status":"closed","ping_status":"closed","template":"","meta":{"_themeisle_gutenberg_block_has_review":false},"product_brand":[],"product_cat":[134,144,132,265],"product_tag":[593],"woo-feed-brand":[],"class_list":{"0":"post-70452","1":"product","2":"type-product","3":"status-publish","4":"has-post-thumbnail","6":"product_cat-bolachas-biscoitos","7":"product_cat-chocolates-biscoitos-e-cereais","8":"product_cat-mercearia","9":"product_cat-promocoes-outlet-ate-50-desconto-supermercado-online-ate-ti","10":"product_tag-novidades","11":"ts_product_brand-ate-ti","13":"first","14":"outofstock","15":"sale","16":"taxable","17":"shipping-taxable","18":"purchasable","19":"product-type-simple"},"_links":{"self":[{"href":"https:\/\/www.ateti.pt\/loja\/wp-json\/wp\/v2\/product\/70452","targetHints":{"allow":["GET"]}}],"collection":[{"href":"https:\/\/www.ateti.pt\/loja\/wp-json\/wp\/v2\/product"}],"about":[{"href":"https:\/\/www.ateti.pt\/loja\/wp-json\/wp\/v2\/types\/product"}],"replies":[{"embeddable":true,"href":"https:\/\/www.ateti.pt\/loja\/wp-json\/wp\/v2\/comments?post=70452"}],"wp:featuredmedia":[{"embeddable":true,"href":"https:\/\/www.ateti.pt\/loja\/wp-json\/wp\/v2\/media\/70453"}],"wp:attachment":[{"href":"https:\/\/www.ateti.pt\/loja\/wp-json\/wp\/v2\/media?parent=70452"}],"wp:term":[{"taxonomy":"product_brand","embeddable":true,"href":"https:\/\/www.ateti.pt\/loja\/wp-json\/wp\/v2\/product_brand?post=70452"},{"taxonomy":"product_cat","embeddable":true,"href":"https:\/\/www.ateti.pt\/loja\/wp-json\/wp\/v2\/product_cat?post=70452"},{"taxonomy":"product_tag","embeddable":true,"href":"https:\/\/www.ateti.pt\/loja\/wp-json\/wp\/v2\/product_tag?post=70452"},{"taxonomy":"woo-feed-brand","embeddable":true,"href":"https:\/\/www.ateti.pt\/loja\/wp-json\/wp\/v2\/woo-feed-brand?post=70452"}],"curies":[{"name":"wp","href":"https:\/\/api.w.org\/{rel}","templated":true}]}}