{"id":70445,"date":"2025-07-26T11:12:06","date_gmt":"2025-07-26T10:12:06","guid":{"rendered":"https:\/\/www.ateti.pt\/loja\/?post_type=product&#038;p=70445"},"modified":"2025-08-19T15:57:53","modified_gmt":"2025-08-19T14:57:53","slug":"areias-de-manteiga-300g","status":"publish","type":"product","link":"https:\/\/www.ateti.pt\/loja\/produto\/areias-de-manteiga-300g\/","title":{"rendered":"Areias de Manteiga 300g Rolo"},"content":{"rendered":"<p>Areias de Manteiga<\/p>\n<p><strong>Quantidade:\u00a0<\/strong>300g<\/p>\n<p><strong>Ingredientes:\u00a0<\/strong>Farinha de Trigo[farinha de trigo, atioxidante(E330)], manteiga(29,7%) [nata pasteurizada(leite)], a\u00e7\u00facar, ovo l\u00edquido pasteurizado[ovo, conservante(E202), regulador de acidez(E330)], sal, fermento[amido modificado, levedantes qu\u00edmicos(E450i, E500i)]. Decora\u00e7\u00e3o: a\u00e7\u00facar. Pode conter vest\u00edgios de soja, mostarda, sementes de s\u00e9samo e frutos de casca rija.<\/p>\n<p>Valores nutricionais por 100g: Energia: 485kcal\/2031kj\/ L\u00edpidos: 23g, dos quais saturados: 16g; Hidratos de Carbono: 63g, dos quais a\u00e7\u00facares: 22g; Fibra: 2,6g; Prote\u00ednas: 5,2g; Sal: 0,5g<\/p>\n<p>Conservar em local seco e fresco.<\/p>\n<p>&nbsp;<\/p>\n","protected":false},"excerpt":{"rendered":"<p>8,63\u20ac\/kg<\/p>\n","protected":false},"featured_media":70446,"comment_status":"closed","ping_status":"closed","template":"","meta":{"_themeisle_gutenberg_block_has_review":false},"product_brand":[],"product_cat":[134,144,132],"product_tag":[],"woo-feed-brand":[],"class_list":{"0":"post-70445","1":"product","2":"type-product","3":"status-publish","4":"has-post-thumbnail","6":"product_cat-bolachas-biscoitos","7":"product_cat-chocolates-biscoitos-e-cereais","8":"product_cat-mercearia","9":"ts_product_brand-ate-ti","11":"first","12":"instock","13":"taxable","14":"shipping-taxable","15":"purchasable","16":"product-type-simple"},"_links":{"self":[{"href":"https:\/\/www.ateti.pt\/loja\/wp-json\/wp\/v2\/product\/70445","targetHints":{"allow":["GET"]}}],"collection":[{"href":"https:\/\/www.ateti.pt\/loja\/wp-json\/wp\/v2\/product"}],"about":[{"href":"https:\/\/www.ateti.pt\/loja\/wp-json\/wp\/v2\/types\/product"}],"replies":[{"embeddable":true,"href":"https:\/\/www.ateti.pt\/loja\/wp-json\/wp\/v2\/comments?post=70445"}],"wp:featuredmedia":[{"embeddable":true,"href":"https:\/\/www.ateti.pt\/loja\/wp-json\/wp\/v2\/media\/70446"}],"wp:attachment":[{"href":"https:\/\/www.ateti.pt\/loja\/wp-json\/wp\/v2\/media?parent=70445"}],"wp:term":[{"taxonomy":"product_brand","embeddable":true,"href":"https:\/\/www.ateti.pt\/loja\/wp-json\/wp\/v2\/product_brand?post=70445"},{"taxonomy":"product_cat","embeddable":true,"href":"https:\/\/www.ateti.pt\/loja\/wp-json\/wp\/v2\/product_cat?post=70445"},{"taxonomy":"product_tag","embeddable":true,"href":"https:\/\/www.ateti.pt\/loja\/wp-json\/wp\/v2\/product_tag?post=70445"},{"taxonomy":"woo-feed-brand","embeddable":true,"href":"https:\/\/www.ateti.pt\/loja\/wp-json\/wp\/v2\/woo-feed-brand?post=70445"}],"curies":[{"name":"wp","href":"https:\/\/api.w.org\/{rel}","templated":true}]}}