{"id":69445,"date":"2025-01-16T11:55:31","date_gmt":"2025-01-16T11:55:31","guid":{"rendered":"https:\/\/www.ateti.pt\/loja\/?post_type=product&#038;p=69445"},"modified":"2025-05-19T12:08:30","modified_gmt":"2025-05-19T11:08:30","slug":"chocolate-cheesecake-morango-300g-milka","status":"publish","type":"product","link":"https:\/\/www.ateti.pt\/loja\/produto\/chocolate-cheesecake-morango-300g-milka\/","title":{"rendered":"Chocolate Cheesecake Morango 300g Milka"},"content":{"rendered":"<p>Chocolate Cheesecake Morango Milka<\/p>\n<p><strong>Quantidade:\u00a0<\/strong>300g<\/p>\n<p><strong>Ingredientes:\u00a0<\/strong>A\u00e7\u00facar, gordura de palma, farinha de trigo, leite em p\u00f3 magro, manteiga de cacau, xarope de glusoce, pasta de cacau, soro de leite em p\u00f3, gordura do leite, pur\u00e9 de morango, queijo em p\u00f3, humidificante, aromas, emulsionante, sumo de lim\u00e3o concentrado, iogurte desnatado, pasta de avel\u00e3s, sumo de groselha negra concentrado, sal, levedantes.<\/p>\n<p>Pode conter outros frutos de casca rija e ovo.<\/p>\n<p><strong>Valor energ\u00e9tico por 100g:\u00a0<\/strong>Energia: 2219kj\/531kcal; L\u00edpidos: 30g, dos quais saturados: 17; Hidratos de Carbono: 60g dos quais a\u00e7\u00facares: 49g; Fibra: 1,2g; Prote\u00ednas: 4,9g; Sal: 0,36g.<\/p>\n<p>&nbsp;<\/p>\n","protected":false},"excerpt":{"rendered":"<p>17.97\u20ac\/kg<\/p>\n","protected":false},"featured_media":69446,"comment_status":"closed","ping_status":"closed","template":"","meta":{"_themeisle_gutenberg_block_has_review":false},"product_brand":[],"product_cat":[25,144,132],"product_tag":[593],"woo-feed-brand":[],"class_list":{"0":"post-69445","1":"product","2":"type-product","3":"status-publish","4":"has-post-thumbnail","6":"product_cat-chocolates","7":"product_cat-chocolates-biscoitos-e-cereais","8":"product_cat-mercearia","9":"product_tag-novidades","10":"ts_product_brand-milka","12":"first","13":"instock","14":"sale","15":"taxable","16":"shipping-taxable","17":"purchasable","18":"product-type-simple"},"_links":{"self":[{"href":"https:\/\/www.ateti.pt\/loja\/wp-json\/wp\/v2\/product\/69445","targetHints":{"allow":["GET"]}}],"collection":[{"href":"https:\/\/www.ateti.pt\/loja\/wp-json\/wp\/v2\/product"}],"about":[{"href":"https:\/\/www.ateti.pt\/loja\/wp-json\/wp\/v2\/types\/product"}],"replies":[{"embeddable":true,"href":"https:\/\/www.ateti.pt\/loja\/wp-json\/wp\/v2\/comments?post=69445"}],"wp:featuredmedia":[{"embeddable":true,"href":"https:\/\/www.ateti.pt\/loja\/wp-json\/wp\/v2\/media\/69446"}],"wp:attachment":[{"href":"https:\/\/www.ateti.pt\/loja\/wp-json\/wp\/v2\/media?parent=69445"}],"wp:term":[{"taxonomy":"product_brand","embeddable":true,"href":"https:\/\/www.ateti.pt\/loja\/wp-json\/wp\/v2\/product_brand?post=69445"},{"taxonomy":"product_cat","embeddable":true,"href":"https:\/\/www.ateti.pt\/loja\/wp-json\/wp\/v2\/product_cat?post=69445"},{"taxonomy":"product_tag","embeddable":true,"href":"https:\/\/www.ateti.pt\/loja\/wp-json\/wp\/v2\/product_tag?post=69445"},{"taxonomy":"woo-feed-brand","embeddable":true,"href":"https:\/\/www.ateti.pt\/loja\/wp-json\/wp\/v2\/woo-feed-brand?post=69445"}],"curies":[{"name":"wp","href":"https:\/\/api.w.org\/{rel}","templated":true}]}}