{"id":69437,"date":"2025-01-16T10:35:02","date_gmt":"2025-01-16T10:35:02","guid":{"rendered":"https:\/\/www.ateti.pt\/loja\/?post_type=product&#038;p=69437"},"modified":"2025-10-17T16:51:58","modified_gmt":"2025-10-17T15:51:58","slug":"cafe-mythiq-int-15-emb-240-capsulas-6x40-capsulas-delta-q","status":"publish","type":"product","link":"https:\/\/www.ateti.pt\/loja\/produto\/cafe-mythiq-int-15-emb-240-capsulas-6x40-capsulas-delta-q\/","title":{"rendered":"Caf\u00e9 Mythiq Int 15 emb. 160 C\u00e1psulas (4&#215;40 C\u00e1psulas) Delta Q"},"content":{"rendered":"<p><strong>Caf\u00e9 Mythiq <\/strong><strong>Delta Q\u00a0<\/strong><\/p>\n<p>Intensidade: 15<\/p>\n<p>Quantidade: 160 c\u00e1psulas<\/p>\n<p>&nbsp;<\/p>\n","protected":false},"excerpt":{"rendered":"<p>0.35\u20ac\/un<\/p>\n<p>Intensidade: 15<\/p>\n<p>Quantidade: 160 c\u00e1psulas<\/p>\n","protected":false},"featured_media":69441,"comment_status":"closed","ping_status":"closed","template":"","meta":{"_themeisle_gutenberg_block_has_review":false},"product_brand":[],"product_cat":[117,21],"product_tag":[],"woo-feed-brand":[],"class_list":{"0":"post-69437","1":"product","2":"type-product","3":"status-publish","4":"has-post-thumbnail","6":"product_cat-cafe-em-capsula","7":"product_cat-capsulas-delta-q","9":"first","10":"instock","11":"sale","12":"taxable","13":"shipping-taxable","14":"purchasable","15":"product-type-simple"},"_links":{"self":[{"href":"https:\/\/www.ateti.pt\/loja\/wp-json\/wp\/v2\/product\/69437","targetHints":{"allow":["GET"]}}],"collection":[{"href":"https:\/\/www.ateti.pt\/loja\/wp-json\/wp\/v2\/product"}],"about":[{"href":"https:\/\/www.ateti.pt\/loja\/wp-json\/wp\/v2\/types\/product"}],"replies":[{"embeddable":true,"href":"https:\/\/www.ateti.pt\/loja\/wp-json\/wp\/v2\/comments?post=69437"}],"wp:featuredmedia":[{"embeddable":true,"href":"https:\/\/www.ateti.pt\/loja\/wp-json\/wp\/v2\/media\/69441"}],"wp:attachment":[{"href":"https:\/\/www.ateti.pt\/loja\/wp-json\/wp\/v2\/media?parent=69437"}],"wp:term":[{"taxonomy":"product_brand","embeddable":true,"href":"https:\/\/www.ateti.pt\/loja\/wp-json\/wp\/v2\/product_brand?post=69437"},{"taxonomy":"product_cat","embeddable":true,"href":"https:\/\/www.ateti.pt\/loja\/wp-json\/wp\/v2\/product_cat?post=69437"},{"taxonomy":"product_tag","embeddable":true,"href":"https:\/\/www.ateti.pt\/loja\/wp-json\/wp\/v2\/product_tag?post=69437"},{"taxonomy":"woo-feed-brand","embeddable":true,"href":"https:\/\/www.ateti.pt\/loja\/wp-json\/wp\/v2\/woo-feed-brand?post=69437"}],"curies":[{"name":"wp","href":"https:\/\/api.w.org\/{rel}","templated":true}]}}