{"id":69436,"date":"2025-01-16T10:30:36","date_gmt":"2025-01-16T10:30:36","guid":{"rendered":"https:\/\/www.ateti.pt\/loja\/?post_type=product&#038;p=69436"},"modified":"2025-10-21T16:31:31","modified_gmt":"2025-10-21T15:31:31","slug":"cafe-qalidus-int-10-240-capsulas-6x40-capsulas-delta-q","status":"publish","type":"product","link":"https:\/\/www.ateti.pt\/loja\/produto\/cafe-qalidus-int-10-240-capsulas-6x40-capsulas-delta-q\/","title":{"rendered":"Caf\u00e9 Qalidus Int 10 &#8211; 160 c\u00e1psulas (4&#215;40 C\u00e1psulas) Delta Q"},"content":{"rendered":"<p><strong>Caf\u00e9 Qalidus <\/strong><strong>Delta Q\u00a0<\/strong><\/p>\n<p><strong>Intensidade:<\/strong> 10<\/p>\n<p><strong>Quantidade:<\/strong> 160 c\u00e1psulas de caf\u00e9<\/p>\n<p><strong>Lista de Ingredientes:<\/strong>\u00a0Caf\u00e9 torrado (ingrediente \u00fanico).<\/p>\n<p><strong>Origem:<\/strong> Mat\u00e9ria prima oriunda de Angola, Camar\u00f5es e Honduras.<\/p>\n<p>Qalidus d\u00e1 origem a um expresso encorpado, com forte presen\u00e7a na ch\u00e1vena, de leve acidez e notas de caramelo.<\/p>\n<p>Fruto da combina\u00e7\u00e3o perfeita de caf\u00e9s robusta dos Camar\u00f5es e de Angola, com caf\u00e9s ar\u00e1bica das Honduras.<\/p>\n<p>Todas as c\u00e1psulas Delta Q guardam uma viagem pelas melhores origens de caf\u00e9 do mundo.<\/p>\n<p>Descubra o segredo da qualidade do <strong>Caf\u00e9 Qalidus <\/strong><strong>Delta Q\u00a0<\/strong> que est\u00e1 na mistura de gr\u00e3os de diferentes regi\u00f5es produtoras de caf\u00e9, combinados na propor\u00e7\u00e3o exata, e na arte da torra.<\/p>\n<p>Cada c\u00e1psula Delta Q garante sempre um expresso perfeito: sabor, aroma e cremosidade inconfund\u00edveis.<\/p>\n<h4><strong>Gama Intensidades:<\/strong><\/h4>\n<p>Gama composta por blends 100% caf\u00e9 que se distinguem pelas suas diferentes intensidades: muito intensos, intensos e suaves.<\/p>\n<p>Esta gama combina diferentes origens e tipos de caf\u00e9 com diferentes perfis sensoriais que se adaptam aos mais variados gostos e aos diferentes momentos do dia.<\/p>\n<p><b>Instru\u00e7\u00f5es de utiliza\u00e7\u00e3o:<\/b><\/p>\n<p>Utilize na sua m\u00e1quina Delta Q, as c\u00e1psulas apropriadas para a sua utiliza\u00e7\u00e3o. \u00c9 dada prefer\u00eancia a \u00e1gua mineral. Ap\u00f3s retirar a c\u00e1psula da embalagem, coloque a c\u00e1psula na m\u00e1quina. Prepare o caf\u00e9.<\/p>\n<p>Depois de preparada a bebida deve abrir a alavanca e garantir que a c\u00e1psula vai para o dep\u00f3sito de c\u00e1psulas, devendo de seguida efetuar uma purga \u00e0 m\u00e1quina, deixando alguma \u00e1gua correr.<\/p>\n<p>Deve ser feita uma purga \u00e0 m\u00e1quina antes e depois de cada utiliza\u00e7\u00e3o.<\/p>\n<p>\u00c9 recomendado que realize uma descalcifica\u00e7\u00e3o da sua m\u00e1quina Delta Q de tr\u00eas em tr\u00eas meses, com o produto indicado para o efeito.<\/p>\n<p><b>Sugest\u00e3o de consumo:<\/b><\/p>\n<p>Caf\u00e9 expresso (30ml) e caf\u00e9 longo (45ml)<\/p>\n<p>Todas as c\u00e1psulas Delta Q s\u00e3o recicl\u00e1veis, devendo ser entregues numa loja Delta Q.<\/p>\n<p>Veja mais em <a href=\"https:\/\/www.ateti.pt\/loja\/categoria\/cafe-em-capsula\/capsulas-delta-q\/\">Delta Q<\/a><\/p>\n","protected":false},"excerpt":{"rendered":"<p>0,35\u20ac\/unidade<br \/>\n<strong>Intensidade:<\/strong> 10<br \/>\n<strong>Quantidade:<\/strong> 160 c\u00e1psulas de caf\u00e9<\/p>\n","protected":false},"featured_media":70633,"comment_status":"closed","ping_status":"closed","template":"","meta":{"_themeisle_gutenberg_block_has_review":false},"product_brand":[],"product_cat":[117,21,257],"product_tag":[],"woo-feed-brand":[],"class_list":{"0":"post-69436","1":"product","2":"type-product","3":"status-publish","4":"has-post-thumbnail","6":"product_cat-cafe-em-capsula","7":"product_cat-capsulas-delta-q","8":"product_cat-original","10":"first","11":"instock","12":"sale","13":"taxable","14":"shipping-taxable","15":"purchasable","16":"product-type-simple"},"_links":{"self":[{"href":"https:\/\/www.ateti.pt\/loja\/wp-json\/wp\/v2\/product\/69436","targetHints":{"allow":["GET"]}}],"collection":[{"href":"https:\/\/www.ateti.pt\/loja\/wp-json\/wp\/v2\/product"}],"about":[{"href":"https:\/\/www.ateti.pt\/loja\/wp-json\/wp\/v2\/types\/product"}],"replies":[{"embeddable":true,"href":"https:\/\/www.ateti.pt\/loja\/wp-json\/wp\/v2\/comments?post=69436"}],"wp:featuredmedia":[{"embeddable":true,"href":"https:\/\/www.ateti.pt\/loja\/wp-json\/wp\/v2\/media\/70633"}],"wp:attachment":[{"href":"https:\/\/www.ateti.pt\/loja\/wp-json\/wp\/v2\/media?parent=69436"}],"wp:term":[{"taxonomy":"product_brand","embeddable":true,"href":"https:\/\/www.ateti.pt\/loja\/wp-json\/wp\/v2\/product_brand?post=69436"},{"taxonomy":"product_cat","embeddable":true,"href":"https:\/\/www.ateti.pt\/loja\/wp-json\/wp\/v2\/product_cat?post=69436"},{"taxonomy":"product_tag","embeddable":true,"href":"https:\/\/www.ateti.pt\/loja\/wp-json\/wp\/v2\/product_tag?post=69436"},{"taxonomy":"woo-feed-brand","embeddable":true,"href":"https:\/\/www.ateti.pt\/loja\/wp-json\/wp\/v2\/woo-feed-brand?post=69436"}],"curies":[{"name":"wp","href":"https:\/\/api.w.org\/{rel}","templated":true}]}}