{"id":68412,"date":"2024-12-02T11:44:20","date_gmt":"2024-12-02T11:44:20","guid":{"rendered":"https:\/\/www.ateti.pt\/loja\/?post_type=product&#038;p=68412"},"modified":"2026-01-27T16:02:13","modified_gmt":"2026-01-27T16:02:13","slug":"toalha-de-mao-22x21cm-cx-30x180-folhas-joker","status":"publish","type":"product","link":"https:\/\/www.ateti.pt\/loja\/produto\/toalha-de-mao-22x21cm-cx-30x180-folhas-joker\/","title":{"rendered":"Toalha M\u00e3o Zig Zag 22x21cm Cx.30&#215;180 Folhas"},"content":{"rendered":"<h5>Toalhas de M\u00e3o<\/h5>\n<p><strong>Quantidade: 3<\/strong>0un. x 180 folhas<\/p>\n<p><strong>Tamanho:\u00a0<\/strong>22&#215;21<\/p>\n<p>Aqui encontra todos os produtos que precisa para manter a sua higiene. Aos melhores pre\u00e7os. Encomende j\u00e1 para a sua empresa, neg\u00f3cio, escrit\u00f3rio.<\/p>\n<p>Compre online no supermercado At\u00e9 Ti.<\/p>\n<p class=\"Standard\">Veja mais em <a href=\"https:\/\/www.ateti.pt\/loja\/categoria\/ate-ti-negocios\/\">At\u00e9 Ti Neg\u00f3cios<\/a><\/p>\n","protected":false},"excerpt":{"rendered":"<p>1.07\u20ac\/pack<\/p>\n","protected":false},"featured_media":60615,"comment_status":"closed","ping_status":"closed","template":"","meta":{"_themeisle_gutenberg_block_has_review":false},"product_brand":[],"product_cat":[192,250,190,193,683,543],"product_tag":[],"woo-feed-brand":[],"class_list":{"0":"post-68412","1":"product","2":"type-product","3":"status-publish","4":"has-post-thumbnail","6":"product_cat-acessorios-de-cozinha-casa-de-banho","7":"product_cat-ate-ti-negocios","8":"product_cat-desinfetantes-e-limpeza","9":"product_cat-grandes-formatos","10":"product_cat-higiene-higiene-e-limpeza-office","11":"product_cat-limpeza-higiene","13":"first","14":"instock","15":"taxable","16":"shipping-taxable","17":"purchasable","18":"product-type-simple"},"_links":{"self":[{"href":"https:\/\/www.ateti.pt\/loja\/wp-json\/wp\/v2\/product\/68412","targetHints":{"allow":["GET"]}}],"collection":[{"href":"https:\/\/www.ateti.pt\/loja\/wp-json\/wp\/v2\/product"}],"about":[{"href":"https:\/\/www.ateti.pt\/loja\/wp-json\/wp\/v2\/types\/product"}],"replies":[{"embeddable":true,"href":"https:\/\/www.ateti.pt\/loja\/wp-json\/wp\/v2\/comments?post=68412"}],"wp:featuredmedia":[{"embeddable":true,"href":"https:\/\/www.ateti.pt\/loja\/wp-json\/wp\/v2\/media\/60615"}],"wp:attachment":[{"href":"https:\/\/www.ateti.pt\/loja\/wp-json\/wp\/v2\/media?parent=68412"}],"wp:term":[{"taxonomy":"product_brand","embeddable":true,"href":"https:\/\/www.ateti.pt\/loja\/wp-json\/wp\/v2\/product_brand?post=68412"},{"taxonomy":"product_cat","embeddable":true,"href":"https:\/\/www.ateti.pt\/loja\/wp-json\/wp\/v2\/product_cat?post=68412"},{"taxonomy":"product_tag","embeddable":true,"href":"https:\/\/www.ateti.pt\/loja\/wp-json\/wp\/v2\/product_tag?post=68412"},{"taxonomy":"woo-feed-brand","embeddable":true,"href":"https:\/\/www.ateti.pt\/loja\/wp-json\/wp\/v2\/woo-feed-brand?post=68412"}],"curies":[{"name":"wp","href":"https:\/\/api.w.org\/{rel}","templated":true}]}}