{"id":67095,"date":"2024-10-04T17:17:39","date_gmt":"2024-10-04T16:17:39","guid":{"rendered":"https:\/\/www.ateti.pt\/loja\/?post_type=product&#038;p=67095"},"modified":"2024-10-07T11:01:08","modified_gmt":"2024-10-07T10:01:08","slug":"chocolate-quente-kitkat-16-capsulas-dolce-gusto","status":"publish","type":"product","link":"https:\/\/www.ateti.pt\/loja\/produto\/chocolate-quente-kitkat-16-capsulas-dolce-gusto\/","title":{"rendered":"Chocolate Quente KitKat 16 C\u00e1psulas Dolce Gusto"},"content":{"rendered":"<p><strong>Kit Kat Dolce Gusto<\/strong><\/p>\n<p><strong>Quantidade:\u00a0<\/strong>16 c\u00e1psulas<\/p>\n<p>Descubra o sabor aut\u00eantico de KitKat\u00a0 Dolce Gusto numa deliciosa bebida achocolatada Nescaf\u00e9.<\/p>\n<p>Cacau de origem respons\u00e1vel, visando a melhoria das condi\u00e7\u00f5es de vida dos produtores de cacau e suas fam\u00edlias.<\/p>\n<p><strong>Valores nutricionais por 100g:<\/strong> Energia: 1750kj\/416kcal; L\u00edpidos: 10.5g, dos quais saturados:6.6g; Hidratos de Carbono: 65.4g, dos quais a\u00e7\u00facares: 53.3g; Fibra: 8.3g; Prote\u00ednas: 10.1g; Sal: 0.44g<\/p>\n<p><strong>Ingredientes:<\/strong> A\u00e7\u00facar, leite em p\u00f3(22,4%), cacau magro lecitinado(16,2), [cacau magro(15,4%), emulsionante (lecitinas)], xarope de glucose, amido, inulina, \u00f3leo de coco, aromas, sal, mat\u00e9ria gorda l\u00e1ctea anidra.<\/p>\n<p>&nbsp;<\/p>\n<p>&nbsp;<\/p>\n","protected":false},"excerpt":{"rendered":"<p>0.35\u20ac\/C\u00e1psula<\/p>\n","protected":false},"featured_media":67097,"comment_status":"closed","ping_status":"closed","template":"","meta":{"_themeisle_gutenberg_block_has_review":false},"product_brand":[],"product_cat":[692,694,117,18,137],"product_tag":[593],"woo-feed-brand":[758],"class_list":{"0":"post-67095","1":"product","2":"type-product","3":"status-publish","4":"has-post-thumbnail","6":"product_cat-cafe","7":"product_cat-cafe-capsulas","8":"product_cat-cafe-em-capsula","9":"product_cat-capsulas-dolce-gusto","10":"product_cat-especialidades-dolcegusto","11":"product_tag-novidades","12":"ts_product_brand-dolce-gusto","13":"woo-feed-brand-dolce-gusto","15":"first","16":"instock","17":"sale","18":"taxable","19":"shipping-taxable","20":"purchasable","21":"product-type-simple"},"_links":{"self":[{"href":"https:\/\/www.ateti.pt\/loja\/wp-json\/wp\/v2\/product\/67095","targetHints":{"allow":["GET"]}}],"collection":[{"href":"https:\/\/www.ateti.pt\/loja\/wp-json\/wp\/v2\/product"}],"about":[{"href":"https:\/\/www.ateti.pt\/loja\/wp-json\/wp\/v2\/types\/product"}],"replies":[{"embeddable":true,"href":"https:\/\/www.ateti.pt\/loja\/wp-json\/wp\/v2\/comments?post=67095"}],"wp:featuredmedia":[{"embeddable":true,"href":"https:\/\/www.ateti.pt\/loja\/wp-json\/wp\/v2\/media\/67097"}],"wp:attachment":[{"href":"https:\/\/www.ateti.pt\/loja\/wp-json\/wp\/v2\/media?parent=67095"}],"wp:term":[{"taxonomy":"product_brand","embeddable":true,"href":"https:\/\/www.ateti.pt\/loja\/wp-json\/wp\/v2\/product_brand?post=67095"},{"taxonomy":"product_cat","embeddable":true,"href":"https:\/\/www.ateti.pt\/loja\/wp-json\/wp\/v2\/product_cat?post=67095"},{"taxonomy":"product_tag","embeddable":true,"href":"https:\/\/www.ateti.pt\/loja\/wp-json\/wp\/v2\/product_tag?post=67095"},{"taxonomy":"woo-feed-brand","embeddable":true,"href":"https:\/\/www.ateti.pt\/loja\/wp-json\/wp\/v2\/woo-feed-brand?post=67095"}],"curies":[{"name":"wp","href":"https:\/\/api.w.org\/{rel}","templated":true}]}}