{"id":67072,"date":"2024-10-03T16:05:11","date_gmt":"2024-10-03T15:05:11","guid":{"rendered":"https:\/\/www.ateti.pt\/loja\/?post_type=product&#038;p=67072"},"modified":"2024-10-04T10:47:06","modified_gmt":"2024-10-04T09:47:06","slug":"cha-de-tilia-25-saquetas-gourmes","status":"publish","type":"product","link":"https:\/\/www.ateti.pt\/loja\/produto\/cha-de-tilia-25-saquetas-gourmes\/","title":{"rendered":"Ch\u00e1 de T\u00edlia 25 saquetas Gourm\u00eas"},"content":{"rendered":"<p><strong>Ch\u00e1 T\u00edlia Gourm\u00eas<\/strong><\/p>\n<p>Quantidade: 25 saquetas<\/p>\n<p>Modo de Prepara\u00e7\u00e3o: Introduzir uma saqueta por ch\u00e1vena. Se utilizar um bule, ter o cuidado de o escaldar primeiro. Verter \u00e1gua acabada de ferver sobre a saqueta e deixar repousar o tempo indicado na embalagem.<\/p>\n<p>Conservar em local fresco e seco.<\/p>\n","protected":false},"excerpt":{"rendered":"<p>0.05\u20ac\/saqueta<\/p>\n","protected":false},"featured_media":67074,"comment_status":"closed","ping_status":"closed","template":"","meta":{"_themeisle_gutenberg_block_has_review":false},"product_brand":[],"product_cat":[207,220,26,132],"product_tag":[],"woo-feed-brand":[],"class_list":{"0":"post-67072","1":"product","2":"type-product","3":"status-publish","4":"has-post-thumbnail","6":"product_cat-bio-saudavel","7":"product_cat-chas-funcionais","8":"product_cat-chas","9":"product_cat-mercearia","10":"ts_product_brand-gourmes","12":"first","13":"instock","14":"taxable","15":"shipping-taxable","16":"purchasable","17":"product-type-simple"},"_links":{"self":[{"href":"https:\/\/www.ateti.pt\/loja\/wp-json\/wp\/v2\/product\/67072","targetHints":{"allow":["GET"]}}],"collection":[{"href":"https:\/\/www.ateti.pt\/loja\/wp-json\/wp\/v2\/product"}],"about":[{"href":"https:\/\/www.ateti.pt\/loja\/wp-json\/wp\/v2\/types\/product"}],"replies":[{"embeddable":true,"href":"https:\/\/www.ateti.pt\/loja\/wp-json\/wp\/v2\/comments?post=67072"}],"wp:featuredmedia":[{"embeddable":true,"href":"https:\/\/www.ateti.pt\/loja\/wp-json\/wp\/v2\/media\/67074"}],"wp:attachment":[{"href":"https:\/\/www.ateti.pt\/loja\/wp-json\/wp\/v2\/media?parent=67072"}],"wp:term":[{"taxonomy":"product_brand","embeddable":true,"href":"https:\/\/www.ateti.pt\/loja\/wp-json\/wp\/v2\/product_brand?post=67072"},{"taxonomy":"product_cat","embeddable":true,"href":"https:\/\/www.ateti.pt\/loja\/wp-json\/wp\/v2\/product_cat?post=67072"},{"taxonomy":"product_tag","embeddable":true,"href":"https:\/\/www.ateti.pt\/loja\/wp-json\/wp\/v2\/product_tag?post=67072"},{"taxonomy":"woo-feed-brand","embeddable":true,"href":"https:\/\/www.ateti.pt\/loja\/wp-json\/wp\/v2\/woo-feed-brand?post=67072"}],"curies":[{"name":"wp","href":"https:\/\/api.w.org\/{rel}","templated":true}]}}