{"id":66349,"date":"2024-09-02T17:41:07","date_gmt":"2024-09-02T16:41:07","guid":{"rendered":"https:\/\/www.ateti.pt\/loja\/?post_type=product&#038;p=66349"},"modified":"2025-12-04T15:30:21","modified_gmt":"2025-12-04T15:30:21","slug":"escova-de-cabelo-25cm-beauty4u","status":"publish","type":"product","link":"https:\/\/www.ateti.pt\/loja\/produto\/escova-de-cabelo-25cm-beauty4u\/","title":{"rendered":"Escova de Cabelo 25cm Beauty4u"},"content":{"rendered":"<p>Escova de Cabelo<\/p>\n<p>A base pneum\u00e1tica sobre a qual est\u00e1 montada, tem por objeto neutralizar o &#8220;pux\u00e3o&#8221; que ocorre no in\u00edcio da escovagem, quando o cabelo ainda n\u00e3o est\u00e1 suficientemente liso ap\u00f3s uma lavagem, obtendo desta forma uma escovagem suave e uniforme, favorecido pelos dentes redondos que n\u00e3o magoam o couro cabeludo.<\/p>\n<p>&nbsp;<\/p>\n","protected":false},"excerpt":{"rendered":"<p>5.99\u20ac\/un<\/p>\n","protected":false},"featured_media":66350,"comment_status":"closed","ping_status":"closed","template":"","meta":{"_themeisle_gutenberg_block_has_review":false},"product_brand":[],"product_cat":[203,211],"product_tag":[593],"woo-feed-brand":[],"class_list":{"0":"post-66349","1":"product","2":"type-product","3":"status-publish","4":"has-post-thumbnail","6":"product_cat-beleza-e-higiene","7":"product_cat-cabelo","8":"product_tag-novidades","10":"first","11":"instock","12":"taxable","13":"shipping-taxable","14":"purchasable","15":"product-type-simple"},"_links":{"self":[{"href":"https:\/\/www.ateti.pt\/loja\/wp-json\/wp\/v2\/product\/66349","targetHints":{"allow":["GET"]}}],"collection":[{"href":"https:\/\/www.ateti.pt\/loja\/wp-json\/wp\/v2\/product"}],"about":[{"href":"https:\/\/www.ateti.pt\/loja\/wp-json\/wp\/v2\/types\/product"}],"replies":[{"embeddable":true,"href":"https:\/\/www.ateti.pt\/loja\/wp-json\/wp\/v2\/comments?post=66349"}],"wp:featuredmedia":[{"embeddable":true,"href":"https:\/\/www.ateti.pt\/loja\/wp-json\/wp\/v2\/media\/66350"}],"wp:attachment":[{"href":"https:\/\/www.ateti.pt\/loja\/wp-json\/wp\/v2\/media?parent=66349"}],"wp:term":[{"taxonomy":"product_brand","embeddable":true,"href":"https:\/\/www.ateti.pt\/loja\/wp-json\/wp\/v2\/product_brand?post=66349"},{"taxonomy":"product_cat","embeddable":true,"href":"https:\/\/www.ateti.pt\/loja\/wp-json\/wp\/v2\/product_cat?post=66349"},{"taxonomy":"product_tag","embeddable":true,"href":"https:\/\/www.ateti.pt\/loja\/wp-json\/wp\/v2\/product_tag?post=66349"},{"taxonomy":"woo-feed-brand","embeddable":true,"href":"https:\/\/www.ateti.pt\/loja\/wp-json\/wp\/v2\/woo-feed-brand?post=66349"}],"curies":[{"name":"wp","href":"https:\/\/api.w.org\/{rel}","templated":true}]}}