{"id":66191,"date":"2024-09-04T12:51:04","date_gmt":"2024-09-04T11:51:04","guid":{"rendered":"https:\/\/www.ateti.pt\/loja\/?post_type=product&#038;p=66191"},"modified":"2026-03-05T17:07:42","modified_gmt":"2026-03-05T17:07:42","slug":"champo-forca-e-brilho-garnier-fructis-250ml","status":"publish","type":"product","link":"https:\/\/www.ateti.pt\/loja\/produto\/champo-forca-e-brilho-garnier-fructis-250ml\/","title":{"rendered":"Champ\u00f4 For\u00e7a e Brilho 250mL Garnier Fructis"},"content":{"rendered":"<p><strong>Champ\u00f4 For\u00e7a e Brilho Garnier Fructis<\/strong><\/p>\n<p>Quantidade: 250mL<\/p>\n<p>Adequado para cabelos normais, o shampoo fortificante Fructis For\u00e7a &amp; Brilho associa na sua f\u00f3rmula sem selicone a ess\u00eancia de toranja e vitaminas B3 e B6, para fortalecer e tonificar o cabelo desde a raiz. Shampoo sem parabenos.<\/p>\n<p>Embalagens com 25% de pl\u00e1stico reciclado para economizar recursos e energia. Embalagens 100% recicl\u00e1veis, se colocadas no ecoponto amarelo.<\/p>\n<p><strong>Cont\u00e9m:\u00a0<\/strong>As novas f\u00f3rmulas de Fructis sem parabenos e com ativos fortificantes de frutos. Uma combina\u00e7\u00e3o exclusiva de derivado de prote\u00edna de fruto, Vitaminas B3 e B6 e de extratos de frutos e plantas. Efic\u00e1cia comprovada para um cabelo mais saud\u00e1vel, mais forte.<\/p>\n<p>O cabelo fica forte e brilhante. Fresco todos os dias<\/p>\n<p>Veja mais em <a href=\"https:\/\/www.ateti.pt\/loja\/categoria\/higiene-e-limpeza\/higiene\/cabelo\/\">Higiene e Limpeza<\/a><\/p>\n","protected":false},"excerpt":{"rendered":"<p>15.96\u20ac\/lt<\/p>\n","protected":false},"featured_media":60863,"comment_status":"closed","ping_status":"closed","template":"","meta":{"_themeisle_gutenberg_block_has_review":false},"product_brand":[],"product_cat":[203,211,190],"product_tag":[],"woo-feed-brand":[],"class_list":{"0":"post-66191","1":"product","2":"type-product","3":"status-publish","4":"has-post-thumbnail","6":"product_cat-beleza-e-higiene","7":"product_cat-cabelo","8":"product_cat-desinfetantes-e-limpeza","10":"first","11":"instock","12":"sale","13":"taxable","14":"shipping-taxable","15":"purchasable","16":"product-type-simple"},"_links":{"self":[{"href":"https:\/\/www.ateti.pt\/loja\/wp-json\/wp\/v2\/product\/66191","targetHints":{"allow":["GET"]}}],"collection":[{"href":"https:\/\/www.ateti.pt\/loja\/wp-json\/wp\/v2\/product"}],"about":[{"href":"https:\/\/www.ateti.pt\/loja\/wp-json\/wp\/v2\/types\/product"}],"replies":[{"embeddable":true,"href":"https:\/\/www.ateti.pt\/loja\/wp-json\/wp\/v2\/comments?post=66191"}],"wp:featuredmedia":[{"embeddable":true,"href":"https:\/\/www.ateti.pt\/loja\/wp-json\/wp\/v2\/media\/60863"}],"wp:attachment":[{"href":"https:\/\/www.ateti.pt\/loja\/wp-json\/wp\/v2\/media?parent=66191"}],"wp:term":[{"taxonomy":"product_brand","embeddable":true,"href":"https:\/\/www.ateti.pt\/loja\/wp-json\/wp\/v2\/product_brand?post=66191"},{"taxonomy":"product_cat","embeddable":true,"href":"https:\/\/www.ateti.pt\/loja\/wp-json\/wp\/v2\/product_cat?post=66191"},{"taxonomy":"product_tag","embeddable":true,"href":"https:\/\/www.ateti.pt\/loja\/wp-json\/wp\/v2\/product_tag?post=66191"},{"taxonomy":"woo-feed-brand","embeddable":true,"href":"https:\/\/www.ateti.pt\/loja\/wp-json\/wp\/v2\/woo-feed-brand?post=66191"}],"curies":[{"name":"wp","href":"https:\/\/api.w.org\/{rel}","templated":true}]}}