{"id":65350,"date":"2024-07-15T16:53:53","date_gmt":"2024-07-15T15:53:53","guid":{"rendered":"https:\/\/www.ateti.pt\/loja\/?post_type=product&#038;p=65350"},"modified":"2025-02-04T17:09:08","modified_gmt":"2025-02-04T17:09:08","slug":"migas-rusticas-de-couve-e-broa-saco-500g-neutura","status":"publish","type":"product","link":"https:\/\/www.ateti.pt\/loja\/produto\/migas-rusticas-de-couve-e-broa-saco-500g-neutura\/","title":{"rendered":"Migas R\u00fasticas de Couve e Broa Saco 500g Neutura"},"content":{"rendered":"<div id=\"headerTitle\" class=\"overflow-hidden my-auto\">\n<h4 class=\"mb-0 transition text-truncate\">Migas R\u00fasticas de Couve e Broa Neutura<\/h4>\n<p>Quantidade: 500gr<\/p>\n<p class=\"moz-quote-pre\">Ingredientes Couve 34%, broa de milho (27%), (farinha de milho, trigo, sal, fermento, azeite), feij\u00e3o vermelho, \u00f3leo alimentar, alho, sal, especiarias. Cont\u00e9m gl\u00faten.<\/p>\n<\/div>\n","protected":false},"excerpt":{"rendered":"<p>8,58\u20ac\/Kg<\/p>\n","protected":false},"featured_media":65452,"comment_status":"closed","ping_status":"closed","template":"","meta":{"_themeisle_gutenberg_block_has_review":false},"product_brand":[],"product_cat":[177,184],"product_tag":[],"woo-feed-brand":[],"class_list":{"0":"post-65350","1":"product","2":"type-product","3":"status-publish","4":"has-post-thumbnail","6":"product_cat-congelados","7":"product_cat-legumes","8":"ts_product_brand-neutura","10":"first","11":"instock","12":"taxable","13":"shipping-taxable","14":"purchasable","15":"product-type-simple"},"_links":{"self":[{"href":"https:\/\/www.ateti.pt\/loja\/wp-json\/wp\/v2\/product\/65350","targetHints":{"allow":["GET"]}}],"collection":[{"href":"https:\/\/www.ateti.pt\/loja\/wp-json\/wp\/v2\/product"}],"about":[{"href":"https:\/\/www.ateti.pt\/loja\/wp-json\/wp\/v2\/types\/product"}],"replies":[{"embeddable":true,"href":"https:\/\/www.ateti.pt\/loja\/wp-json\/wp\/v2\/comments?post=65350"}],"wp:featuredmedia":[{"embeddable":true,"href":"https:\/\/www.ateti.pt\/loja\/wp-json\/wp\/v2\/media\/65452"}],"wp:attachment":[{"href":"https:\/\/www.ateti.pt\/loja\/wp-json\/wp\/v2\/media?parent=65350"}],"wp:term":[{"taxonomy":"product_brand","embeddable":true,"href":"https:\/\/www.ateti.pt\/loja\/wp-json\/wp\/v2\/product_brand?post=65350"},{"taxonomy":"product_cat","embeddable":true,"href":"https:\/\/www.ateti.pt\/loja\/wp-json\/wp\/v2\/product_cat?post=65350"},{"taxonomy":"product_tag","embeddable":true,"href":"https:\/\/www.ateti.pt\/loja\/wp-json\/wp\/v2\/product_tag?post=65350"},{"taxonomy":"woo-feed-brand","embeddable":true,"href":"https:\/\/www.ateti.pt\/loja\/wp-json\/wp\/v2\/woo-feed-brand?post=65350"}],"curies":[{"name":"wp","href":"https:\/\/api.w.org\/{rel}","templated":true}]}}