{"id":65343,"date":"2024-07-15T16:20:33","date_gmt":"2024-07-15T15:20:33","guid":{"rendered":"https:\/\/www.ateti.pt\/loja\/?post_type=product&#038;p=65343"},"modified":"2026-01-19T13:01:12","modified_gmt":"2026-01-19T13:01:12","slug":"espetadas-frango-bacon-ananas-saco-600g-neutura","status":"publish","type":"product","link":"https:\/\/www.ateti.pt\/loja\/produto\/espetadas-frango-bacon-ananas-saco-600g-neutura\/","title":{"rendered":"Espetadas Frango\/Bacon\/Anan\u00e1s Saco 600g Neutura"},"content":{"rendered":"<div id=\"headerTitle\" class=\"overflow-hidden my-auto\">\n<h4 class=\"mb-0 transition text-truncate\">Espetadas Frango\/Bacon\/Anan\u00e1s Neutura<\/h4>\n<p>Quantidade: 600gr<\/p>\n<p class=\"moz-quote-pre\">Ingredientes Coxa de frango, bacon [entremeada de porco, \u00e1gua, sal, antioxidantes (331, E316), estabilizantes (E450, E407, E410), conservantes (250)], anan\u00e1s [anan\u00e1s, \u00e1gua e a\u00e7\u00facar], espeto de bambu (n\u00e3o comest\u00edvel).<\/p>\n<p>&nbsp;<\/p>\n<\/div>\n","protected":false},"excerpt":{"rendered":"<p>13,32\u20ac \/ Kg<\/p>\n","protected":false},"featured_media":65449,"comment_status":"closed","ping_status":"closed","template":"","meta":{"_themeisle_gutenberg_block_has_review":false},"product_brand":[],"product_cat":[182,177],"product_tag":[],"woo-feed-brand":[],"class_list":{"0":"post-65343","1":"product","2":"type-product","3":"status-publish","4":"has-post-thumbnail","6":"product_cat-carne","7":"product_cat-congelados","8":"ts_product_brand-neutura","10":"first","11":"instock","12":"taxable","13":"shipping-taxable","14":"purchasable","15":"product-type-simple"},"_links":{"self":[{"href":"https:\/\/www.ateti.pt\/loja\/wp-json\/wp\/v2\/product\/65343","targetHints":{"allow":["GET"]}}],"collection":[{"href":"https:\/\/www.ateti.pt\/loja\/wp-json\/wp\/v2\/product"}],"about":[{"href":"https:\/\/www.ateti.pt\/loja\/wp-json\/wp\/v2\/types\/product"}],"replies":[{"embeddable":true,"href":"https:\/\/www.ateti.pt\/loja\/wp-json\/wp\/v2\/comments?post=65343"}],"wp:featuredmedia":[{"embeddable":true,"href":"https:\/\/www.ateti.pt\/loja\/wp-json\/wp\/v2\/media\/65449"}],"wp:attachment":[{"href":"https:\/\/www.ateti.pt\/loja\/wp-json\/wp\/v2\/media?parent=65343"}],"wp:term":[{"taxonomy":"product_brand","embeddable":true,"href":"https:\/\/www.ateti.pt\/loja\/wp-json\/wp\/v2\/product_brand?post=65343"},{"taxonomy":"product_cat","embeddable":true,"href":"https:\/\/www.ateti.pt\/loja\/wp-json\/wp\/v2\/product_cat?post=65343"},{"taxonomy":"product_tag","embeddable":true,"href":"https:\/\/www.ateti.pt\/loja\/wp-json\/wp\/v2\/product_tag?post=65343"},{"taxonomy":"woo-feed-brand","embeddable":true,"href":"https:\/\/www.ateti.pt\/loja\/wp-json\/wp\/v2\/woo-feed-brand?post=65343"}],"curies":[{"name":"wp","href":"https:\/\/api.w.org\/{rel}","templated":true}]}}