{"id":65261,"date":"2024-07-10T11:53:02","date_gmt":"2024-07-10T10:53:02","guid":{"rendered":"https:\/\/www.ateti.pt\/loja\/?post_type=product&#038;p=65261"},"modified":"2025-04-16T09:19:30","modified_gmt":"2025-04-16T08:19:30","slug":"ginger-ale-330ml-pack8-schweppes","status":"publish","type":"product","link":"https:\/\/www.ateti.pt\/loja\/produto\/ginger-ale-330ml-pack8-schweppes\/","title":{"rendered":"Ginger Ale 330ml Pack8 Schweppes"},"content":{"rendered":"<p><strong>Ginger Ale Schweppes<\/strong><\/p>\n<p><strong>Quantidade:\u00a0<\/strong>Pack8 X 330ml<\/p>\n<p><strong>Ingredientes:\u00a0<\/strong>\u00e1gua, a\u00e7\u00facar, di\u00f3xido de carbono, aroma natural de gengibre com outros aromas naturais(0.18%), acidificante: \u00e1cido c\u00edtrico, extrato de malte de cevada, edulcorantes: acessulfame K e sucralose. Sem gl\u00faten.<\/p>\n<p>Valores nutricionais por 100ml: Energia: 83kj\/19kcal; L\u00edpidos:0.0g, dos quais \u00e1cidos gordos saturados: 0.0g; Hidratos de Carbono: 4.6g, dos quais a\u00e7\u00facares: 4.6g; Prote\u00ednas: 0.0g; Sal: 0.01g.<\/p>\n<p>&nbsp;<\/p>\n","protected":false},"excerpt":{"rendered":"<p>0.78\u20ac\/un<\/p>\n","protected":false},"featured_media":65263,"comment_status":"closed","ping_status":"closed","template":"","meta":{"_themeisle_gutenberg_block_has_review":false},"product_brand":[],"product_cat":[162,158],"product_tag":[],"woo-feed-brand":[],"class_list":{"0":"post-65261","1":"product","2":"type-product","3":"status-publish","4":"has-post-thumbnail","6":"product_cat-aguas","7":"product_cat-bebidas","8":"ts_product_brand-schweppes","10":"first","11":"instock","12":"taxable","13":"shipping-taxable","14":"purchasable","15":"product-type-simple"},"_links":{"self":[{"href":"https:\/\/www.ateti.pt\/loja\/wp-json\/wp\/v2\/product\/65261","targetHints":{"allow":["GET"]}}],"collection":[{"href":"https:\/\/www.ateti.pt\/loja\/wp-json\/wp\/v2\/product"}],"about":[{"href":"https:\/\/www.ateti.pt\/loja\/wp-json\/wp\/v2\/types\/product"}],"replies":[{"embeddable":true,"href":"https:\/\/www.ateti.pt\/loja\/wp-json\/wp\/v2\/comments?post=65261"}],"wp:featuredmedia":[{"embeddable":true,"href":"https:\/\/www.ateti.pt\/loja\/wp-json\/wp\/v2\/media\/65263"}],"wp:attachment":[{"href":"https:\/\/www.ateti.pt\/loja\/wp-json\/wp\/v2\/media?parent=65261"}],"wp:term":[{"taxonomy":"product_brand","embeddable":true,"href":"https:\/\/www.ateti.pt\/loja\/wp-json\/wp\/v2\/product_brand?post=65261"},{"taxonomy":"product_cat","embeddable":true,"href":"https:\/\/www.ateti.pt\/loja\/wp-json\/wp\/v2\/product_cat?post=65261"},{"taxonomy":"product_tag","embeddable":true,"href":"https:\/\/www.ateti.pt\/loja\/wp-json\/wp\/v2\/product_tag?post=65261"},{"taxonomy":"woo-feed-brand","embeddable":true,"href":"https:\/\/www.ateti.pt\/loja\/wp-json\/wp\/v2\/woo-feed-brand?post=65261"}],"curies":[{"name":"wp","href":"https:\/\/api.w.org\/{rel}","templated":true}]}}