{"id":64601,"date":"2024-06-12T16:44:55","date_gmt":"2024-06-12T15:44:55","guid":{"rendered":"https:\/\/www.ateti.pt\/loja\/?post_type=product&#038;p=64601"},"modified":"2024-07-19T14:46:09","modified_gmt":"2024-07-19T13:46:09","slug":"bolacha-oreo-triturada-400g","status":"publish","type":"product","link":"https:\/\/www.ateti.pt\/loja\/produto\/bolacha-oreo-triturada-400g\/","title":{"rendered":"Bolacha Oreo Triturada 400g"},"content":{"rendered":"<p><strong>Bolacha Oreo Triturada<\/strong><\/p>\n<p><strong>Quantidade:\u00a0<\/strong>400g<\/p>\n<p>Bolacha de cacau recheadas de creme(29%) sabor a baunilha, partidas em pequenos peda\u00e7os.<\/p>\n<p><strong>Ingredientes:\u00a0<\/strong>farinha de trigo, a\u00e7\u00facar, gordura de palma, \u00f3leo de colza, cacau magro em p\u00f3 4,3%, amido de trigo, xarope de glucose-frutose, levedantes(carbonatos de am\u00f3nio, carbonatos de pot\u00e1ssio, carbonatos de s\u00f3dio), sal, emulsionante(lecitina de soja), regulador de acidez(hidr\u00f3xido de s\u00f3dio), aroma. Pode conter leite.<\/p>\n<p><strong>Valores nutricionais por 100g:\u00a0<\/strong>Energia: 1998kj\/476kcal; L\u00edpidos: 20g, dos quais saturados: 5.4g; Hidratos de carbono: 68g, dos quais a\u00e7\u00facares: 37g; Fibra: 3g; Prote\u00ednas: 5.1g; Sal: 0.73g.<\/p>\n<p>Conservar e, lugar seco. Proteger do calor.<\/p>\n<p><strong>Sugest\u00e3o de receita<\/strong><\/p>\n<p>Cheesecake de Oreo<\/p>\n<p><strong>Ingredientes:<\/strong><\/p>\n<section class=\"recipe-section recipe-ingredients\">\n<section>\n<ul class=\"grid\">\n<li class=\"is-6 recipe-ingredients-item\" data-id=\"\"><span class=\"recipe-ingredients-item-label\">100 g de <strong>Bolacha Oreo Triturada<\/strong><\/span><\/li>\n<li class=\"is-6 recipe-ingredients-item\" data-id=\"63\"><span class=\"recipe-ingredients-item-label\">75 g de manteiga derretida<\/span><\/li>\n<li class=\"is-6 recipe-ingredients-item\" data-id=\"547\"><span class=\"recipe-ingredients-item-label\">1 lata de leite condensado<\/span><\/li>\n<li class=\"is-6 recipe-ingredients-item\" data-id=\"1501\"><span class=\"recipe-ingredients-item-label\">1 pacote de natas<\/span><\/li>\n<li class=\"is-6 recipe-ingredients-item\" data-id=\"3923\"><span class=\"recipe-ingredients-item-label\">220 g de queijo creme<\/span><\/li>\n<li class=\"is-6 recipe-ingredients-item\" data-id=\"513\"><span class=\"recipe-ingredients-item-label\">1 pacote de gelatina sem sabor<\/span><\/li>\n<\/ul>\n<p><strong>Prepara\u00e7\u00e3o:<\/strong><\/p>\n<\/section>\n<\/section>\n<div class=\"u-margin-top u-padding-top no-print\">\n<div class=\"ads-pholder ads-pholder-inread1 no-print ads-pholder--is-filled\">\n<div id=\"ad-inread1\" class=\"no-print\" data-mad=\"\" data-mad-adunit=\"\/21636860837\/TudoGostoso\/Content\" data-mad-size=\"[[300,250],[480,360],[480,270],[1,1],[&quot;fluid&quot;]]\" data-mad-lazyload-offset=\"500\" data-google-query-id=\"CPSdqqKy1oYDFeA5BgAdwFAJoA\">\n<div class=\"is-12 is-12-tablet\">\n<div class=\"recipe-steps-text is-wysiwyg\">\n<p>-Separe 1\/2 x\u00edcara da bolacha para usar posteriormente.<\/p>\n<p>-Num recipiente, misture o restante das bolachas com a manteiga derretida at\u00e9 virar uma massa.<\/p>\n<\/div>\n<div class=\"recipe-steps-text is-wysiwyg\">\n<p>-Forre o fundo e as laterais de uma forma de fundo remov\u00edvel com essa massa de bolacha e leve para o forno preaquecido a 180\u00baC por aproximadamente 10 minutos.<\/p>\n<\/div>\n<div class=\"recipe-steps-text is-wysiwyg\">\n<p>-Assim que sair do forno reserve e deixe esfriar.<\/p>\n<\/div>\n<p>-No liquidificador misture o leite condensado, o queijo creme, as natas e as bolachas separadas anteriormente, bata bem.<\/p>\n<div class=\"recipe-steps-text is-wysiwyg\">\n<p>-Dilua a gelatina em \u00e1gua conforme as instru\u00e7\u00f5es na embalagem e junte ao creme.<\/p>\n<\/div>\n<div class=\"recipe-steps-text is-wysiwyg\">\n<p>-Despeje o creme na forma j\u00e1 fria e deixe na geladeira por 2 horas ou at\u00e9 que fique firme.<\/p>\n<\/div>\n<div class=\"recipe-steps-text is-wysiwyg\">\n<p>-Depois \u00e9 s\u00f3 desenformar e servir.<\/p>\n<p>Bom apetite!<\/p>\n<\/div>\n<\/div>\n<\/div>\n<\/div>\n<\/div>\n","protected":false},"excerpt":{"rendered":"<p>10.97\u20ac\/kg<\/p>\n","protected":false},"featured_media":64602,"comment_status":"closed","ping_status":"closed","template":"","meta":{"_themeisle_gutenberg_block_has_review":false},"product_brand":[],"product_cat":[542,250,134,688,144,132],"product_tag":[593],"woo-feed-brand":[],"class_list":{"0":"post-64601","1":"product","2":"type-product","3":"status-publish","4":"has-post-thumbnail","6":"product_cat-alimentacao-office","7":"product_cat-ate-ti-negocios","8":"product_cat-bolachas-biscoitos","9":"product_cat-chocolates-bolachas","10":"product_cat-chocolates-biscoitos-e-cereais","11":"product_cat-mercearia","12":"product_tag-novidades","13":"ts_product_brand-mondelez","15":"first","16":"outofstock","17":"taxable","18":"shipping-taxable","19":"purchasable","20":"product-type-simple"},"_links":{"self":[{"href":"https:\/\/www.ateti.pt\/loja\/wp-json\/wp\/v2\/product\/64601","targetHints":{"allow":["GET"]}}],"collection":[{"href":"https:\/\/www.ateti.pt\/loja\/wp-json\/wp\/v2\/product"}],"about":[{"href":"https:\/\/www.ateti.pt\/loja\/wp-json\/wp\/v2\/types\/product"}],"replies":[{"embeddable":true,"href":"https:\/\/www.ateti.pt\/loja\/wp-json\/wp\/v2\/comments?post=64601"}],"wp:featuredmedia":[{"embeddable":true,"href":"https:\/\/www.ateti.pt\/loja\/wp-json\/wp\/v2\/media\/64602"}],"wp:attachment":[{"href":"https:\/\/www.ateti.pt\/loja\/wp-json\/wp\/v2\/media?parent=64601"}],"wp:term":[{"taxonomy":"product_brand","embeddable":true,"href":"https:\/\/www.ateti.pt\/loja\/wp-json\/wp\/v2\/product_brand?post=64601"},{"taxonomy":"product_cat","embeddable":true,"href":"https:\/\/www.ateti.pt\/loja\/wp-json\/wp\/v2\/product_cat?post=64601"},{"taxonomy":"product_tag","embeddable":true,"href":"https:\/\/www.ateti.pt\/loja\/wp-json\/wp\/v2\/product_tag?post=64601"},{"taxonomy":"woo-feed-brand","embeddable":true,"href":"https:\/\/www.ateti.pt\/loja\/wp-json\/wp\/v2\/woo-feed-brand?post=64601"}],"curies":[{"name":"wp","href":"https:\/\/api.w.org\/{rel}","templated":true}]}}