{"id":64557,"date":"2024-06-11T16:50:06","date_gmt":"2024-06-11T15:50:06","guid":{"rendered":"https:\/\/www.ateti.pt\/loja\/?post_type=product&#038;p=64557"},"modified":"2024-06-11T16:50:07","modified_gmt":"2024-06-11T15:50:07","slug":"saco-lixo-perfumados-reciclagem-36un-30l-amanhecer","status":"publish","type":"product","link":"https:\/\/www.ateti.pt\/loja\/produto\/saco-lixo-perfumados-reciclagem-36un-30l-amanhecer\/","title":{"rendered":"Saco Lixo Perfumados Reciclagem 36un 30L Amanhecer"},"content":{"rendered":"<p><strong>Saco Lixo Reciclagem Amanhecer<\/strong><\/p>\n<p><strong>Quantidade:\u00a0<\/strong>36un<\/p>\n<p><strong>Capacidade:\u00a0<\/strong>30L<\/p>\n<p><strong>Medidas:\u00a0<\/strong>55 x 55cm<\/p>\n<p>Sacos para separa\u00e7\u00e3o do lixo dom\u00e9stico.<\/p>\n<ul>\n<li><strong>Produto recicl\u00e1vel.<\/strong><\/li>\n<li><strong>De fecho f\u00e1cil.<\/strong><\/li>\n<li><strong>Perfumados.<\/strong><\/li>\n<\/ul>\n<p><strong>Esta embalagem cont\u00e9m 36 sacos de 30L:<\/strong><\/p>\n<ul>\n<li>12 sacos amarelos<\/li>\n<li>12 sacos verdes<\/li>\n<li>12 sacos azuis<\/li>\n<\/ul>\n<p><strong>Saco Amarelo-\u00a0<\/strong> para armazenar embalagens de pl\u00e1stico e metal.<\/p>\n<p><strong>Saco Verde-\u00a0<\/strong>para armazenar embalagens de vidro. Retire as embalagens do saco e coloque-as no ecoponto verde.<\/p>\n<p><strong>Saco Azul-\u00a0<\/strong>para armazenar papel e cart\u00e3o. Retire as embalagens do saco e coloque-as no ecoponto azul.<\/p>\n<p><strong>Nota:\u00a0<\/strong>N\u00e3o depositar os sacos nos ecopontos verde e azul.<\/p>\n<p>Depois de utilizar cada saco, coloque-os no ecoponto amarelo.<\/p>\n<p>Incluem pelo menos 15% de pl\u00e1stico reciclado na sua composi\u00e7\u00e3o.<\/p>\n<p><strong>Aten\u00e7\u00e3o:\u00a0<\/strong>Para evitar o risco de asfixia ou de estrangulamento, mantenha estes sacos fora do alcance das crian\u00e7as. Manter longe do fogo.<\/p>\n<p>&nbsp;<\/p>\n","protected":false},"excerpt":{"rendered":"<p>0.07\u20ac\/un<\/p>\n","protected":false},"featured_media":64579,"comment_status":"closed","ping_status":"closed","template":"","meta":{"_themeisle_gutenberg_block_has_review":false},"product_brand":[],"product_cat":[192,250,237,190,681,543,706],"product_tag":[593],"woo-feed-brand":[],"class_list":{"0":"post-64557","1":"product","2":"type-product","3":"status-publish","4":"has-post-thumbnail","6":"product_cat-acessorios-de-cozinha-casa-de-banho","7":"product_cat-ate-ti-negocios","8":"product_cat-casa-jardim","9":"product_cat-desinfetantes-e-limpeza","10":"product_cat-limpeza-higiene-e-limpeza-office","11":"product_cat-limpeza-higiene","12":"product_cat-utilitarios-de-casa","13":"product_tag-novidades","14":"ts_product_brand-amanhecer","16":"first","17":"instock","18":"taxable","19":"shipping-taxable","20":"purchasable","21":"product-type-simple"},"_links":{"self":[{"href":"https:\/\/www.ateti.pt\/loja\/wp-json\/wp\/v2\/product\/64557","targetHints":{"allow":["GET"]}}],"collection":[{"href":"https:\/\/www.ateti.pt\/loja\/wp-json\/wp\/v2\/product"}],"about":[{"href":"https:\/\/www.ateti.pt\/loja\/wp-json\/wp\/v2\/types\/product"}],"replies":[{"embeddable":true,"href":"https:\/\/www.ateti.pt\/loja\/wp-json\/wp\/v2\/comments?post=64557"}],"wp:featuredmedia":[{"embeddable":true,"href":"https:\/\/www.ateti.pt\/loja\/wp-json\/wp\/v2\/media\/64579"}],"wp:attachment":[{"href":"https:\/\/www.ateti.pt\/loja\/wp-json\/wp\/v2\/media?parent=64557"}],"wp:term":[{"taxonomy":"product_brand","embeddable":true,"href":"https:\/\/www.ateti.pt\/loja\/wp-json\/wp\/v2\/product_brand?post=64557"},{"taxonomy":"product_cat","embeddable":true,"href":"https:\/\/www.ateti.pt\/loja\/wp-json\/wp\/v2\/product_cat?post=64557"},{"taxonomy":"product_tag","embeddable":true,"href":"https:\/\/www.ateti.pt\/loja\/wp-json\/wp\/v2\/product_tag?post=64557"},{"taxonomy":"woo-feed-brand","embeddable":true,"href":"https:\/\/www.ateti.pt\/loja\/wp-json\/wp\/v2\/woo-feed-brand?post=64557"}],"curies":[{"name":"wp","href":"https:\/\/api.w.org\/{rel}","templated":true}]}}