{"id":64505,"date":"2024-06-07T12:31:04","date_gmt":"2024-06-07T11:31:04","guid":{"rendered":"https:\/\/www.ateti.pt\/loja\/?post_type=product&#038;p=64505"},"modified":"2024-06-11T09:59:04","modified_gmt":"2024-06-11T08:59:04","slug":"saco-lixo-20un-30l-amanhecer","status":"publish","type":"product","link":"https:\/\/www.ateti.pt\/loja\/produto\/saco-lixo-20un-30l-amanhecer\/","title":{"rendered":"Saco Lixo 20un 30L Amanhecer"},"content":{"rendered":"<p><strong>Saco Lixo Amanhecer<\/strong><\/p>\n<p><strong>Quantidade:\u00a0<\/strong>20un<\/p>\n<p><strong>Capacidade:\u00a0<\/strong>30L<\/p>\n<p>+ Pr\u00e1ticos<\/p>\n<p>+ Resistentes<\/p>\n<p>+Opacos<\/p>\n<p><strong>Modo de utiliza\u00e7\u00e3o:\u00a0<\/strong>Destacar o saco pelo picotado e ajustar ao interior do balde do lixo. Utilizar a cinta que se encontra na boca do saco para fechar eficazmente.<\/p>\n<p><strong>Composi\u00e7\u00e3o:\u00a0<\/strong>Polietilena.<\/p>\n<p><strong>Aten\u00e7\u00e3o:\u00a0<\/strong>Manter esta embalagem afastada das crian\u00e7as para evitar risco de sufoca\u00e7\u00e3o.<\/p>\n<p>&nbsp;<\/p>\n","protected":false},"excerpt":{"rendered":"<p>0.05\u20ac\/un<\/p>\n","protected":false},"featured_media":64506,"comment_status":"closed","ping_status":"closed","template":"","meta":{"_themeisle_gutenberg_block_has_review":false},"product_brand":[],"product_cat":[192,250,237,190,233,204,681,543,706],"product_tag":[593],"woo-feed-brand":[],"class_list":{"0":"post-64505","1":"product","2":"type-product","3":"status-publish","4":"has-post-thumbnail","6":"product_cat-acessorios-de-cozinha-casa-de-banho","7":"product_cat-ate-ti-negocios","8":"product_cat-casa-jardim","9":"product_cat-desinfetantes-e-limpeza","10":"product_cat-diversos-limpeza","11":"product_cat-limpeza","12":"product_cat-limpeza-higiene-e-limpeza-office","13":"product_cat-limpeza-higiene","14":"product_cat-utilitarios-de-casa","15":"product_tag-novidades","16":"ts_product_brand-amanhecer","18":"first","19":"instock","20":"taxable","21":"shipping-taxable","22":"purchasable","23":"product-type-simple"},"_links":{"self":[{"href":"https:\/\/www.ateti.pt\/loja\/wp-json\/wp\/v2\/product\/64505","targetHints":{"allow":["GET"]}}],"collection":[{"href":"https:\/\/www.ateti.pt\/loja\/wp-json\/wp\/v2\/product"}],"about":[{"href":"https:\/\/www.ateti.pt\/loja\/wp-json\/wp\/v2\/types\/product"}],"replies":[{"embeddable":true,"href":"https:\/\/www.ateti.pt\/loja\/wp-json\/wp\/v2\/comments?post=64505"}],"wp:featuredmedia":[{"embeddable":true,"href":"https:\/\/www.ateti.pt\/loja\/wp-json\/wp\/v2\/media\/64506"}],"wp:attachment":[{"href":"https:\/\/www.ateti.pt\/loja\/wp-json\/wp\/v2\/media?parent=64505"}],"wp:term":[{"taxonomy":"product_brand","embeddable":true,"href":"https:\/\/www.ateti.pt\/loja\/wp-json\/wp\/v2\/product_brand?post=64505"},{"taxonomy":"product_cat","embeddable":true,"href":"https:\/\/www.ateti.pt\/loja\/wp-json\/wp\/v2\/product_cat?post=64505"},{"taxonomy":"product_tag","embeddable":true,"href":"https:\/\/www.ateti.pt\/loja\/wp-json\/wp\/v2\/product_tag?post=64505"},{"taxonomy":"woo-feed-brand","embeddable":true,"href":"https:\/\/www.ateti.pt\/loja\/wp-json\/wp\/v2\/woo-feed-brand?post=64505"}],"curies":[{"name":"wp","href":"https:\/\/api.w.org\/{rel}","templated":true}]}}