{"id":64439,"date":"2024-06-04T16:23:12","date_gmt":"2024-06-04T15:23:12","guid":{"rendered":"https:\/\/www.ateti.pt\/loja\/?post_type=product&#038;p=64439"},"modified":"2025-05-09T12:59:44","modified_gmt":"2025-05-09T11:59:44","slug":"chocolate-culinaria-200g-masterchef","status":"publish","type":"product","link":"https:\/\/www.ateti.pt\/loja\/produto\/chocolate-culinaria-200g-masterchef\/","title":{"rendered":"Chocolate Culin\u00e1ria 200g Masterchef"},"content":{"rendered":"<p>Chocolate Culin\u00e1ria Masterchef<\/p>\n<p><strong>Quantidade:\u00a0<\/strong>200g<\/p>\n<p>43% de Cacau<\/p>\n<p><strong>Ingredientes:\u00a0<\/strong>A\u00e7\u00facar, pasta de cacau, manteiga de cacau, soro de leite em p\u00f3, emulsionante (lecitina de soja) e aroma. Pode conter amendoins e frutos de casca rija.<\/p>\n<p><strong>Valores nutricionais por 100g:\u00a0<\/strong>Energia: 2178kj\/521kcal; L\u00edpidos: 28g, dos quais saturados: 18g; Hidratos de carbono: 58g, dos quais a\u00e7\u00facares: 50g; Fibra: 4.9g; Prote\u00ednas: 6.1g; Sal: 0.13g.<\/p>\n<p>Sugest\u00e3o de receita<\/p>\n<p>Mousse de Chocolate<\/p>\n<p><strong>Ingredientes<\/strong><\/p>\n<p>200g de Chocolate Culin\u00e1ria Masterchef<\/p>\n<p>6 ovos<\/p>\n<p>8 colheres de sopa de a\u00e7\u00facar<\/p>\n<p>1 colher de sobremesa de manteiga<\/p>\n<p><strong>Prepara\u00e7\u00e3o:<\/strong><\/p>\n<p>Pique a tablete de chocolate em peda\u00e7os pequeninos e coloque numa ta\u00e7a de pirex. Leve a derreter em banho-maria o chocolate com a manteiga.<\/p>\n<p>Para o\u00a0<strong>banho-maria<\/strong>\u00a0proceda da seguinte forma: num tacho, coloque um pouco de \u00e1gua e leve ao lume para que ferva. Coloque a ta\u00e7a de pirex dentro do tacho onde j\u00e1 tem a \u00e1gua fervente. Com uma colher, mexa o chocolate, em movimentos circulares, at\u00e9 este derreter completamente. Reserve.<\/p>\n<p>\u00c0 parte, numa batedeira, bata as gemas com o a\u00e7\u00facar at\u00e9 obter uma mistura cremosa. Incorpore o chocolate que reservou.<\/p>\n<p>Bata as claras em castelo e envolva manualmente no preparado anterior, at\u00e9 que fique um creme homog\u00e9neo.<\/p>\n<p>Distribua por ta\u00e7as e leve ao frigor\u00edfico at\u00e9 solidificar.<\/p>\n<p>Posto isto, est\u00e1 pronto a servir.<\/p>\n<p>Bom apetite!<\/p>\n<p>&nbsp;<\/p>\n","protected":false},"excerpt":{"rendered":"<p>12.95\u20ac\/kg<\/p>\n","protected":false},"featured_media":64440,"comment_status":"closed","ping_status":"closed","template":"","meta":{"_themeisle_gutenberg_block_has_review":false},"product_brand":[],"product_cat":[25,144,132],"product_tag":[],"woo-feed-brand":[],"class_list":{"0":"post-64439","1":"product","2":"type-product","3":"status-publish","4":"has-post-thumbnail","6":"product_cat-chocolates","7":"product_cat-chocolates-biscoitos-e-cereais","8":"product_cat-mercearia","9":"ts_product_brand-masterchef","11":"first","12":"instock","13":"taxable","14":"shipping-taxable","15":"purchasable","16":"product-type-simple"},"_links":{"self":[{"href":"https:\/\/www.ateti.pt\/loja\/wp-json\/wp\/v2\/product\/64439","targetHints":{"allow":["GET"]}}],"collection":[{"href":"https:\/\/www.ateti.pt\/loja\/wp-json\/wp\/v2\/product"}],"about":[{"href":"https:\/\/www.ateti.pt\/loja\/wp-json\/wp\/v2\/types\/product"}],"replies":[{"embeddable":true,"href":"https:\/\/www.ateti.pt\/loja\/wp-json\/wp\/v2\/comments?post=64439"}],"wp:featuredmedia":[{"embeddable":true,"href":"https:\/\/www.ateti.pt\/loja\/wp-json\/wp\/v2\/media\/64440"}],"wp:attachment":[{"href":"https:\/\/www.ateti.pt\/loja\/wp-json\/wp\/v2\/media?parent=64439"}],"wp:term":[{"taxonomy":"product_brand","embeddable":true,"href":"https:\/\/www.ateti.pt\/loja\/wp-json\/wp\/v2\/product_brand?post=64439"},{"taxonomy":"product_cat","embeddable":true,"href":"https:\/\/www.ateti.pt\/loja\/wp-json\/wp\/v2\/product_cat?post=64439"},{"taxonomy":"product_tag","embeddable":true,"href":"https:\/\/www.ateti.pt\/loja\/wp-json\/wp\/v2\/product_tag?post=64439"},{"taxonomy":"woo-feed-brand","embeddable":true,"href":"https:\/\/www.ateti.pt\/loja\/wp-json\/wp\/v2\/woo-feed-brand?post=64439"}],"curies":[{"name":"wp","href":"https:\/\/api.w.org\/{rel}","templated":true}]}}