{"id":64167,"date":"2025-09-01T19:44:34","date_gmt":"2025-09-01T18:44:34","guid":{"rendered":"https:\/\/www.ateti.pt\/loja\/?post_type=product&#038;p=64167"},"modified":"2025-10-20T12:55:35","modified_gmt":"2025-10-20T11:55:35","slug":"castanha-cozida-sem-pele-100g-frutorra","status":"publish","type":"product","link":"https:\/\/www.ateti.pt\/loja\/produto\/castanha-cozida-sem-pele-100g-frutorra\/","title":{"rendered":"Castanha Cozida Sem Pele 100g Frutorra"},"content":{"rendered":"<p>Castanha Cozida Sem Pele Frutorra<\/p>\n<p><strong>Quantidade:\u00a0<\/strong>100g<\/p>\n<p>Sem a\u00e7\u00facares adicionados.<\/p>\n<p>Produto pronto a comer.<\/p>\n<p>Ingredientes: Castanhas, embaladas em atmosfera protetora.<\/p>\n<p>Valores nutricionais por 100g de produto: Energia: 809kj\/192kcal; L\u00edpidos: 1.4g, dos quais saturados: 0.4g; Hidratos de carbono: 36g, dos quais a\u00e7\u00facares: 8.5g; Fibras: 7.8g; Prote\u00ednas: 4.8g; sal: 0.5g<\/p>\n<p>Precau\u00e7\u00f5es: N\u00e3o \u00e9 recomendado o consumo a crian\u00e7as pequenas, devido ao risco de asfixia.<\/p>\n<p>Condi\u00e7\u00f5es de conserva\u00e7\u00e3o:<\/p>\n<p>Conservar em local fresco e seco. Proteger da luz solar. Ap\u00f3s abertura, conservar no frigor\u00edfico e consumir no m\u00e1ximo em 48 horas.<\/p>\n<p>&nbsp;<\/p>\n","protected":false},"excerpt":{"rendered":"<p>25.9\u20ac\/kg<\/p>\n","protected":false},"featured_media":64169,"comment_status":"closed","ping_status":"closed","template":"","meta":{"_themeisle_gutenberg_block_has_review":false},"product_brand":[],"product_cat":[206,176,194,197,132],"product_tag":[593],"woo-feed-brand":[],"class_list":{"0":"post-64167","1":"product","2":"type-product","3":"status-publish","4":"has-post-thumbnail","6":"product_cat-aperitivos","7":"product_cat-diversos","8":"product_cat-frutas-e-legumes","9":"product_cat-frutossecos","10":"product_cat-mercearia","11":"product_tag-novidades","12":"ts_product_brand-frutorra","14":"first","15":"instock","16":"taxable","17":"shipping-taxable","18":"purchasable","19":"product-type-simple"},"_links":{"self":[{"href":"https:\/\/www.ateti.pt\/loja\/wp-json\/wp\/v2\/product\/64167","targetHints":{"allow":["GET"]}}],"collection":[{"href":"https:\/\/www.ateti.pt\/loja\/wp-json\/wp\/v2\/product"}],"about":[{"href":"https:\/\/www.ateti.pt\/loja\/wp-json\/wp\/v2\/types\/product"}],"replies":[{"embeddable":true,"href":"https:\/\/www.ateti.pt\/loja\/wp-json\/wp\/v2\/comments?post=64167"}],"wp:featuredmedia":[{"embeddable":true,"href":"https:\/\/www.ateti.pt\/loja\/wp-json\/wp\/v2\/media\/64169"}],"wp:attachment":[{"href":"https:\/\/www.ateti.pt\/loja\/wp-json\/wp\/v2\/media?parent=64167"}],"wp:term":[{"taxonomy":"product_brand","embeddable":true,"href":"https:\/\/www.ateti.pt\/loja\/wp-json\/wp\/v2\/product_brand?post=64167"},{"taxonomy":"product_cat","embeddable":true,"href":"https:\/\/www.ateti.pt\/loja\/wp-json\/wp\/v2\/product_cat?post=64167"},{"taxonomy":"product_tag","embeddable":true,"href":"https:\/\/www.ateti.pt\/loja\/wp-json\/wp\/v2\/product_tag?post=64167"},{"taxonomy":"woo-feed-brand","embeddable":true,"href":"https:\/\/www.ateti.pt\/loja\/wp-json\/wp\/v2\/woo-feed-brand?post=64167"}],"curies":[{"name":"wp","href":"https:\/\/api.w.org\/{rel}","templated":true}]}}