{"id":63942,"date":"2024-05-15T16:28:21","date_gmt":"2024-05-15T15:28:21","guid":{"rendered":"https:\/\/www.ateti.pt\/loja\/?post_type=product&#038;p=63942"},"modified":"2024-12-02T10:51:45","modified_gmt":"2024-12-02T10:51:45","slug":"chocolate-de-leite-com-amendoas-sem-adicao-de-acucares-100g-amanhecer","status":"publish","type":"product","link":"https:\/\/www.ateti.pt\/loja\/produto\/chocolate-de-leite-com-amendoas-sem-adicao-de-acucares-100g-amanhecer\/","title":{"rendered":"Chocolate de Leite com Am\u00eandoas Sem Adi\u00e7\u00e3o de A\u00e7\u00facares 100g Amanhecer"},"content":{"rendered":"<p><strong>Chocolate de Leite Amanhecer<\/strong><\/p>\n<p><strong>Quantidade:\u00a0<\/strong>100g<\/p>\n<p>Chocolate de Leite com Am\u00eandoas Sem Adi\u00e7\u00e3o de A\u00e7\u00facares<\/p>\n<p>30% de Cacau<\/p>\n<p>Cont\u00e9m edulcorante. Cont\u00e9m a\u00e7\u00facares naturalmente presentes. O seu consumo excessivo pode ter efeitos laxativos. Alto teor em Fibra, F\u00f3sforo e Ferro. Fonte de Vitamina B12, C\u00e1lcio e Magn\u00e9sio.<\/p>\n<p><strong>Ingredientes:\u00a0<\/strong>Edulcorante(maltitol), leite em p\u00f3, manteiga de cacau, am\u00eandoas(15%), pasta de cacau, fibra(inulina), mat\u00e9ria gorda l\u00e1ctea anidra, soro de leite em p\u00f3, emulsionante (lecitina de soja), aroma.<\/p>\n<p>Pode conter vest\u00edgios de cereais que cont\u00eam gl\u00faten, amendoins e outros frutos de casca rija. Pode conter casca de am\u00eandoa.<\/p>\n<p><strong>Valores nutricionais por 100g de produto:\u00a0<\/strong>Energia: 2036kj\/492kcal; L\u00edpidos:35g, dos quais saturados: 18.6g; Hidratos de Carbono: 42.4g, dos quais a\u00e7\u00facares:8.4g; Fibra:9.9g; Prote\u00ednas: 9.3g; Sal:0.2g.<\/p>\n<p>&nbsp;<\/p>\n","protected":false},"excerpt":{"rendered":"<p>15.9\u20ac\/kg<\/p>\n","protected":false},"featured_media":63943,"comment_status":"closed","ping_status":"closed","template":"","meta":{"_themeisle_gutenberg_block_has_review":false},"product_brand":[],"product_cat":[207,25,144,132,217],"product_tag":[593],"woo-feed-brand":[],"class_list":{"0":"post-63942","1":"product","2":"type-product","3":"status-publish","4":"has-post-thumbnail","6":"product_cat-bio-saudavel","7":"product_cat-chocolates","8":"product_cat-chocolates-biscoitos-e-cereais","9":"product_cat-mercearia","10":"product_cat-sem-acucar","11":"product_tag-novidades","12":"ts_product_brand-amanhecer","14":"first","15":"instock","16":"taxable","17":"shipping-taxable","18":"purchasable","19":"product-type-simple"},"_links":{"self":[{"href":"https:\/\/www.ateti.pt\/loja\/wp-json\/wp\/v2\/product\/63942","targetHints":{"allow":["GET"]}}],"collection":[{"href":"https:\/\/www.ateti.pt\/loja\/wp-json\/wp\/v2\/product"}],"about":[{"href":"https:\/\/www.ateti.pt\/loja\/wp-json\/wp\/v2\/types\/product"}],"replies":[{"embeddable":true,"href":"https:\/\/www.ateti.pt\/loja\/wp-json\/wp\/v2\/comments?post=63942"}],"wp:featuredmedia":[{"embeddable":true,"href":"https:\/\/www.ateti.pt\/loja\/wp-json\/wp\/v2\/media\/63943"}],"wp:attachment":[{"href":"https:\/\/www.ateti.pt\/loja\/wp-json\/wp\/v2\/media?parent=63942"}],"wp:term":[{"taxonomy":"product_brand","embeddable":true,"href":"https:\/\/www.ateti.pt\/loja\/wp-json\/wp\/v2\/product_brand?post=63942"},{"taxonomy":"product_cat","embeddable":true,"href":"https:\/\/www.ateti.pt\/loja\/wp-json\/wp\/v2\/product_cat?post=63942"},{"taxonomy":"product_tag","embeddable":true,"href":"https:\/\/www.ateti.pt\/loja\/wp-json\/wp\/v2\/product_tag?post=63942"},{"taxonomy":"woo-feed-brand","embeddable":true,"href":"https:\/\/www.ateti.pt\/loja\/wp-json\/wp\/v2\/woo-feed-brand?post=63942"}],"curies":[{"name":"wp","href":"https:\/\/api.w.org\/{rel}","templated":true}]}}