{"id":63880,"date":"2024-05-14T14:36:33","date_gmt":"2024-05-14T13:36:33","guid":{"rendered":"https:\/\/www.ateti.pt\/loja\/?post_type=product&#038;p=63880"},"modified":"2025-11-04T12:13:22","modified_gmt":"2025-11-04T12:13:22","slug":"esponja-magica-ultra-pro","status":"publish","type":"product","link":"https:\/\/www.ateti.pt\/loja\/produto\/esponja-magica-ultra-pro\/","title":{"rendered":"Esponja M\u00e1gica Ultra Pro"},"content":{"rendered":"<p><strong>Esponja M\u00e1gica Ultra Pro<\/strong><\/p>\n<p>Elimina a sujidade mais dif\u00edcil<\/p>\n<p>Ideal para remover sujidades entranhadas<\/p>\n<p>Remove riscos de caneta e l\u00e1pis de cera<\/p>\n<p>Elimina a sujidade mais dif\u00edcil em superf\u00edcies como frigor\u00edficos, m\u00e1quinas de lavar e outros eletrodom\u00e9sticos. Ideal para remover manchas e riscos de superf\u00edcies lav\u00e1veis que possuam sujidades entranhadas.<\/p>\n<p>Produto adequado para a limpeza de sapatilhas de desporto, portas, soalho, objetos de pl\u00e1stico, etc.<\/p>\n<p>Possui uma esponja absorvente(suporte) que dispensa a passagem de panos ou papel para a secagem da zona ap\u00f3s tratamento.<\/p>\n<p><strong>Composi\u00e7\u00e3o:\u00a0<\/strong>Espuma de Melamina(branca), Espuma de Pulioretano(suporte).<\/p>\n<p>Enxaguar antes de cada utiliza\u00e7\u00e3o. N\u00e3o \u00e9 aconselhada a utiliza\u00e7\u00e3o em seco.<\/p>\n<p>A efic\u00e1cia da a\u00e7\u00e3o d\u00e1-se a h\u00famido, ou seja, com a espuma branca humedecida, permitindo assim reduzir as for\u00e7as de tens\u00e3o da sujidade e remov\u00ea-las por a\u00e7\u00e3o micro abrasiva profunda.<\/p>\n<p>A <strong>Esponja M\u00e1gica Ultra Pro\u00a0<\/strong>foi desenvolvida para a remo\u00e7\u00e3o da sujidade mais entranhada . N\u00e3o necessita detergentes ou outros produtos de limpeza.<\/p>\n<p>&nbsp;<\/p>\n","protected":false},"excerpt":{"rendered":"<p>0.89\u20ac\/un<\/p>\n","protected":false},"featured_media":63893,"comment_status":"closed","ping_status":"closed","template":"","meta":{"_themeisle_gutenberg_block_has_review":false},"product_brand":[],"product_cat":[250,237,233,681,204,543,706],"product_tag":[593],"woo-feed-brand":[],"class_list":{"0":"post-63880","1":"product","2":"type-product","3":"status-publish","4":"has-post-thumbnail","6":"product_cat-ate-ti-negocios","7":"product_cat-casa-jardim","8":"product_cat-diversos-limpeza","9":"product_cat-limpeza-higiene-e-limpeza-office","10":"product_cat-limpeza","11":"product_cat-limpeza-higiene","12":"product_cat-utilitarios-de-casa","13":"product_tag-novidades","14":"ts_product_brand-ultra-pro","16":"first","17":"instock","18":"taxable","19":"shipping-taxable","20":"purchasable","21":"product-type-simple"},"_links":{"self":[{"href":"https:\/\/www.ateti.pt\/loja\/wp-json\/wp\/v2\/product\/63880","targetHints":{"allow":["GET"]}}],"collection":[{"href":"https:\/\/www.ateti.pt\/loja\/wp-json\/wp\/v2\/product"}],"about":[{"href":"https:\/\/www.ateti.pt\/loja\/wp-json\/wp\/v2\/types\/product"}],"replies":[{"embeddable":true,"href":"https:\/\/www.ateti.pt\/loja\/wp-json\/wp\/v2\/comments?post=63880"}],"wp:featuredmedia":[{"embeddable":true,"href":"https:\/\/www.ateti.pt\/loja\/wp-json\/wp\/v2\/media\/63893"}],"wp:attachment":[{"href":"https:\/\/www.ateti.pt\/loja\/wp-json\/wp\/v2\/media?parent=63880"}],"wp:term":[{"taxonomy":"product_brand","embeddable":true,"href":"https:\/\/www.ateti.pt\/loja\/wp-json\/wp\/v2\/product_brand?post=63880"},{"taxonomy":"product_cat","embeddable":true,"href":"https:\/\/www.ateti.pt\/loja\/wp-json\/wp\/v2\/product_cat?post=63880"},{"taxonomy":"product_tag","embeddable":true,"href":"https:\/\/www.ateti.pt\/loja\/wp-json\/wp\/v2\/product_tag?post=63880"},{"taxonomy":"woo-feed-brand","embeddable":true,"href":"https:\/\/www.ateti.pt\/loja\/wp-json\/wp\/v2\/woo-feed-brand?post=63880"}],"curies":[{"name":"wp","href":"https:\/\/api.w.org\/{rel}","templated":true}]}}