{"id":63822,"date":"2025-07-28T10:56:43","date_gmt":"2025-07-28T09:56:43","guid":{"rendered":"https:\/\/www.ateti.pt\/loja\/?post_type=product&#038;p=63822"},"modified":"2026-01-26T15:56:03","modified_gmt":"2026-01-26T15:56:03","slug":"maquina-de-cafe-genio-s-plus-preta-dolce-gusto-krups","status":"publish","type":"product","link":"https:\/\/www.ateti.pt\/loja\/produto\/maquina-de-cafe-genio-s-plus-preta-dolce-gusto-krups\/","title":{"rendered":"M\u00e1quina de Caf\u00e9 Genio S Plus Preta Dolce Gusto Krups"},"content":{"rendered":"<p>M\u00e1quina de Caf\u00e9 Genio S Plus Preta Dolce Gusto Krups<\/p>\n","protected":false},"excerpt":{"rendered":"<p>69.99\u20ac unid<\/p>\n","protected":false},"featured_media":63823,"comment_status":"closed","ping_status":"closed","template":"","meta":{"_themeisle_gutenberg_block_has_review":false},"product_brand":[],"product_cat":[250,120,693,141],"product_tag":[],"woo-feed-brand":[],"class_list":{"0":"post-63822","1":"product","2":"type-product","3":"status-publish","4":"has-post-thumbnail","6":"product_cat-ate-ti-negocios","7":"product_cat-maquinas","8":"product_cat-maquinas-de-cafe","9":"product_cat-maquinas-e-acessorios","11":"first","12":"outofstock","13":"sale","14":"taxable","15":"shipping-taxable","16":"purchasable","17":"product-type-simple"},"_links":{"self":[{"href":"https:\/\/www.ateti.pt\/loja\/wp-json\/wp\/v2\/product\/63822","targetHints":{"allow":["GET"]}}],"collection":[{"href":"https:\/\/www.ateti.pt\/loja\/wp-json\/wp\/v2\/product"}],"about":[{"href":"https:\/\/www.ateti.pt\/loja\/wp-json\/wp\/v2\/types\/product"}],"replies":[{"embeddable":true,"href":"https:\/\/www.ateti.pt\/loja\/wp-json\/wp\/v2\/comments?post=63822"}],"wp:featuredmedia":[{"embeddable":true,"href":"https:\/\/www.ateti.pt\/loja\/wp-json\/wp\/v2\/media\/63823"}],"wp:attachment":[{"href":"https:\/\/www.ateti.pt\/loja\/wp-json\/wp\/v2\/media?parent=63822"}],"wp:term":[{"taxonomy":"product_brand","embeddable":true,"href":"https:\/\/www.ateti.pt\/loja\/wp-json\/wp\/v2\/product_brand?post=63822"},{"taxonomy":"product_cat","embeddable":true,"href":"https:\/\/www.ateti.pt\/loja\/wp-json\/wp\/v2\/product_cat?post=63822"},{"taxonomy":"product_tag","embeddable":true,"href":"https:\/\/www.ateti.pt\/loja\/wp-json\/wp\/v2\/product_tag?post=63822"},{"taxonomy":"woo-feed-brand","embeddable":true,"href":"https:\/\/www.ateti.pt\/loja\/wp-json\/wp\/v2\/woo-feed-brand?post=63822"}],"curies":[{"name":"wp","href":"https:\/\/api.w.org\/{rel}","templated":true}]}}