{"id":63768,"date":"2024-05-08T10:46:37","date_gmt":"2024-05-08T10:46:37","guid":{"rendered":"https:\/\/www.ateti.pt\/loja\/?post_type=product&#038;p=63768"},"modified":"2024-05-08T10:49:08","modified_gmt":"2024-05-08T10:49:08","slug":"espuma-caracois-perfeitos-200ml-pantene","status":"publish","type":"product","link":"https:\/\/www.ateti.pt\/loja\/produto\/espuma-caracois-perfeitos-200ml-pantene\/","title":{"rendered":"Espuma Carac\u00f3is Perfeitos 200ml Pantene"},"content":{"rendered":"<p><strong>Espuma Carac\u00f3is Perfeitos Pantene<\/strong><\/p>\n<p><strong>Quantidade: <\/strong>200ml<\/p>\n<p><strong>N\u00edvel de Fixa\u00e7\u00e3o 5<\/strong><\/p>\n<p>O milagre para o teu penteado!<\/p>\n<p>Espuma Volume Perfeito Pantene, hidratante , infundida com complexo Pro-V e biotina, que torna o cabelo mais espesso e lhe d\u00e1 uma apar\u00eancia mais volumosa, deixando o cabelo suave durante todo o dia. Estilo milagroso e prote\u00e7\u00e3o do cabelo num s\u00f3 produto.<\/p>\n<p><strong>Modo de Utiliza\u00e7\u00e3o: <\/strong>Agitar bem e aplicar sobre o cabelo molhado ou seco. N\u00e3o enxaguar.<\/p>\n<p>&nbsp;<\/p>\n<p>&nbsp;<\/p>\n","protected":false},"excerpt":{"rendered":"<p>19.95\u20ac\/lt<\/p>\n","protected":false},"featured_media":63769,"comment_status":"closed","ping_status":"closed","template":"","meta":{"_themeisle_gutenberg_block_has_review":false},"product_brand":[],"product_cat":[203,211],"product_tag":[593],"woo-feed-brand":[],"class_list":{"0":"post-63768","1":"product","2":"type-product","3":"status-publish","4":"has-post-thumbnail","6":"product_cat-beleza-e-higiene","7":"product_cat-cabelo","8":"product_tag-novidades","9":"ts_product_brand-pantene","11":"first","12":"instock","13":"sale","14":"taxable","15":"shipping-taxable","16":"purchasable","17":"product-type-simple"},"_links":{"self":[{"href":"https:\/\/www.ateti.pt\/loja\/wp-json\/wp\/v2\/product\/63768","targetHints":{"allow":["GET"]}}],"collection":[{"href":"https:\/\/www.ateti.pt\/loja\/wp-json\/wp\/v2\/product"}],"about":[{"href":"https:\/\/www.ateti.pt\/loja\/wp-json\/wp\/v2\/types\/product"}],"replies":[{"embeddable":true,"href":"https:\/\/www.ateti.pt\/loja\/wp-json\/wp\/v2\/comments?post=63768"}],"wp:featuredmedia":[{"embeddable":true,"href":"https:\/\/www.ateti.pt\/loja\/wp-json\/wp\/v2\/media\/63769"}],"wp:attachment":[{"href":"https:\/\/www.ateti.pt\/loja\/wp-json\/wp\/v2\/media?parent=63768"}],"wp:term":[{"taxonomy":"product_brand","embeddable":true,"href":"https:\/\/www.ateti.pt\/loja\/wp-json\/wp\/v2\/product_brand?post=63768"},{"taxonomy":"product_cat","embeddable":true,"href":"https:\/\/www.ateti.pt\/loja\/wp-json\/wp\/v2\/product_cat?post=63768"},{"taxonomy":"product_tag","embeddable":true,"href":"https:\/\/www.ateti.pt\/loja\/wp-json\/wp\/v2\/product_tag?post=63768"},{"taxonomy":"woo-feed-brand","embeddable":true,"href":"https:\/\/www.ateti.pt\/loja\/wp-json\/wp\/v2\/woo-feed-brand?post=63768"}],"curies":[{"name":"wp","href":"https:\/\/api.w.org\/{rel}","templated":true}]}}