{"id":63564,"date":"2024-04-29T17:03:20","date_gmt":"2024-04-29T17:03:20","guid":{"rendered":"https:\/\/www.ateti.pt\/loja\/?post_type=product&#038;p=63564"},"modified":"2025-11-16T22:59:01","modified_gmt":"2025-11-16T22:59:01","slug":"conjunto-chavenas-de-cafe-6un-c-pires","status":"publish","type":"product","link":"https:\/\/www.ateti.pt\/loja\/produto\/conjunto-chavenas-de-cafe-6un-c-pires\/","title":{"rendered":"Conjunto de 6 Ch\u00e1venas de Caf\u00e9 com Pires"},"content":{"rendered":"<p>Conjunto Ch\u00e1venas de Caf\u00e9 de Vidro<\/p>\n<p>Constitu\u00eddo por 6 ch\u00e1venas e 6 pires de caf\u00e9<\/p>\n<p><strong>Medida:<\/strong> 100ml<\/p>\n<p>&nbsp;<\/p>\n","protected":false},"excerpt":{"rendered":"<p>0.88\u20ac\/un<\/p>\n","protected":false},"featured_media":63565,"comment_status":"closed","ping_status":"closed","template":"","meta":{"_themeisle_gutenberg_block_has_review":false},"product_brand":[],"product_cat":[121,24,141],"product_tag":[593],"woo-feed-brand":[],"class_list":{"0":"post-63564","1":"product","2":"type-product","3":"status-publish","4":"has-post-thumbnail","6":"product_cat-acessorios","7":"product_cat-cafe-moido-em-grao-e-soluvel","8":"product_cat-maquinas-e-acessorios","9":"product_tag-novidades","11":"first","12":"instock","13":"taxable","14":"shipping-taxable","15":"purchasable","16":"product-type-simple"},"_links":{"self":[{"href":"https:\/\/www.ateti.pt\/loja\/wp-json\/wp\/v2\/product\/63564","targetHints":{"allow":["GET"]}}],"collection":[{"href":"https:\/\/www.ateti.pt\/loja\/wp-json\/wp\/v2\/product"}],"about":[{"href":"https:\/\/www.ateti.pt\/loja\/wp-json\/wp\/v2\/types\/product"}],"replies":[{"embeddable":true,"href":"https:\/\/www.ateti.pt\/loja\/wp-json\/wp\/v2\/comments?post=63564"}],"wp:featuredmedia":[{"embeddable":true,"href":"https:\/\/www.ateti.pt\/loja\/wp-json\/wp\/v2\/media\/63565"}],"wp:attachment":[{"href":"https:\/\/www.ateti.pt\/loja\/wp-json\/wp\/v2\/media?parent=63564"}],"wp:term":[{"taxonomy":"product_brand","embeddable":true,"href":"https:\/\/www.ateti.pt\/loja\/wp-json\/wp\/v2\/product_brand?post=63564"},{"taxonomy":"product_cat","embeddable":true,"href":"https:\/\/www.ateti.pt\/loja\/wp-json\/wp\/v2\/product_cat?post=63564"},{"taxonomy":"product_tag","embeddable":true,"href":"https:\/\/www.ateti.pt\/loja\/wp-json\/wp\/v2\/product_tag?post=63564"},{"taxonomy":"woo-feed-brand","embeddable":true,"href":"https:\/\/www.ateti.pt\/loja\/wp-json\/wp\/v2\/woo-feed-brand?post=63564"}],"curies":[{"name":"wp","href":"https:\/\/api.w.org\/{rel}","templated":true}]}}