{"id":63538,"date":"2024-04-29T15:16:22","date_gmt":"2024-04-29T15:16:22","guid":{"rendered":"https:\/\/www.ateti.pt\/loja\/?post_type=product&#038;p=63538"},"modified":"2025-07-23T18:01:34","modified_gmt":"2025-07-23T17:01:34","slug":"creme-hidratante-after-sun-400ml-be-beauty","status":"publish","type":"product","link":"https:\/\/www.ateti.pt\/loja\/produto\/creme-hidratante-after-sun-400ml-be-beauty\/","title":{"rendered":"Creme Hidratante After Sun 400ml Be Beauty"},"content":{"rendered":"<p><strong>Creme Hidratante After Sun Be Beauty<\/strong><\/p>\n<p><strong>Quantidade:\u00a0<\/strong>400ml<\/p>\n<p>A Lo\u00e7\u00e3o Solar After Sun hidratnte promove um cuidado especial \u00e0 pele ap\u00f3s a exposi\u00e7\u00e3o solar. Cont\u00e9m ingredientes hidratantes e reparadores que ajudam a promover a suavidade da pele, para al\u00e9m de ajudar a aliviar a sensa\u00e7\u00e3o de ardor endirecimento que se produz, ap\u00f3s a exposi\u00e7\u00e3o solar.<\/p>\n<p>Cont\u00e9m extrato de Aloe Vera, glicerina e alanto\u00edna para um maior cuidado da pele.<\/p>\n<p>Dermatologicamente testado.<\/p>\n<p>Para todo o tipo de peles.<\/p>\n<p>Sem ingredientes de origem animal.<\/p>\n<p><strong>Modo de utiliza\u00e7\u00e3o:\u00a0<\/strong>Aplicar uma dose generosa e uniforme sobre a pele do corpo totalmente limpa e seca depois de exposi\u00e7\u00e3o ao sol. Espalhar mediante uma massagem suave at\u00e9 \u00e0 sua absor\u00e7\u00e3o total.<\/p>\n<p><strong>Precau\u00e7\u00f5es de utiliza\u00e7\u00e3o:\u00a0<\/strong>N\u00e3o ingerir. Uso externo. Manter fora do alcance das crian\u00e7as. Evitar o contacto com os olhos. Em caso de contacto com os olhos, enxaguar abundantemente com \u00e1gua. Evitar o contacto com os tecidos, pois pode causar manchas. Este produto n\u00e3o protege contra a radia\u00e7\u00e3o solar.<\/p>\n<p>&nbsp;<\/p>\n<p>&nbsp;<\/p>\n","protected":false},"excerpt":{"rendered":"<p>9.72\u20ac\/lt<\/p>\n","protected":false},"featured_media":63550,"comment_status":"closed","ping_status":"closed","template":"","meta":{"_themeisle_gutenberg_block_has_review":false},"product_brand":[],"product_cat":[203,212,800,726],"product_tag":[],"woo-feed-brand":[],"class_list":{"0":"post-63538","1":"product","2":"type-product","3":"status-publish","4":"has-post-thumbnail","6":"product_cat-beleza-e-higiene","7":"product_cat-corpo","8":"product_cat-protecao-solar-e-bronzeadores","9":"product_cat-verao","10":"ts_product_brand-be-beauty","12":"first","13":"instock","14":"taxable","15":"shipping-taxable","16":"purchasable","17":"product-type-simple"},"_links":{"self":[{"href":"https:\/\/www.ateti.pt\/loja\/wp-json\/wp\/v2\/product\/63538","targetHints":{"allow":["GET"]}}],"collection":[{"href":"https:\/\/www.ateti.pt\/loja\/wp-json\/wp\/v2\/product"}],"about":[{"href":"https:\/\/www.ateti.pt\/loja\/wp-json\/wp\/v2\/types\/product"}],"replies":[{"embeddable":true,"href":"https:\/\/www.ateti.pt\/loja\/wp-json\/wp\/v2\/comments?post=63538"}],"wp:featuredmedia":[{"embeddable":true,"href":"https:\/\/www.ateti.pt\/loja\/wp-json\/wp\/v2\/media\/63550"}],"wp:attachment":[{"href":"https:\/\/www.ateti.pt\/loja\/wp-json\/wp\/v2\/media?parent=63538"}],"wp:term":[{"taxonomy":"product_brand","embeddable":true,"href":"https:\/\/www.ateti.pt\/loja\/wp-json\/wp\/v2\/product_brand?post=63538"},{"taxonomy":"product_cat","embeddable":true,"href":"https:\/\/www.ateti.pt\/loja\/wp-json\/wp\/v2\/product_cat?post=63538"},{"taxonomy":"product_tag","embeddable":true,"href":"https:\/\/www.ateti.pt\/loja\/wp-json\/wp\/v2\/product_tag?post=63538"},{"taxonomy":"woo-feed-brand","embeddable":true,"href":"https:\/\/www.ateti.pt\/loja\/wp-json\/wp\/v2\/woo-feed-brand?post=63538"}],"curies":[{"name":"wp","href":"https:\/\/api.w.org\/{rel}","templated":true}]}}