{"id":63468,"date":"2024-04-24T16:55:25","date_gmt":"2024-04-24T16:55:25","guid":{"rendered":"https:\/\/www.ateti.pt\/loja\/?post_type=product&#038;p=63468"},"modified":"2026-01-12T11:18:49","modified_gmt":"2026-01-12T11:18:49","slug":"protetor-solar-facial-stick-12ml-be-beauty","status":"publish","type":"product","link":"https:\/\/www.ateti.pt\/loja\/produto\/protetor-solar-facial-stick-12ml-be-beauty\/","title":{"rendered":"Protetor Solar Facial Stick 12ml Be Beauty"},"content":{"rendered":"<p><strong>Protetor Solar Facial Stick Be Beauty<\/strong><\/p>\n<p><strong>Quantidade: <\/strong>12ml<\/p>\n<p><strong>Protetor Solar Facial Stick Be Beauty\u00a0<\/strong>adequado a todo o tipo de pele.<\/p>\n<p>O stick transparente FPS 50+ \u00e9 dermatologicamente testado e indicado durante a exposi\u00e7\u00e3o solar. A formula\u00e7\u00e3o, enriquecida com vitamina E, tem a\u00e7\u00e3o hidratante. O fator de prote\u00e7\u00e3o solar SPF 50+ protege efetivamente a pele dos efeitos nocivos dos raios solares UVA UVB. Absorve rapidamente, deixando a pele macia, protegida e suavemente perfumada.<\/p>\n<p>F\u00e1cil absor\u00e7\u00e3o.<\/p>\n<p><strong>Fator de prote\u00e7\u00e3o 50+<\/strong><\/p>\n<p>Resistente \u00e0 \u00e1gua.<\/p>\n<p>Dermatologicamente testado.<\/p>\n<p>&nbsp;<\/p>\n<p>&nbsp;<\/p>\n<p>&nbsp;<\/p>\n<p>&nbsp;<\/p>\n","protected":false},"excerpt":{"rendered":"<p>6.19\u20ac\/un<\/p>\n","protected":false},"featured_media":63470,"comment_status":"closed","ping_status":"closed","template":"","meta":{"_themeisle_gutenberg_block_has_review":false},"product_brand":[],"product_cat":[203,212,800,726],"product_tag":[593],"woo-feed-brand":[],"class_list":{"0":"post-63468","1":"product","2":"type-product","3":"status-publish","4":"has-post-thumbnail","6":"product_cat-beleza-e-higiene","7":"product_cat-corpo","8":"product_cat-protecao-solar-e-bronzeadores","9":"product_cat-verao","10":"product_tag-novidades","11":"ts_product_brand-be-beauty","13":"first","14":"outofstock","15":"taxable","16":"shipping-taxable","17":"purchasable","18":"product-type-simple"},"_links":{"self":[{"href":"https:\/\/www.ateti.pt\/loja\/wp-json\/wp\/v2\/product\/63468","targetHints":{"allow":["GET"]}}],"collection":[{"href":"https:\/\/www.ateti.pt\/loja\/wp-json\/wp\/v2\/product"}],"about":[{"href":"https:\/\/www.ateti.pt\/loja\/wp-json\/wp\/v2\/types\/product"}],"replies":[{"embeddable":true,"href":"https:\/\/www.ateti.pt\/loja\/wp-json\/wp\/v2\/comments?post=63468"}],"wp:featuredmedia":[{"embeddable":true,"href":"https:\/\/www.ateti.pt\/loja\/wp-json\/wp\/v2\/media\/63470"}],"wp:attachment":[{"href":"https:\/\/www.ateti.pt\/loja\/wp-json\/wp\/v2\/media?parent=63468"}],"wp:term":[{"taxonomy":"product_brand","embeddable":true,"href":"https:\/\/www.ateti.pt\/loja\/wp-json\/wp\/v2\/product_brand?post=63468"},{"taxonomy":"product_cat","embeddable":true,"href":"https:\/\/www.ateti.pt\/loja\/wp-json\/wp\/v2\/product_cat?post=63468"},{"taxonomy":"product_tag","embeddable":true,"href":"https:\/\/www.ateti.pt\/loja\/wp-json\/wp\/v2\/product_tag?post=63468"},{"taxonomy":"woo-feed-brand","embeddable":true,"href":"https:\/\/www.ateti.pt\/loja\/wp-json\/wp\/v2\/woo-feed-brand?post=63468"}],"curies":[{"name":"wp","href":"https:\/\/api.w.org\/{rel}","templated":true}]}}