{"id":63211,"date":"2024-04-15T14:19:51","date_gmt":"2024-04-15T14:19:51","guid":{"rendered":"https:\/\/www.ateti.pt\/loja\/?post_type=product&#038;p=63211"},"modified":"2024-05-15T12:51:40","modified_gmt":"2024-05-15T11:51:40","slug":"detergente-lava-loica-original-5l-fairy","status":"publish","type":"product","link":"https:\/\/www.ateti.pt\/loja\/produto\/detergente-lava-loica-original-5l-fairy\/","title":{"rendered":"Detergente Lava Loi\u00e7a Original 5L Fairy"},"content":{"rendered":"<p><strong>Detergente Lava Loi\u00e7a Original Fairy<\/strong><\/p>\n<p><strong>Quantidade:\u00a0<\/strong>5L<\/p>\n<p>Detergente L\u00edquido para a loi\u00e7a.<\/p>\n<p><strong>Aten\u00e7\u00e3o:<\/strong> Provoca irrita\u00e7\u00e3o ocular grave. Nocivo para os organismos aqu\u00e1ticos com efeitos duradouros. Manter fora do alcance das crian\u00e7as. Se entrar em contacto com os olhos, enxaguar cuidadosamente com \u00e1gua durante v\u00e1rios minutos.<\/p>\n<p>&nbsp;<\/p>\n","protected":false},"excerpt":{"rendered":"<p>3.19\u20ac\/lt<\/p>\n","protected":false},"featured_media":63212,"comment_status":"closed","ping_status":"closed","template":"","meta":{"_themeisle_gutenberg_block_has_review":false},"product_brand":[],"product_cat":[250,209,190,191,204,681,543],"product_tag":[],"woo-feed-brand":[],"class_list":{"0":"post-63211","1":"product","2":"type-product","3":"status-publish","4":"has-post-thumbnail","6":"product_cat-ate-ti-negocios","7":"product_cat-cozinha","8":"product_cat-desinfetantes-e-limpeza","9":"product_cat-detergentes","10":"product_cat-limpeza","11":"product_cat-limpeza-higiene-e-limpeza-office","12":"product_cat-limpeza-higiene","13":"ts_product_brand-fairy","15":"first","16":"instock","17":"sale","18":"taxable","19":"shipping-taxable","20":"purchasable","21":"product-type-simple"},"_links":{"self":[{"href":"https:\/\/www.ateti.pt\/loja\/wp-json\/wp\/v2\/product\/63211","targetHints":{"allow":["GET"]}}],"collection":[{"href":"https:\/\/www.ateti.pt\/loja\/wp-json\/wp\/v2\/product"}],"about":[{"href":"https:\/\/www.ateti.pt\/loja\/wp-json\/wp\/v2\/types\/product"}],"replies":[{"embeddable":true,"href":"https:\/\/www.ateti.pt\/loja\/wp-json\/wp\/v2\/comments?post=63211"}],"wp:featuredmedia":[{"embeddable":true,"href":"https:\/\/www.ateti.pt\/loja\/wp-json\/wp\/v2\/media\/63212"}],"wp:attachment":[{"href":"https:\/\/www.ateti.pt\/loja\/wp-json\/wp\/v2\/media?parent=63211"}],"wp:term":[{"taxonomy":"product_brand","embeddable":true,"href":"https:\/\/www.ateti.pt\/loja\/wp-json\/wp\/v2\/product_brand?post=63211"},{"taxonomy":"product_cat","embeddable":true,"href":"https:\/\/www.ateti.pt\/loja\/wp-json\/wp\/v2\/product_cat?post=63211"},{"taxonomy":"product_tag","embeddable":true,"href":"https:\/\/www.ateti.pt\/loja\/wp-json\/wp\/v2\/product_tag?post=63211"},{"taxonomy":"woo-feed-brand","embeddable":true,"href":"https:\/\/www.ateti.pt\/loja\/wp-json\/wp\/v2\/woo-feed-brand?post=63211"}],"curies":[{"name":"wp","href":"https:\/\/api.w.org\/{rel}","templated":true}]}}