{"id":63089,"date":"2024-04-08T11:54:49","date_gmt":"2024-04-08T11:54:49","guid":{"rendered":"https:\/\/www.ateti.pt\/loja\/?post_type=product&#038;p=63089"},"modified":"2026-04-02T15:47:22","modified_gmt":"2026-04-02T14:47:22","slug":"copo-papel-descartavel-03oz-120ml-100un-bonini-nao-disponivel-para-venda","status":"publish","type":"product","link":"https:\/\/www.ateti.pt\/loja\/produto\/copo-papel-descartavel-03oz-120ml-100un-bonini-nao-disponivel-para-venda\/","title":{"rendered":"Copo Papel Descart\u00e1vel 03OZ 120ml (100un) Bonini &#8211; n\u00e3o dispon\u00edvel para venda"},"content":{"rendered":"<p>Copo Papel Descart\u00e1vel 03OZ 120ml (100un) Bonini &#8211; n\u00e3o dispon\u00edvel para venda<\/p>\n","protected":false},"excerpt":{"rendered":"<p>0,04\u20ac \/ unid<\/p>\n","protected":false},"featured_media":62352,"comment_status":"closed","ping_status":"closed","template":"","meta":{"_themeisle_gutenberg_block_has_review":false},"product_brand":[],"product_cat":[121,117,141],"product_tag":[],"woo-feed-brand":[],"class_list":{"0":"post-63089","1":"product","2":"type-product","3":"status-publish","4":"has-post-thumbnail","6":"product_cat-acessorios","7":"product_cat-cafe-em-capsula","8":"product_cat-maquinas-e-acessorios","10":"first","11":"instock","12":"taxable","13":"shipping-taxable","14":"purchasable","15":"product-type-simple"},"_links":{"self":[{"href":"https:\/\/www.ateti.pt\/loja\/wp-json\/wp\/v2\/product\/63089","targetHints":{"allow":["GET"]}}],"collection":[{"href":"https:\/\/www.ateti.pt\/loja\/wp-json\/wp\/v2\/product"}],"about":[{"href":"https:\/\/www.ateti.pt\/loja\/wp-json\/wp\/v2\/types\/product"}],"replies":[{"embeddable":true,"href":"https:\/\/www.ateti.pt\/loja\/wp-json\/wp\/v2\/comments?post=63089"}],"wp:featuredmedia":[{"embeddable":true,"href":"https:\/\/www.ateti.pt\/loja\/wp-json\/wp\/v2\/media\/62352"}],"wp:attachment":[{"href":"https:\/\/www.ateti.pt\/loja\/wp-json\/wp\/v2\/media?parent=63089"}],"wp:term":[{"taxonomy":"product_brand","embeddable":true,"href":"https:\/\/www.ateti.pt\/loja\/wp-json\/wp\/v2\/product_brand?post=63089"},{"taxonomy":"product_cat","embeddable":true,"href":"https:\/\/www.ateti.pt\/loja\/wp-json\/wp\/v2\/product_cat?post=63089"},{"taxonomy":"product_tag","embeddable":true,"href":"https:\/\/www.ateti.pt\/loja\/wp-json\/wp\/v2\/product_tag?post=63089"},{"taxonomy":"woo-feed-brand","embeddable":true,"href":"https:\/\/www.ateti.pt\/loja\/wp-json\/wp\/v2\/woo-feed-brand?post=63089"}],"curies":[{"name":"wp","href":"https:\/\/api.w.org\/{rel}","templated":true}]}}