{"id":62966,"date":"2024-04-02T16:40:53","date_gmt":"2024-04-02T16:40:53","guid":{"rendered":"https:\/\/www.ateti.pt\/loja\/?post_type=product&#038;p=62966"},"modified":"2024-04-02T16:43:20","modified_gmt":"2024-04-02T16:43:20","slug":"batata-frita-lisa-45g-amanhecer","status":"publish","type":"product","link":"https:\/\/www.ateti.pt\/loja\/produto\/batata-frita-lisa-45g-amanhecer\/","title":{"rendered":"Batata Frita Lisa 45g Amanhecer"},"content":{"rendered":"<p><strong>Batata Frita Lisa Amanhecer<\/strong><\/p>\n<p><em>Batatas fritas lisas com sal<\/em><\/p>\n<p><strong>Quantidade:<\/strong> 45g<\/p>\n<p><strong>Ingredientes:\u00a0<\/strong>Batatas (65,1%), \u00f3leo de girassol com alto teor em \u00e1cido oleico (34%), sal (0,9%). Pode conter vest\u00edgios de cereais com gl\u00faten, leite (incluindo lactose), soja e mostarda.<\/p>\n<p><strong>Declara\u00e7\u00e3o Nutricional (por 100g):\u00a0<\/strong>Energia: 223kj\/538kcal; L\u00edpidos: 34g; dos quais Saturados: 3,4g; Hidratos de Carbono: 49g; dos quais A\u00e7\u00facares: 0,7g; Fibra: 4,3g; Prote\u00ednas: 6,9g; Sal: 0,90g.<\/p>\n","protected":false},"excerpt":{"rendered":"<p>17.55\u20ac\/kg<\/p>\n","protected":false},"featured_media":62967,"comment_status":"closed","ping_status":"closed","template":"","meta":{"_themeisle_gutenberg_block_has_review":false},"product_brand":[],"product_cat":[206,132],"product_tag":[593],"woo-feed-brand":[],"class_list":{"0":"post-62966","1":"product","2":"type-product","3":"status-publish","4":"has-post-thumbnail","6":"product_cat-aperitivos","7":"product_cat-mercearia","8":"product_tag-novidades","10":"first","11":"instock","12":"taxable","13":"shipping-taxable","14":"purchasable","15":"product-type-simple"},"_links":{"self":[{"href":"https:\/\/www.ateti.pt\/loja\/wp-json\/wp\/v2\/product\/62966","targetHints":{"allow":["GET"]}}],"collection":[{"href":"https:\/\/www.ateti.pt\/loja\/wp-json\/wp\/v2\/product"}],"about":[{"href":"https:\/\/www.ateti.pt\/loja\/wp-json\/wp\/v2\/types\/product"}],"replies":[{"embeddable":true,"href":"https:\/\/www.ateti.pt\/loja\/wp-json\/wp\/v2\/comments?post=62966"}],"wp:featuredmedia":[{"embeddable":true,"href":"https:\/\/www.ateti.pt\/loja\/wp-json\/wp\/v2\/media\/62967"}],"wp:attachment":[{"href":"https:\/\/www.ateti.pt\/loja\/wp-json\/wp\/v2\/media?parent=62966"}],"wp:term":[{"taxonomy":"product_brand","embeddable":true,"href":"https:\/\/www.ateti.pt\/loja\/wp-json\/wp\/v2\/product_brand?post=62966"},{"taxonomy":"product_cat","embeddable":true,"href":"https:\/\/www.ateti.pt\/loja\/wp-json\/wp\/v2\/product_cat?post=62966"},{"taxonomy":"product_tag","embeddable":true,"href":"https:\/\/www.ateti.pt\/loja\/wp-json\/wp\/v2\/product_tag?post=62966"},{"taxonomy":"woo-feed-brand","embeddable":true,"href":"https:\/\/www.ateti.pt\/loja\/wp-json\/wp\/v2\/woo-feed-brand?post=62966"}],"curies":[{"name":"wp","href":"https:\/\/api.w.org\/{rel}","templated":true}]}}