{"id":62888,"date":"2024-03-28T10:16:23","date_gmt":"2024-03-28T10:16:23","guid":{"rendered":"https:\/\/www.ateti.pt\/loja\/?post_type=product&#038;p=62888"},"modified":"2026-04-21T12:24:09","modified_gmt":"2026-04-21T11:24:09","slug":"areia-aglomerante-com-carvao-activado-5l-kitty","status":"publish","type":"product","link":"https:\/\/www.ateti.pt\/loja\/produto\/areia-aglomerante-com-carvao-activado-5l-kitty\/","title":{"rendered":"Areia Aglomerante com Carv\u00e3o Activado 5L Kitty"},"content":{"rendered":"<p><strong>Areia Aglomerante com Carv\u00e3o Kitty<\/strong><\/p>\n<p><strong>Quantidade:<\/strong> 5L<\/p>\n<p>For\u00e7a Aglomerante Extra; Elimina\u00e7\u00e3o Eficaz de Maus Odores; Baixo N\u00edvel de P\u00f3; Sem Perfume; 100% Natural<\/p>\n","protected":false},"excerpt":{"rendered":"<p>1,12\u20ac\/L<\/p>\n","protected":false},"featured_media":62889,"comment_status":"closed","ping_status":"closed","template":"","meta":{"_themeisle_gutenberg_block_has_review":false},"product_brand":[],"product_cat":[234,236],"product_tag":[],"woo-feed-brand":[],"class_list":{"0":"post-62888","1":"product","2":"type-product","3":"status-publish","4":"has-post-thumbnail","6":"product_cat-animais","7":"product_cat-gatos","8":"ts_product_brand-kitty","10":"first","11":"instock","12":"taxable","13":"shipping-taxable","14":"purchasable","15":"product-type-simple"},"_links":{"self":[{"href":"https:\/\/www.ateti.pt\/loja\/wp-json\/wp\/v2\/product\/62888","targetHints":{"allow":["GET"]}}],"collection":[{"href":"https:\/\/www.ateti.pt\/loja\/wp-json\/wp\/v2\/product"}],"about":[{"href":"https:\/\/www.ateti.pt\/loja\/wp-json\/wp\/v2\/types\/product"}],"replies":[{"embeddable":true,"href":"https:\/\/www.ateti.pt\/loja\/wp-json\/wp\/v2\/comments?post=62888"}],"wp:featuredmedia":[{"embeddable":true,"href":"https:\/\/www.ateti.pt\/loja\/wp-json\/wp\/v2\/media\/62889"}],"wp:attachment":[{"href":"https:\/\/www.ateti.pt\/loja\/wp-json\/wp\/v2\/media?parent=62888"}],"wp:term":[{"taxonomy":"product_brand","embeddable":true,"href":"https:\/\/www.ateti.pt\/loja\/wp-json\/wp\/v2\/product_brand?post=62888"},{"taxonomy":"product_cat","embeddable":true,"href":"https:\/\/www.ateti.pt\/loja\/wp-json\/wp\/v2\/product_cat?post=62888"},{"taxonomy":"product_tag","embeddable":true,"href":"https:\/\/www.ateti.pt\/loja\/wp-json\/wp\/v2\/product_tag?post=62888"},{"taxonomy":"woo-feed-brand","embeddable":true,"href":"https:\/\/www.ateti.pt\/loja\/wp-json\/wp\/v2\/woo-feed-brand?post=62888"}],"curies":[{"name":"wp","href":"https:\/\/api.w.org\/{rel}","templated":true}]}}